{"id":2512,"date":"2025-02-13T08:17:27","date_gmt":"2025-02-13T08:17:27","guid":{"rendered":"https:\/\/padresinteriors.com\/blog\/"},"modified":"2025-04-29T16:51:37","modified_gmt":"2025-04-29T16:51:37","slug":"blog","status":"publish","type":"page","link":"https:\/\/padresinteriors.com\/ca\/blog\/","title":{"rendered":"BLOG"},"content":{"rendered":"\t\t<div data-elementor-type=\"wp-page\" data-elementor-id=\"2512\" class=\"elementor elementor-2512 elementor-2503\" data-elementor-post-type=\"page\">\n\t\t\t\t<div class=\"elementor-element elementor-element-cc572ec e-flex e-con-boxed e-con e-parent\" data-id=\"cc572ec\" data-element_type=\"container\" data-e-type=\"container\">\n\t\t\t\t\t<div class=\"e-con-inner\">\n\t\t\t\t<div class=\"elementor-element elementor-element-3748b68 elementor-grid-3 elementor-grid-tablet-2 elementor-grid-mobile-1 elementor-posts--thumbnail-top elementor-widget elementor-widget-posts\" data-id=\"3748b68\" data-element_type=\"widget\" data-e-type=\"widget\" data-settings=\"{&quot;classic_columns&quot;:&quot;3&quot;,&quot;classic_columns_tablet&quot;:&quot;2&quot;,&quot;classic_columns_mobile&quot;:&quot;1&quot;,&quot;classic_row_gap&quot;:{&quot;unit&quot;:&quot;px&quot;,&quot;size&quot;:35,&quot;sizes&quot;:[]},&quot;classic_row_gap_laptop&quot;:{&quot;unit&quot;:&quot;px&quot;,&quot;size&quot;:&quot;&quot;,&quot;sizes&quot;:[]},&quot;classic_row_gap_tablet&quot;:{&quot;unit&quot;:&quot;px&quot;,&quot;size&quot;:&quot;&quot;,&quot;sizes&quot;:[]},&quot;classic_row_gap_mobile&quot;:{&quot;unit&quot;:&quot;px&quot;,&quot;size&quot;:&quot;&quot;,&quot;sizes&quot;:[]}}\" data-widget_type=\"posts.classic\">\n\t\t\t\t<div class=\"elementor-widget-container\">\n\t\t\t\t\t\t\t<div class=\"elementor-posts-container elementor-posts elementor-posts--skin-classic elementor-grid\" role=\"list\">\n\t\t\t\t<article class=\"elementor-post elementor-grid-item post-2710 post type-post status-publish format-standard has-post-thumbnail hentry category-sin-categorizar\" role=\"listitem\">\n\t\t\t\t<a class=\"elementor-post__thumbnail__link\" href=\"https:\/\/padresinteriors.com\/ca\/estils-de-decoracio-atemporals-que-mai-passen-de-moda\/\" tabindex=\"-1\" >\n\t\t\t<div class=\"elementor-post__thumbnail\"><img fetchpriority=\"high\" decoding=\"async\" width=\"300\" height=\"168\" src=\"https:\/\/padresinteriors.com\/wp-content\/uploads\/2025\/07\/PADRES_INTERIORS_Agost_1600x897-300x168.jpg\" class=\"attachment-medium size-medium wp-image-2715\" alt=\"\" srcset=\"https:\/\/padresinteriors.com\/wp-content\/uploads\/2025\/07\/PADRES_INTERIORS_Agost_1600x897-300x168.jpg 300w, https:\/\/padresinteriors.com\/wp-content\/uploads\/2025\/07\/PADRES_INTERIORS_Agost_1600x897-1024x574.jpg 1024w, https:\/\/padresinteriors.com\/wp-content\/uploads\/2025\/07\/PADRES_INTERIORS_Agost_1600x897-768x431.jpg 768w, https:\/\/padresinteriors.com\/wp-content\/uploads\/2025\/07\/PADRES_INTERIORS_Agost_1600x897-1536x861.jpg 1536w, https:\/\/padresinteriors.com\/wp-content\/uploads\/2025\/07\/PADRES_INTERIORS_Agost_1600x897.jpg 1600w\" sizes=\"(max-width: 300px) 100vw, 300px\" \/><\/div>\n\t\t<\/a>\n\t\t\t\t<div class=\"elementor-post__text\">\n\t\t\t\t<h3 class=\"elementor-post__title\">\n\t\t\t<a href=\"https:\/\/padresinteriors.com\/ca\/estils-de-decoracio-atemporals-que-mai-passen-de-moda\/\" >\n\t\t\t\tEstils de decoraci\u00f3 atemporals que mai passen de moda\t\t\t<\/a>\n\t\t<\/h3>\n\t\t\t\t\t<div class=\"elementor-post__read-more-wrapper\">\n\t\t\n\t\t<a class=\"elementor-post__read-more\" href=\"https:\/\/padresinteriors.com\/ca\/estils-de-decoracio-atemporals-que-mai-passen-de-moda\/\" aria-label=\"Read more about Estils de decoraci\u00f3 atemporals que mai passen de moda\" tabindex=\"-1\" >\n\t\t\t+ INFO\t\t<\/a>\n\n\t\t\t\t\t<\/div>\n\t\t\t\t<\/div>\n\t\t\t\t<\/article>\n\t\t\t\t<article class=\"elementor-post elementor-grid-item post-2666 post type-post status-publish format-standard has-post-thumbnail hentry category-sense-categoritzar\" role=\"listitem\">\n\t\t\t\t<a class=\"elementor-post__thumbnail__link\" href=\"https:\/\/padresinteriors.com\/ca\/transforma-terrassa-jardi-andorra\/\" tabindex=\"-1\" >\n\t\t\t<div class=\"elementor-post__thumbnail\"><img decoding=\"async\" width=\"300\" height=\"168\" src=\"https:\/\/padresinteriors.com\/wp-content\/uploads\/2025\/07\/PADRES_INTERIORS_TERRASSA_1600x897-300x168.jpg\" class=\"attachment-medium size-medium wp-image-2677\" alt=\"\" srcset=\"https:\/\/padresinteriors.com\/wp-content\/uploads\/2025\/07\/PADRES_INTERIORS_TERRASSA_1600x897-300x168.jpg 300w, https:\/\/padresinteriors.com\/wp-content\/uploads\/2025\/07\/PADRES_INTERIORS_TERRASSA_1600x897-1024x574.jpg 1024w, https:\/\/padresinteriors.com\/wp-content\/uploads\/2025\/07\/PADRES_INTERIORS_TERRASSA_1600x897-768x431.jpg 768w, https:\/\/padresinteriors.com\/wp-content\/uploads\/2025\/07\/PADRES_INTERIORS_TERRASSA_1600x897-1536x861.jpg 1536w, https:\/\/padresinteriors.com\/wp-content\/uploads\/2025\/07\/PADRES_INTERIORS_TERRASSA_1600x897.jpg 1600w\" sizes=\"(max-width: 300px) 100vw, 300px\" \/><\/div>\n\t\t<\/a>\n\t\t\t\t<div class=\"elementor-post__text\">\n\t\t\t\t<h3 class=\"elementor-post__title\">\n\t\t\t<a href=\"https:\/\/padresinteriors.com\/ca\/transforma-terrassa-jardi-andorra\/\" >\n\t\t\t\tTransforma la teva terrassa o jard\u00ed a Andorra creant zones funcionals per gaudir-ne tot l&#8217;any\t\t\t<\/a>\n\t\t<\/h3>\n\t\t\t\t\t<div class=\"elementor-post__read-more-wrapper\">\n\t\t\n\t\t<a class=\"elementor-post__read-more\" href=\"https:\/\/padresinteriors.com\/ca\/transforma-terrassa-jardi-andorra\/\" aria-label=\"Read more about Transforma la teva terrassa o jard\u00ed a Andorra creant zones funcionals per gaudir-ne tot l&#8217;any\" tabindex=\"-1\" >\n\t\t\t+ INFO\t\t<\/a>\n\n\t\t\t\t\t<\/div>\n\t\t\t\t<\/div>\n\t\t\t\t<\/article>\n\t\t\t\t<article class=\"elementor-post elementor-grid-item post-2648 post type-post status-publish format-standard has-post-thumbnail hentry category-interorista-andorra category-sense-categoritzar\" role=\"listitem\">\n\t\t\t\t<a class=\"elementor-post__thumbnail__link\" href=\"https:\/\/padresinteriors.com\/ca\/10-idees-de-decoracio-sostenible-com-crear-una-llar-eco-friendly\/\" tabindex=\"-1\" >\n\t\t\t<div class=\"elementor-post__thumbnail\"><img decoding=\"async\" width=\"300\" height=\"168\" src=\"https:\/\/padresinteriors.com\/wp-content\/uploads\/2025\/04\/PADRES_INTERIORS_TEMA_1600x897-300x168.jpg\" class=\"attachment-medium size-medium wp-image-2645\" alt=\"Decoraci\u00f3n sostenible en sal\u00f3n\" srcset=\"https:\/\/padresinteriors.com\/wp-content\/uploads\/2025\/04\/PADRES_INTERIORS_TEMA_1600x897-300x168.jpg 300w, https:\/\/padresinteriors.com\/wp-content\/uploads\/2025\/04\/PADRES_INTERIORS_TEMA_1600x897-1024x574.jpg 1024w, https:\/\/padresinteriors.com\/wp-content\/uploads\/2025\/04\/PADRES_INTERIORS_TEMA_1600x897-768x431.jpg 768w, https:\/\/padresinteriors.com\/wp-content\/uploads\/2025\/04\/PADRES_INTERIORS_TEMA_1600x897-1536x861.jpg 1536w, https:\/\/padresinteriors.com\/wp-content\/uploads\/2025\/04\/PADRES_INTERIORS_TEMA_1600x897.jpg 1600w\" sizes=\"(max-width: 300px) 100vw, 300px\" \/><\/div>\n\t\t<\/a>\n\t\t\t\t<div class=\"elementor-post__text\">\n\t\t\t\t<h3 class=\"elementor-post__title\">\n\t\t\t<a href=\"https:\/\/padresinteriors.com\/ca\/10-idees-de-decoracio-sostenible-com-crear-una-llar-eco-friendly\/\" >\n\t\t\t\t10 Idees de Decoraci\u00f3 Sostenible: Com crear una llar Eco-Friendly\t\t\t<\/a>\n\t\t<\/h3>\n\t\t\t\t\t<div class=\"elementor-post__read-more-wrapper\">\n\t\t\n\t\t<a class=\"elementor-post__read-more\" href=\"https:\/\/padresinteriors.com\/ca\/10-idees-de-decoracio-sostenible-com-crear-una-llar-eco-friendly\/\" aria-label=\"Read more about 10 Idees de Decoraci\u00f3 Sostenible: Com crear una llar Eco-Friendly\" tabindex=\"-1\" >\n\t\t\t+ INFO\t\t<\/a>\n\n\t\t\t\t\t<\/div>\n\t\t\t\t<\/div>\n\t\t\t\t<\/article>\n\t\t\t\t<article class=\"elementor-post elementor-grid-item post-2592 post type-post status-publish format-standard has-post-thumbnail hentry category-interorista-andorra\" role=\"listitem\">\n\t\t\t\t<a class=\"elementor-post__thumbnail__link\" href=\"https:\/\/padresinteriors.com\/ca\/com-decorar-espais-petits\/\" tabindex=\"-1\" >\n\t\t\t<div class=\"elementor-post__thumbnail\"><img loading=\"lazy\" decoding=\"async\" width=\"300\" height=\"168\" src=\"https:\/\/padresinteriors.com\/wp-content\/uploads\/2025\/02\/Padres_interiors_espacios_pequenos_01-300x168.jpg\" class=\"attachment-medium size-medium wp-image-2595\" alt=\"Decorar espacios peque\u00f1os\" srcset=\"https:\/\/padresinteriors.com\/wp-content\/uploads\/2025\/02\/Padres_interiors_espacios_pequenos_01-300x168.jpg 300w, https:\/\/padresinteriors.com\/wp-content\/uploads\/2025\/02\/Padres_interiors_espacios_pequenos_01-1024x574.jpg 1024w, https:\/\/padresinteriors.com\/wp-content\/uploads\/2025\/02\/Padres_interiors_espacios_pequenos_01-768x431.jpg 768w, https:\/\/padresinteriors.com\/wp-content\/uploads\/2025\/02\/Padres_interiors_espacios_pequenos_01-1536x861.jpg 1536w, https:\/\/padresinteriors.com\/wp-content\/uploads\/2025\/02\/Padres_interiors_espacios_pequenos_01.jpg 1600w\" sizes=\"(max-width: 300px) 100vw, 300px\" \/><\/div>\n\t\t<\/a>\n\t\t\t\t<div class=\"elementor-post__text\">\n\t\t\t\t<h3 class=\"elementor-post__title\">\n\t\t\t<a href=\"https:\/\/padresinteriors.com\/ca\/com-decorar-espais-petits\/\" >\n\t\t\t\tCom decorar espais petits: trucs per maximitzar cada metre quadrat de pis a Andorra\t\t\t<\/a>\n\t\t<\/h3>\n\t\t\t\t\t<div class=\"elementor-post__read-more-wrapper\">\n\t\t\n\t\t<a class=\"elementor-post__read-more\" href=\"https:\/\/padresinteriors.com\/ca\/com-decorar-espais-petits\/\" aria-label=\"Read more about Com decorar espais petits: trucs per maximitzar cada metre quadrat de pis a Andorra\" tabindex=\"-1\" >\n\t\t\t+ INFO\t\t<\/a>\n\n\t\t\t\t\t<\/div>\n\t\t\t\t<\/div>\n\t\t\t\t<\/article>\n\t\t\t\t<article class=\"elementor-post elementor-grid-item post-2519 post type-post status-publish format-standard has-post-thumbnail hentry category-interorista-andorra\" role=\"listitem\">\n\t\t\t\t<a class=\"elementor-post__thumbnail__link\" href=\"https:\/\/padresinteriors.com\/ca\/tendencies-decoracio-interiors-2025\/\" tabindex=\"-1\" >\n\t\t\t<div class=\"elementor-post__thumbnail\"><img loading=\"lazy\" decoding=\"async\" width=\"295\" height=\"300\" src=\"https:\/\/padresinteriors.com\/wp-content\/uploads\/2025\/02\/Pantone2025-Padresinterior-295x300.jpg\" class=\"attachment-medium size-medium wp-image-2536\" alt=\"\" srcset=\"https:\/\/padresinteriors.com\/wp-content\/uploads\/2025\/02\/Pantone2025-Padresinterior-295x300.jpg 295w, https:\/\/padresinteriors.com\/wp-content\/uploads\/2025\/02\/Pantone2025-Padresinterior-1007x1024.jpg 1007w, https:\/\/padresinteriors.com\/wp-content\/uploads\/2025\/02\/Pantone2025-Padresinterior-768x781.jpg 768w, https:\/\/padresinteriors.com\/wp-content\/uploads\/2025\/02\/Pantone2025-Padresinterior-1511x1536.jpg 1511w, https:\/\/padresinteriors.com\/wp-content\/uploads\/2025\/02\/Pantone2025-Padresinterior.jpg 1678w\" sizes=\"(max-width: 295px) 100vw, 295px\" \/><\/div>\n\t\t<\/a>\n\t\t\t\t<div class=\"elementor-post__text\">\n\t\t\t\t<h3 class=\"elementor-post__title\">\n\t\t\t<a href=\"https:\/\/padresinteriors.com\/ca\/tendencies-decoracio-interiors-2025\/\" >\n\t\t\t\tLes tend\u00e8ncies de decoraci\u00f3 que marcaran el 2025: els colors, materials i estils que m\u00e9s es porten\t\t\t<\/a>\n\t\t<\/h3>\n\t\t\t\t\t<div class=\"elementor-post__read-more-wrapper\">\n\t\t\n\t\t<a class=\"elementor-post__read-more\" href=\"https:\/\/padresinteriors.com\/ca\/tendencies-decoracio-interiors-2025\/\" aria-label=\"Read more about Les tend\u00e8ncies de decoraci\u00f3 que marcaran el 2025: els colors, materials i estils que m\u00e9s es porten\" tabindex=\"-1\" >\n\t\t\t+ INFO\t\t<\/a>\n\n\t\t\t\t\t<\/div>\n\t\t\t\t<\/div>\n\t\t\t\t<\/article>\n\t\t\t\t<\/div>\n\t\t\n\t\t\t\t\t\t<\/div>\n\t\t\t\t<\/div>\n\t\t\t\t\t<\/div>\n\t\t\t\t<\/div>\n\t\t\t\t<\/div>\n\t\t","protected":false},"excerpt":{"rendered":"","protected":false},"author":5,"featured_media":0,"parent":0,"menu_order":0,"comment_status":"closed","ping_status":"closed","template":"","meta":{"footnotes":""},"class_list":["post-2512","page","type-page","status-publish","hentry"],"yoast_head":"<!-- This site is optimized with the Yoast SEO plugin v27.0 - https:\/\/yoast.com\/product\/yoast-seo-wordpress\/ -->\n<title>Blog decoraci\u00f3 d&#039;interiors i interiorisme - Padr\u00e8s Interiors<\/title>\n<meta name=\"description\" content=\"Compartim les darreres tend\u00e8ncies en decoraci\u00f3 i interiorisme per inspirar-te en la propera reforma de casa teva a Andorra. T&#039;ajudem?\" \/>\n<meta name=\"robots\" content=\"index, follow, max-snippet:-1, max-image-preview:large, max-video-preview:-1\" \/>\n<link rel=\"canonical\" href=\"https:\/\/padresinteriors.com\/ca\/blog\/\" \/>\n<meta property=\"og:locale\" content=\"ca_ES\" \/>\n<meta property=\"og:type\" content=\"article\" \/>\n<meta property=\"og:title\" content=\"Blog decoraci\u00f3 d&#039;interiors i interiorisme - Padr\u00e8s Interiors\" \/>\n<meta property=\"og:description\" content=\"Compartim les darreres tend\u00e8ncies en decoraci\u00f3 i interiorisme per inspirar-te en la propera reforma de casa teva a Andorra. T&#039;ajudem?\" \/>\n<meta property=\"og:url\" content=\"https:\/\/padresinteriors.com\/ca\/blog\/\" \/>\n<meta property=\"og:site_name\" content=\"Padr\u00e8s Interiors\" \/>\n<meta property=\"article:modified_time\" content=\"2025-04-29T16:51:37+00:00\" \/>\n<meta name=\"twitter:card\" content=\"summary_large_image\" \/>\n<script type=\"application\/ld+json\" class=\"yoast-schema-graph\">{\"@context\":\"https:\/\/schema.org\",\"@graph\":[{\"@type\":\"WebPage\",\"@id\":\"https:\/\/padresinteriors.com\/ca\/blog\/\",\"url\":\"https:\/\/padresinteriors.com\/ca\/blog\/\",\"name\":\"Blog decoraci\u00f3 d'interiors i interiorisme - Padr\u00e8s Interiors\",\"isPartOf\":{\"@id\":\"https:\/\/padresinteriors.com\/ca\/#website\"},\"datePublished\":\"2025-02-13T08:17:27+00:00\",\"dateModified\":\"2025-04-29T16:51:37+00:00\",\"description\":\"Compartim les darreres tend\u00e8ncies en decoraci\u00f3 i interiorisme per inspirar-te en la propera reforma de casa teva a Andorra. T'ajudem?\",\"breadcrumb\":{\"@id\":\"https:\/\/padresinteriors.com\/ca\/blog\/#breadcrumb\"},\"inLanguage\":\"ca\",\"potentialAction\":[{\"@type\":\"ReadAction\",\"target\":[\"https:\/\/padresinteriors.com\/ca\/blog\/\"]}]},{\"@type\":\"BreadcrumbList\",\"@id\":\"https:\/\/padresinteriors.com\/ca\/blog\/#breadcrumb\",\"itemListElement\":[{\"@type\":\"ListItem\",\"position\":1,\"name\":\"Home\",\"item\":\"https:\/\/padresinteriors.com\/ca\/\"},{\"@type\":\"ListItem\",\"position\":2,\"name\":\"BLOG\"}]},{\"@type\":\"WebSite\",\"@id\":\"https:\/\/padresinteriors.com\/ca\/#website\",\"url\":\"https:\/\/padresinteriors.com\/ca\/\",\"name\":\"Padr\u00e8s Interiors\",\"description\":\"Interior Design. Luxury Home Decor in Andorra.\",\"publisher\":{\"@id\":\"https:\/\/padresinteriors.com\/ca\/#organization\"},\"potentialAction\":[{\"@type\":\"SearchAction\",\"target\":{\"@type\":\"EntryPoint\",\"urlTemplate\":\"https:\/\/padresinteriors.com\/ca\/?s={search_term_string}\"},\"query-input\":{\"@type\":\"PropertyValueSpecification\",\"valueRequired\":true,\"valueName\":\"search_term_string\"}}],\"inLanguage\":\"ca\"},{\"@type\":\"Organization\",\"@id\":\"https:\/\/padresinteriors.com\/ca\/#organization\",\"name\":\"Padr\u00e8s Interiors\",\"url\":\"https:\/\/padresinteriors.com\/ca\/\",\"logo\":{\"@type\":\"ImageObject\",\"inLanguage\":\"ca\",\"@id\":\"https:\/\/padresinteriors.com\/ca\/#\/schema\/logo\/image\/\",\"url\":\"https:\/\/padresinteriors.com\/wp-content\/uploads\/2024\/02\/PADRES_interiors_logo.svg\",\"contentUrl\":\"https:\/\/padresinteriors.com\/wp-content\/uploads\/2024\/02\/PADRES_interiors_logo.svg\",\"width\":160,\"height\":98,\"caption\":\"Padr\u00e8s Interiors\"},\"image\":{\"@id\":\"https:\/\/padresinteriors.com\/ca\/#\/schema\/logo\/image\/\"}}]}<\/script>\n<!-- \/ Yoast SEO plugin. -->","yoast_head_json":{"title":"Blog decoraci\u00f3 d'interiors i interiorisme - Padr\u00e8s Interiors","description":"Compartim les darreres tend\u00e8ncies en decoraci\u00f3 i interiorisme per inspirar-te en la propera reforma de casa teva a Andorra. T'ajudem?","robots":{"index":"index","follow":"follow","max-snippet":"max-snippet:-1","max-image-preview":"max-image-preview:large","max-video-preview":"max-video-preview:-1"},"canonical":"https:\/\/padresinteriors.com\/ca\/blog\/","og_locale":"ca_ES","og_type":"article","og_title":"Blog decoraci\u00f3 d'interiors i interiorisme - Padr\u00e8s Interiors","og_description":"Compartim les darreres tend\u00e8ncies en decoraci\u00f3 i interiorisme per inspirar-te en la propera reforma de casa teva a Andorra. T'ajudem?","og_url":"https:\/\/padresinteriors.com\/ca\/blog\/","og_site_name":"Padr\u00e8s Interiors","article_modified_time":"2025-04-29T16:51:37+00:00","twitter_card":"summary_large_image","schema":{"@context":"https:\/\/schema.org","@graph":[{"@type":"WebPage","@id":"https:\/\/padresinteriors.com\/ca\/blog\/","url":"https:\/\/padresinteriors.com\/ca\/blog\/","name":"Blog decoraci\u00f3 d'interiors i interiorisme - Padr\u00e8s Interiors","isPartOf":{"@id":"https:\/\/padresinteriors.com\/ca\/#website"},"datePublished":"2025-02-13T08:17:27+00:00","dateModified":"2025-04-29T16:51:37+00:00","description":"Compartim les darreres tend\u00e8ncies en decoraci\u00f3 i interiorisme per inspirar-te en la propera reforma de casa teva a Andorra. T'ajudem?","breadcrumb":{"@id":"https:\/\/padresinteriors.com\/ca\/blog\/#breadcrumb"},"inLanguage":"ca","potentialAction":[{"@type":"ReadAction","target":["https:\/\/padresinteriors.com\/ca\/blog\/"]}]},{"@type":"BreadcrumbList","@id":"https:\/\/padresinteriors.com\/ca\/blog\/#breadcrumb","itemListElement":[{"@type":"ListItem","position":1,"name":"Home","item":"https:\/\/padresinteriors.com\/ca\/"},{"@type":"ListItem","position":2,"name":"BLOG"}]},{"@type":"WebSite","@id":"https:\/\/padresinteriors.com\/ca\/#website","url":"https:\/\/padresinteriors.com\/ca\/","name":"Padr\u00e8s Interiors","description":"Interior Design. Luxury Home Decor in Andorra.","publisher":{"@id":"https:\/\/padresinteriors.com\/ca\/#organization"},"potentialAction":[{"@type":"SearchAction","target":{"@type":"EntryPoint","urlTemplate":"https:\/\/padresinteriors.com\/ca\/?s={search_term_string}"},"query-input":{"@type":"PropertyValueSpecification","valueRequired":true,"valueName":"search_term_string"}}],"inLanguage":"ca"},{"@type":"Organization","@id":"https:\/\/padresinteriors.com\/ca\/#organization","name":"Padr\u00e8s Interiors","url":"https:\/\/padresinteriors.com\/ca\/","logo":{"@type":"ImageObject","inLanguage":"ca","@id":"https:\/\/padresinteriors.com\/ca\/#\/schema\/logo\/image\/","url":"https:\/\/padresinteriors.com\/wp-content\/uploads\/2024\/02\/PADRES_interiors_logo.svg","contentUrl":"https:\/\/padresinteriors.com\/wp-content\/uploads\/2024\/02\/PADRES_interiors_logo.svg","width":160,"height":98,"caption":"Padr\u00e8s Interiors"},"image":{"@id":"https:\/\/padresinteriors.com\/ca\/#\/schema\/logo\/image\/"}}]}},"_links":{"self":[{"href":"https:\/\/padresinteriors.com\/ca\/wp-json\/wp\/v2\/pages\/2512","targetHints":{"allow":["GET"]}}],"collection":[{"href":"https:\/\/padresinteriors.com\/ca\/wp-json\/wp\/v2\/pages"}],"about":[{"href":"https:\/\/padresinteriors.com\/ca\/wp-json\/wp\/v2\/types\/page"}],"author":[{"embeddable":true,"href":"https:\/\/padresinteriors.com\/ca\/wp-json\/wp\/v2\/users\/5"}],"replies":[{"embeddable":true,"href":"https:\/\/padresinteriors.com\/ca\/wp-json\/wp\/v2\/comments?post=2512"}],"version-history":[{"count":2,"href":"https:\/\/padresinteriors.com\/ca\/wp-json\/wp\/v2\/pages\/2512\/revisions"}],"predecessor-version":[{"id":2579,"href":"https:\/\/padresinteriors.com\/ca\/wp-json\/wp\/v2\/pages\/2512\/revisions\/2579"}],"wp:attachment":[{"href":"https:\/\/padresinteriors.com\/ca\/wp-json\/wp\/v2\/media?parent=2512"}],"curies":[{"name":"wp","href":"https:\/\/api.w.org\/{rel}","templated":true}]}}