{"id":2226,"date":"2024-05-07T15:01:55","date_gmt":"2024-05-07T15:01:55","guid":{"rendered":"https:\/\/padresinteriors.com\/sweet-dreams\/"},"modified":"2024-07-03T22:44:31","modified_gmt":"2024-07-03T22:44:31","slug":"sweet-dreams","status":"publish","type":"page","link":"https:\/\/padresinteriors.com\/ca\/sweet-dreams\/","title":{"rendered":"Sweet Dreams"},"content":{"rendered":"\t\t<div data-elementor-type=\"wp-page\" data-elementor-id=\"2226\" class=\"elementor elementor-2226 elementor-559\" data-elementor-post-type=\"page\">\n\t\t\t\t<div class=\"elementor-element elementor-element-71f79b55 e-con-full e-flex e-con e-parent\" data-id=\"71f79b55\" data-element_type=\"container\" data-e-type=\"container\">\n\t\t\t\t<div class=\"elementor-element elementor-element-47a5a3bf elementor-arrows-position-inside elementor-widget elementor-widget-image-carousel\" data-id=\"47a5a3bf\" data-element_type=\"widget\" data-e-type=\"widget\" data-settings=\"{&quot;slides_to_show&quot;:&quot;1&quot;,&quot;navigation&quot;:&quot;arrows&quot;,&quot;infinite&quot;:&quot;yes&quot;,&quot;effect&quot;:&quot;slide&quot;,&quot;speed&quot;:500}\" data-widget_type=\"image-carousel.default\">\n\t\t\t\t<div class=\"elementor-widget-container\">\n\t\t\t\t\t\t\t<div class=\"elementor-image-carousel-wrapper swiper\" role=\"region\" aria-roledescription=\"carousel\" aria-label=\"Carrusel d&#039;imatges\" dir=\"ltr\">\n\t\t\t<div class=\"elementor-image-carousel swiper-wrapper\" aria-live=\"polite\">\n\t\t\t\t\t\t\t\t<div class=\"swiper-slide\" role=\"group\" aria-roledescription=\"slide\" aria-label=\"1 de 5\"><figure class=\"swiper-slide-inner\"><img decoding=\"async\" class=\"swiper-slide-image\" src=\"https:\/\/padresinteriors.com\/wp-content\/uploads\/2024\/05\/padresinteriors-sweetdreams0.png\" alt=\"padresinteriors-sweetdreams0\" \/><\/figure><\/div><div class=\"swiper-slide\" role=\"group\" aria-roledescription=\"slide\" aria-label=\"2 de 5\"><figure class=\"swiper-slide-inner\"><img decoding=\"async\" class=\"swiper-slide-image\" src=\"https:\/\/padresinteriors.com\/wp-content\/uploads\/2024\/05\/padresinteriors-sweetdreams1.png\" alt=\"padresinteriors-sweetdreams1\" \/><\/figure><\/div><div class=\"swiper-slide\" role=\"group\" aria-roledescription=\"slide\" aria-label=\"3 de 5\"><figure class=\"swiper-slide-inner\"><img decoding=\"async\" class=\"swiper-slide-image\" src=\"https:\/\/padresinteriors.com\/wp-content\/uploads\/2024\/05\/padresinteriors-sweetdreams2.png\" alt=\"padresinteriors-sweetdreams2\" \/><\/figure><\/div><div class=\"swiper-slide\" role=\"group\" aria-roledescription=\"slide\" aria-label=\"4 de 5\"><figure class=\"swiper-slide-inner\"><img decoding=\"async\" class=\"swiper-slide-image\" src=\"https:\/\/padresinteriors.com\/wp-content\/uploads\/2024\/05\/padresinteriors-sweetdreams3.png\" alt=\"padresinteriors-sweetdreams3\" \/><\/figure><\/div><div class=\"swiper-slide\" role=\"group\" aria-roledescription=\"slide\" aria-label=\"5 de 5\"><figure class=\"swiper-slide-inner\"><img decoding=\"async\" class=\"swiper-slide-image\" src=\"https:\/\/padresinteriors.com\/wp-content\/uploads\/2024\/05\/padresinteriors-sweetdreams4.png\" alt=\"padresinteriors-sweetdreams4\" \/><\/figure><\/div>\t\t\t<\/div>\n\t\t\t\t\t\t\t\t\t\t\t\t<div class=\"elementor-swiper-button elementor-swiper-button-prev\" role=\"button\" tabindex=\"0\">\n\t\t\t\t\t\t<svg aria-hidden=\"true\" class=\"e-font-icon-svg e-fas-chevron-circle-left\" viewBox=\"0 0 512 512\" xmlns=\"http:\/\/www.w3.org\/2000\/svg\"><path d=\"M256 504C119 504 8 393 8 256S119 8 256 8s248 111 248 248-111 248-248 248zM142.1 273l135.5 135.5c9.4 9.4 24.6 9.4 33.9 0l17-17c9.4-9.4 9.4-24.6 0-33.9L226.9 256l101.6-101.6c9.4-9.4 9.4-24.6 0-33.9l-17-17c-9.4-9.4-24.6-9.4-33.9 0L142.1 239c-9.4 9.4-9.4 24.6 0 34z\"><\/path><\/svg>\t\t\t\t\t<\/div>\n\t\t\t\t\t<div class=\"elementor-swiper-button elementor-swiper-button-next\" role=\"button\" tabindex=\"0\">\n\t\t\t\t\t\t<svg aria-hidden=\"true\" class=\"e-font-icon-svg e-fas-chevron-circle-right\" viewBox=\"0 0 512 512\" xmlns=\"http:\/\/www.w3.org\/2000\/svg\"><path d=\"M256 8c137 0 248 111 248 248S393 504 256 504 8 393 8 256 119 8 256 8zm113.9 231L234.4 103.5c-9.4-9.4-24.6-9.4-33.9 0l-17 17c-9.4 9.4-9.4 24.6 0 33.9L285.1 256 183.5 357.6c-9.4 9.4-9.4 24.6 0 33.9l17 17c9.4 9.4 24.6 9.4 33.9 0L369.9 273c9.4-9.4 9.4-24.6 0-34z\"><\/path><\/svg>\t\t\t\t\t<\/div>\n\t\t\t\t\n\t\t\t\t\t\t\t\t\t<\/div>\n\t\t\t\t\t\t<\/div>\n\t\t\t\t<\/div>\n\t\t\t\t<\/div>\n\t\t<div class=\"elementor-element elementor-element-759bc1c e-con-full e-flex e-con e-parent\" data-id=\"759bc1c\" data-element_type=\"container\" data-e-type=\"container\">\n\t\t<div class=\"elementor-element elementor-element-730f784 e-con-full e-flex e-con e-child\" data-id=\"730f784\" data-element_type=\"container\" data-e-type=\"container\">\n\t\t\t\t<div class=\"elementor-element elementor-element-d756c5a elementor-align-left elementor-widget elementor-widget-button\" data-id=\"d756c5a\" data-element_type=\"widget\" data-e-type=\"widget\" data-widget_type=\"button.default\">\n\t\t\t\t<div class=\"elementor-widget-container\">\n\t\t\t\t\t\t\t\t\t<div class=\"elementor-button-wrapper\">\n\t\t\t\t\t<a class=\"elementor-button elementor-button-link elementor-size-sm\" href=\"https:\/\/padresinteriors.com\/ca\/cuina-a-tower\/\">\n\t\t\t\t\t\t<span class=\"elementor-button-content-wrapper\">\n\t\t\t\t\t\t\t\t\t<span class=\"elementor-button-text\">PROJECTE ANTERIOR<\/span>\n\t\t\t\t\t<\/span>\n\t\t\t\t\t<\/a>\n\t\t\t\t<\/div>\n\t\t\t\t\t\t\t\t<\/div>\n\t\t\t\t<\/div>\n\t\t\t\t<\/div>\n\t\t<div class=\"elementor-element elementor-element-408083c e-con-full e-flex e-con e-child\" data-id=\"408083c\" data-element_type=\"container\" data-e-type=\"container\">\n\t\t\t\t<\/div>\n\t\t<div class=\"elementor-element elementor-element-e4086ae e-con-full e-flex e-con e-child\" data-id=\"e4086ae\" data-element_type=\"container\" data-e-type=\"container\">\n\t\t\t\t<div class=\"elementor-element elementor-element-6aeb699 elementor-align-left elementor-widget elementor-widget-button\" data-id=\"6aeb699\" data-element_type=\"widget\" data-e-type=\"widget\" data-widget_type=\"button.default\">\n\t\t\t\t<div class=\"elementor-widget-container\">\n\t\t\t\t\t\t\t\t\t<div class=\"elementor-button-wrapper\">\n\t\t\t\t\t<a class=\"elementor-button elementor-button-link elementor-size-sm\" href=\"https:\/\/padresinteriors.com\/ca\/habitacio-juvenil\/\">\n\t\t\t\t\t\t<span class=\"elementor-button-content-wrapper\">\n\t\t\t\t\t\t\t\t\t<span class=\"elementor-button-text\">PROJECTE SEG\u00dcENT<\/span>\n\t\t\t\t\t<\/span>\n\t\t\t\t\t<\/a>\n\t\t\t\t<\/div>\n\t\t\t\t\t\t\t\t<\/div>\n\t\t\t\t<\/div>\n\t\t\t\t<\/div>\n\t\t\t\t<\/div>\n\t\t<div class=\"elementor-element elementor-element-697d7a23 e-con-full e-flex e-con e-parent\" data-id=\"697d7a23\" data-element_type=\"container\" data-e-type=\"container\">\n\t\t<div class=\"elementor-element elementor-element-7ec20fa1 e-con-full e-flex e-con e-child\" data-id=\"7ec20fa1\" data-element_type=\"container\" data-e-type=\"container\">\n\t\t\t\t<div class=\"elementor-element elementor-element-3e8910bf elementor-widget elementor-widget-heading\" data-id=\"3e8910bf\" data-element_type=\"widget\" data-e-type=\"widget\" data-widget_type=\"heading.default\">\n\t\t\t\t<div class=\"elementor-widget-container\">\n\t\t\t\t\t<h2 class=\"elementor-heading-title elementor-size-default\">SWEET DREAMS<\/h2>\t\t\t\t<\/div>\n\t\t\t\t<\/div>\n\t\t\t\t<div class=\"elementor-element elementor-element-a3b500b elementor-widget elementor-widget-heading\" data-id=\"a3b500b\" data-element_type=\"widget\" data-e-type=\"widget\" data-widget_type=\"heading.default\">\n\t\t\t\t<div class=\"elementor-widget-container\">\n\t\t\t\t\t<h2 class=\"elementor-heading-title elementor-size-default\">ANDORRA<\/h2>\t\t\t\t<\/div>\n\t\t\t\t<\/div>\n\t\t\t\t<\/div>\n\t\t<div class=\"elementor-element elementor-element-343c259c e-con-full e-flex e-con e-child\" data-id=\"343c259c\" data-element_type=\"container\" data-e-type=\"container\">\n\t\t\t\t<div class=\"elementor-element elementor-element-4710c8b7 elementor-widget elementor-widget-text-editor\" data-id=\"4710c8b7\" data-element_type=\"widget\" data-e-type=\"widget\" data-widget_type=\"text-editor.default\">\n\t\t\t\t<div class=\"elementor-widget-container\">\n\t\t\t\t\t\t\t\t\t<p>Reconvertim una sala de jocs infantil en un pr\u00e0ctic dormitori per a una nena.<\/p>\n<p>Es va buscar una distribuci\u00f3 fluida amb fusteria a mida estudiada perqu\u00e8 el disseny tingui longevitat i l&#8217;habitaci\u00f3 pugui cr\u00e9ixer amb la nena.<\/p>\n<p>Com a base d&#8217;inspiraci\u00f3 es va partir del paper de paret geom\u00e8tric que va seleccionar ella mateixa i que va servir de fil conductor per a la resta de la gamma crom\u00e0tica de l&#8217;estada. Vam escollir el mobiliari en tons neutres per deixar protagonisme als t\u00e8xtils rics en textures ia la decoraci\u00f3 de l&#8217;habitaci\u00f3, amb qu\u00e8 ens vam divertir molt, i que va resultar en un estil molt dol\u00e7 i femen\u00ed.<\/p>\n<p>El disseny de la fusteria est\u00e0 pensat per aprofitar l&#8217;espai al m\u00e0xim.<\/p>\n<p>El cap\u00e7al retroil\u00b7luminat es converteix en el punt focal de l&#8217;estada, que a m\u00e9s acull un armari amb zona d&#8217;emmagatzematge per a la roba de llit i altres accessoris. El llit cont\u00e9 un niu per als convidats.<\/p>\n<p>Pensant en l&#8217;etapa seg\u00fcent, es va projectar una \u00e0mplia zona de treball amb un taulell de suro a paret i multitud de calaixos que es prolonga en un armari contigu, cosa que li aporta molta capacitat per guardar llibres i altres objectes.<\/p>\n\t\t\t\t\t\t\t\t<\/div>\n\t\t\t\t<\/div>\n\t\t\t\t<\/div>\n\t\t\t\t<\/div>\n\t\t\t\t<\/div>\n\t\t","protected":false},"excerpt":{"rendered":"<p>PROJECTE ANTERIOR PROJECTE SEG\u00dcENT SWEET DREAMS ANDORRA Reconvertim una sala de jocs infantil en un pr\u00e0ctic dormitori per a una nena. Es va buscar una distribuci\u00f3 fluida amb fusteria a mida estudiada perqu\u00e8 el disseny tingui longevitat i l&#8217;habitaci\u00f3 pugui cr\u00e9ixer amb la nena. Com a base d&#8217;inspiraci\u00f3 es va partir del paper de paret [&hellip;]<\/p>\n","protected":false},"author":1,"featured_media":0,"parent":0,"menu_order":0,"comment_status":"closed","ping_status":"closed","template":"elementor_header_footer","meta":{"footnotes":""},"class_list":["post-2226","page","type-page","status-publish","hentry"],"yoast_head":"<!-- This site is optimized with the Yoast SEO plugin v27.0 - https:\/\/yoast.com\/product\/yoast-seo-wordpress\/ -->\n<title>Disseny interiors a Andorra: Dormitori Infantil<\/title>\n<meta name=\"description\" content=\"Disseny i reforma d&#039;una sala de jocs infantil en un dormitori pr\u00e0ctic i encantador, combinant estil i funcionalitat.\" \/>\n<meta name=\"robots\" content=\"index, follow, max-snippet:-1, max-image-preview:large, max-video-preview:-1\" \/>\n<link rel=\"canonical\" href=\"https:\/\/padresinteriors.com\/ca\/sweet-dreams\/\" \/>\n<meta property=\"og:locale\" content=\"ca_ES\" \/>\n<meta property=\"og:type\" content=\"article\" \/>\n<meta property=\"og:title\" content=\"Disseny interiors a Andorra: Dormitori Infantil\" \/>\n<meta property=\"og:description\" content=\"Disseny i reforma d&#039;una sala de jocs infantil en un dormitori pr\u00e0ctic i encantador, combinant estil i funcionalitat.\" \/>\n<meta property=\"og:url\" content=\"https:\/\/padresinteriors.com\/ca\/sweet-dreams\/\" \/>\n<meta property=\"og:site_name\" content=\"Padr\u00e8s Interiors\" \/>\n<meta property=\"article:modified_time\" content=\"2024-07-03T22:44:31+00:00\" \/>\n<meta property=\"og:image\" content=\"https:\/\/padresinteriors.com\/wp-content\/uploads\/2024\/05\/padresinteriors-sweetdreams0.png\" \/>\n<meta name=\"twitter:card\" content=\"summary_large_image\" \/>\n<meta name=\"twitter:label1\" content=\"Temps estimat de lectura\" \/>\n\t<meta name=\"twitter:data1\" content=\"1 minut\" \/>\n<script type=\"application\/ld+json\" class=\"yoast-schema-graph\">{\"@context\":\"https:\/\/schema.org\",\"@graph\":[{\"@type\":\"WebPage\",\"@id\":\"https:\/\/padresinteriors.com\/ca\/sweet-dreams\/\",\"url\":\"https:\/\/padresinteriors.com\/ca\/sweet-dreams\/\",\"name\":\"Disseny interiors a Andorra: Dormitori Infantil\",\"isPartOf\":{\"@id\":\"https:\/\/padresinteriors.com\/ca\/#website\"},\"primaryImageOfPage\":{\"@id\":\"https:\/\/padresinteriors.com\/ca\/sweet-dreams\/#primaryimage\"},\"image\":{\"@id\":\"https:\/\/padresinteriors.com\/ca\/sweet-dreams\/#primaryimage\"},\"thumbnailUrl\":\"https:\/\/padresinteriors.com\/wp-content\/uploads\/2024\/05\/padresinteriors-sweetdreams0.png\",\"datePublished\":\"2024-05-07T15:01:55+00:00\",\"dateModified\":\"2024-07-03T22:44:31+00:00\",\"description\":\"Disseny i reforma d'una sala de jocs infantil en un dormitori pr\u00e0ctic i encantador, combinant estil i funcionalitat.\",\"breadcrumb\":{\"@id\":\"https:\/\/padresinteriors.com\/ca\/sweet-dreams\/#breadcrumb\"},\"inLanguage\":\"ca\",\"potentialAction\":[{\"@type\":\"ReadAction\",\"target\":[\"https:\/\/padresinteriors.com\/ca\/sweet-dreams\/\"]}]},{\"@type\":\"ImageObject\",\"inLanguage\":\"ca\",\"@id\":\"https:\/\/padresinteriors.com\/ca\/sweet-dreams\/#primaryimage\",\"url\":\"https:\/\/padresinteriors.com\/wp-content\/uploads\/2024\/05\/padresinteriors-sweetdreams0.png\",\"contentUrl\":\"https:\/\/padresinteriors.com\/wp-content\/uploads\/2024\/05\/padresinteriors-sweetdreams0.png\"},{\"@type\":\"BreadcrumbList\",\"@id\":\"https:\/\/padresinteriors.com\/ca\/sweet-dreams\/#breadcrumb\",\"itemListElement\":[{\"@type\":\"ListItem\",\"position\":1,\"name\":\"Home\",\"item\":\"https:\/\/padresinteriors.com\/ca\/\"},{\"@type\":\"ListItem\",\"position\":2,\"name\":\"Sweet Dreams\"}]},{\"@type\":\"WebSite\",\"@id\":\"https:\/\/padresinteriors.com\/ca\/#website\",\"url\":\"https:\/\/padresinteriors.com\/ca\/\",\"name\":\"Padr\u00e8s Interiors\",\"description\":\"Interior Design. Luxury Home Decor in Andorra.\",\"publisher\":{\"@id\":\"https:\/\/padresinteriors.com\/ca\/#organization\"},\"potentialAction\":[{\"@type\":\"SearchAction\",\"target\":{\"@type\":\"EntryPoint\",\"urlTemplate\":\"https:\/\/padresinteriors.com\/ca\/?s={search_term_string}\"},\"query-input\":{\"@type\":\"PropertyValueSpecification\",\"valueRequired\":true,\"valueName\":\"search_term_string\"}}],\"inLanguage\":\"ca\"},{\"@type\":\"Organization\",\"@id\":\"https:\/\/padresinteriors.com\/ca\/#organization\",\"name\":\"Padr\u00e8s Interiors\",\"url\":\"https:\/\/padresinteriors.com\/ca\/\",\"logo\":{\"@type\":\"ImageObject\",\"inLanguage\":\"ca\",\"@id\":\"https:\/\/padresinteriors.com\/ca\/#\/schema\/logo\/image\/\",\"url\":\"https:\/\/padresinteriors.com\/wp-content\/uploads\/2024\/02\/PADRES_interiors_logo.svg\",\"contentUrl\":\"https:\/\/padresinteriors.com\/wp-content\/uploads\/2024\/02\/PADRES_interiors_logo.svg\",\"width\":160,\"height\":98,\"caption\":\"Padr\u00e8s Interiors\"},\"image\":{\"@id\":\"https:\/\/padresinteriors.com\/ca\/#\/schema\/logo\/image\/\"}}]}<\/script>\n<!-- \/ Yoast SEO plugin. -->","yoast_head_json":{"title":"Disseny interiors a Andorra: Dormitori Infantil","description":"Disseny i reforma d'una sala de jocs infantil en un dormitori pr\u00e0ctic i encantador, combinant estil i funcionalitat.","robots":{"index":"index","follow":"follow","max-snippet":"max-snippet:-1","max-image-preview":"max-image-preview:large","max-video-preview":"max-video-preview:-1"},"canonical":"https:\/\/padresinteriors.com\/ca\/sweet-dreams\/","og_locale":"ca_ES","og_type":"article","og_title":"Disseny interiors a Andorra: Dormitori Infantil","og_description":"Disseny i reforma d'una sala de jocs infantil en un dormitori pr\u00e0ctic i encantador, combinant estil i funcionalitat.","og_url":"https:\/\/padresinteriors.com\/ca\/sweet-dreams\/","og_site_name":"Padr\u00e8s Interiors","article_modified_time":"2024-07-03T22:44:31+00:00","og_image":[{"url":"https:\/\/padresinteriors.com\/wp-content\/uploads\/2024\/05\/padresinteriors-sweetdreams0.png","type":"","width":"","height":""}],"twitter_card":"summary_large_image","twitter_misc":{"Temps estimat de lectura":"1 minut"},"schema":{"@context":"https:\/\/schema.org","@graph":[{"@type":"WebPage","@id":"https:\/\/padresinteriors.com\/ca\/sweet-dreams\/","url":"https:\/\/padresinteriors.com\/ca\/sweet-dreams\/","name":"Disseny interiors a Andorra: Dormitori Infantil","isPartOf":{"@id":"https:\/\/padresinteriors.com\/ca\/#website"},"primaryImageOfPage":{"@id":"https:\/\/padresinteriors.com\/ca\/sweet-dreams\/#primaryimage"},"image":{"@id":"https:\/\/padresinteriors.com\/ca\/sweet-dreams\/#primaryimage"},"thumbnailUrl":"https:\/\/padresinteriors.com\/wp-content\/uploads\/2024\/05\/padresinteriors-sweetdreams0.png","datePublished":"2024-05-07T15:01:55+00:00","dateModified":"2024-07-03T22:44:31+00:00","description":"Disseny i reforma d'una sala de jocs infantil en un dormitori pr\u00e0ctic i encantador, combinant estil i funcionalitat.","breadcrumb":{"@id":"https:\/\/padresinteriors.com\/ca\/sweet-dreams\/#breadcrumb"},"inLanguage":"ca","potentialAction":[{"@type":"ReadAction","target":["https:\/\/padresinteriors.com\/ca\/sweet-dreams\/"]}]},{"@type":"ImageObject","inLanguage":"ca","@id":"https:\/\/padresinteriors.com\/ca\/sweet-dreams\/#primaryimage","url":"https:\/\/padresinteriors.com\/wp-content\/uploads\/2024\/05\/padresinteriors-sweetdreams0.png","contentUrl":"https:\/\/padresinteriors.com\/wp-content\/uploads\/2024\/05\/padresinteriors-sweetdreams0.png"},{"@type":"BreadcrumbList","@id":"https:\/\/padresinteriors.com\/ca\/sweet-dreams\/#breadcrumb","itemListElement":[{"@type":"ListItem","position":1,"name":"Home","item":"https:\/\/padresinteriors.com\/ca\/"},{"@type":"ListItem","position":2,"name":"Sweet Dreams"}]},{"@type":"WebSite","@id":"https:\/\/padresinteriors.com\/ca\/#website","url":"https:\/\/padresinteriors.com\/ca\/","name":"Padr\u00e8s Interiors","description":"Interior Design. Luxury Home Decor in Andorra.","publisher":{"@id":"https:\/\/padresinteriors.com\/ca\/#organization"},"potentialAction":[{"@type":"SearchAction","target":{"@type":"EntryPoint","urlTemplate":"https:\/\/padresinteriors.com\/ca\/?s={search_term_string}"},"query-input":{"@type":"PropertyValueSpecification","valueRequired":true,"valueName":"search_term_string"}}],"inLanguage":"ca"},{"@type":"Organization","@id":"https:\/\/padresinteriors.com\/ca\/#organization","name":"Padr\u00e8s Interiors","url":"https:\/\/padresinteriors.com\/ca\/","logo":{"@type":"ImageObject","inLanguage":"ca","@id":"https:\/\/padresinteriors.com\/ca\/#\/schema\/logo\/image\/","url":"https:\/\/padresinteriors.com\/wp-content\/uploads\/2024\/02\/PADRES_interiors_logo.svg","contentUrl":"https:\/\/padresinteriors.com\/wp-content\/uploads\/2024\/02\/PADRES_interiors_logo.svg","width":160,"height":98,"caption":"Padr\u00e8s Interiors"},"image":{"@id":"https:\/\/padresinteriors.com\/ca\/#\/schema\/logo\/image\/"}}]}},"_links":{"self":[{"href":"https:\/\/padresinteriors.com\/ca\/wp-json\/wp\/v2\/pages\/2226","targetHints":{"allow":["GET"]}}],"collection":[{"href":"https:\/\/padresinteriors.com\/ca\/wp-json\/wp\/v2\/pages"}],"about":[{"href":"https:\/\/padresinteriors.com\/ca\/wp-json\/wp\/v2\/types\/page"}],"author":[{"embeddable":true,"href":"https:\/\/padresinteriors.com\/ca\/wp-json\/wp\/v2\/users\/1"}],"replies":[{"embeddable":true,"href":"https:\/\/padresinteriors.com\/ca\/wp-json\/wp\/v2\/comments?post=2226"}],"version-history":[{"count":1,"href":"https:\/\/padresinteriors.com\/ca\/wp-json\/wp\/v2\/pages\/2226\/revisions"}],"predecessor-version":[{"id":2229,"href":"https:\/\/padresinteriors.com\/ca\/wp-json\/wp\/v2\/pages\/2226\/revisions\/2229"}],"wp:attachment":[{"href":"https:\/\/padresinteriors.com\/ca\/wp-json\/wp\/v2\/media?parent=2226"}],"curies":[{"name":"wp","href":"https:\/\/api.w.org\/{rel}","templated":true}]}}