{"id":2215,"date":"2024-05-07T15:04:48","date_gmt":"2024-05-07T15:04:48","guid":{"rendered":"https:\/\/padresinteriors.com\/breakfast-nook\/"},"modified":"2024-07-03T22:44:30","modified_gmt":"2024-07-03T22:44:30","slug":"breakfast-nook","status":"publish","type":"page","link":"https:\/\/padresinteriors.com\/ca\/breakfast-nook\/","title":{"rendered":"Breakfast Nook"},"content":{"rendered":"\t\t<div data-elementor-type=\"wp-page\" data-elementor-id=\"2215\" class=\"elementor elementor-2215 elementor-565\" data-elementor-post-type=\"page\">\n\t\t\t\t<div class=\"elementor-element elementor-element-90c57d3 e-con-full e-flex e-con e-parent\" data-id=\"90c57d3\" data-element_type=\"container\" data-e-type=\"container\">\n\t\t\t\t<div class=\"elementor-element elementor-element-3863e0b7 elementor-arrows-position-inside elementor-widget elementor-widget-image-carousel\" data-id=\"3863e0b7\" data-element_type=\"widget\" data-e-type=\"widget\" data-settings=\"{&quot;slides_to_show&quot;:&quot;1&quot;,&quot;navigation&quot;:&quot;arrows&quot;,&quot;infinite&quot;:&quot;yes&quot;,&quot;effect&quot;:&quot;slide&quot;,&quot;speed&quot;:500}\" data-widget_type=\"image-carousel.default\">\n\t\t\t\t<div class=\"elementor-widget-container\">\n\t\t\t\t\t\t\t<div class=\"elementor-image-carousel-wrapper swiper\" role=\"region\" aria-roledescription=\"carousel\" aria-label=\"Carrusel d&#039;imatges\" dir=\"ltr\">\n\t\t\t<div class=\"elementor-image-carousel swiper-wrapper\" aria-live=\"polite\">\n\t\t\t\t\t\t\t\t<div class=\"swiper-slide\" role=\"group\" aria-roledescription=\"slide\" aria-label=\"1 de 4\"><figure class=\"swiper-slide-inner\"><img decoding=\"async\" class=\"swiper-slide-image\" src=\"https:\/\/padresinteriors.com\/wp-content\/uploads\/2024\/05\/Breakfast-Nook0.png\" alt=\"Breakfast-Nook0\" \/><\/figure><\/div><div class=\"swiper-slide\" role=\"group\" aria-roledescription=\"slide\" aria-label=\"2 de 4\"><figure class=\"swiper-slide-inner\"><img decoding=\"async\" class=\"swiper-slide-image\" src=\"https:\/\/padresinteriors.com\/wp-content\/uploads\/2024\/05\/Breakfast-Nook1.png\" alt=\"Breakfast-Nook1\" \/><\/figure><\/div><div class=\"swiper-slide\" role=\"group\" aria-roledescription=\"slide\" aria-label=\"3 de 4\"><figure class=\"swiper-slide-inner\"><img decoding=\"async\" class=\"swiper-slide-image\" src=\"https:\/\/padresinteriors.com\/wp-content\/uploads\/2024\/05\/Breakfast-Nook2.png\" alt=\"Breakfast-Nook2\" \/><\/figure><\/div><div class=\"swiper-slide\" role=\"group\" aria-roledescription=\"slide\" aria-label=\"4 de 4\"><figure class=\"swiper-slide-inner\"><img decoding=\"async\" class=\"swiper-slide-image\" src=\"https:\/\/padresinteriors.com\/wp-content\/uploads\/2024\/05\/Breakfast-Nook3.png\" alt=\"Breakfast-Nook3\" \/><\/figure><\/div>\t\t\t<\/div>\n\t\t\t\t\t\t\t\t\t\t\t\t<div class=\"elementor-swiper-button elementor-swiper-button-prev\" role=\"button\" tabindex=\"0\">\n\t\t\t\t\t\t<svg aria-hidden=\"true\" class=\"e-font-icon-svg e-fas-chevron-circle-left\" viewBox=\"0 0 512 512\" xmlns=\"http:\/\/www.w3.org\/2000\/svg\"><path d=\"M256 504C119 504 8 393 8 256S119 8 256 8s248 111 248 248-111 248-248 248zM142.1 273l135.5 135.5c9.4 9.4 24.6 9.4 33.9 0l17-17c9.4-9.4 9.4-24.6 0-33.9L226.9 256l101.6-101.6c9.4-9.4 9.4-24.6 0-33.9l-17-17c-9.4-9.4-24.6-9.4-33.9 0L142.1 239c-9.4 9.4-9.4 24.6 0 34z\"><\/path><\/svg>\t\t\t\t\t<\/div>\n\t\t\t\t\t<div class=\"elementor-swiper-button elementor-swiper-button-next\" role=\"button\" tabindex=\"0\">\n\t\t\t\t\t\t<svg aria-hidden=\"true\" class=\"e-font-icon-svg e-fas-chevron-circle-right\" viewBox=\"0 0 512 512\" xmlns=\"http:\/\/www.w3.org\/2000\/svg\"><path d=\"M256 8c137 0 248 111 248 248S393 504 256 504 8 393 8 256 119 8 256 8zm113.9 231L234.4 103.5c-9.4-9.4-24.6-9.4-33.9 0l-17 17c-9.4 9.4-9.4 24.6 0 33.9L285.1 256 183.5 357.6c-9.4 9.4-9.4 24.6 0 33.9l17 17c9.4 9.4 24.6 9.4 33.9 0L369.9 273c9.4-9.4 9.4-24.6 0-34z\"><\/path><\/svg>\t\t\t\t\t<\/div>\n\t\t\t\t\n\t\t\t\t\t\t\t\t\t<\/div>\n\t\t\t\t\t\t<\/div>\n\t\t\t\t<\/div>\n\t\t\t\t<\/div>\n\t\t<div class=\"elementor-element elementor-element-28f0fdb e-con-full e-flex e-con e-parent\" data-id=\"28f0fdb\" data-element_type=\"container\" data-e-type=\"container\">\n\t\t<div class=\"elementor-element elementor-element-06a5199 e-con-full e-flex e-con e-child\" data-id=\"06a5199\" data-element_type=\"container\" data-e-type=\"container\">\n\t\t\t\t<div class=\"elementor-element elementor-element-fbd2b9a elementor-align-left elementor-widget elementor-widget-button\" data-id=\"fbd2b9a\" data-element_type=\"widget\" data-e-type=\"widget\" data-widget_type=\"button.default\">\n\t\t\t\t<div class=\"elementor-widget-container\">\n\t\t\t\t\t\t\t\t\t<div class=\"elementor-button-wrapper\">\n\t\t\t\t\t<a class=\"elementor-button elementor-button-link elementor-size-sm\" href=\"https:\/\/padresinteriors.com\/ca\/habitacio-juvenil\/\">\n\t\t\t\t\t\t<span class=\"elementor-button-content-wrapper\">\n\t\t\t\t\t\t\t\t\t<span class=\"elementor-button-text\">PROJECTE ANTERIOR<\/span>\n\t\t\t\t\t<\/span>\n\t\t\t\t\t<\/a>\n\t\t\t\t<\/div>\n\t\t\t\t\t\t\t\t<\/div>\n\t\t\t\t<\/div>\n\t\t\t\t<\/div>\n\t\t<div class=\"elementor-element elementor-element-b399169 e-con-full e-flex e-con e-child\" data-id=\"b399169\" data-element_type=\"container\" data-e-type=\"container\">\n\t\t\t\t<\/div>\n\t\t<div class=\"elementor-element elementor-element-020f249 e-con-full e-flex e-con e-child\" data-id=\"020f249\" data-element_type=\"container\" data-e-type=\"container\">\n\t\t\t\t<div class=\"elementor-element elementor-element-0132d96 elementor-align-left elementor-widget elementor-widget-button\" data-id=\"0132d96\" data-element_type=\"widget\" data-e-type=\"widget\" data-widget_type=\"button.default\">\n\t\t\t\t<div class=\"elementor-widget-container\">\n\t\t\t\t\t\t\t\t\t<div class=\"elementor-button-wrapper\">\n\t\t\t\t\t<a class=\"elementor-button elementor-button-link elementor-size-sm\" href=\"https:\/\/padresinteriors.com\/ca\/bany\/\">\n\t\t\t\t\t\t<span class=\"elementor-button-content-wrapper\">\n\t\t\t\t\t\t\t\t\t<span class=\"elementor-button-text\">PROJECTE SEG\u00dcENT<\/span>\n\t\t\t\t\t<\/span>\n\t\t\t\t\t<\/a>\n\t\t\t\t<\/div>\n\t\t\t\t\t\t\t\t<\/div>\n\t\t\t\t<\/div>\n\t\t\t\t<\/div>\n\t\t\t\t<\/div>\n\t\t<div class=\"elementor-element elementor-element-6939390a e-con-full e-flex e-con e-parent\" data-id=\"6939390a\" data-element_type=\"container\" data-e-type=\"container\">\n\t\t<div class=\"elementor-element elementor-element-33eb9372 e-con-full e-flex e-con e-child\" data-id=\"33eb9372\" data-element_type=\"container\" data-e-type=\"container\">\n\t\t\t\t<div class=\"elementor-element elementor-element-39c3eaf9 elementor-widget elementor-widget-heading\" data-id=\"39c3eaf9\" data-element_type=\"widget\" data-e-type=\"widget\" data-widget_type=\"heading.default\">\n\t\t\t\t<div class=\"elementor-widget-container\">\n\t\t\t\t\t<h2 class=\"elementor-heading-title elementor-size-default\">BREAKFAST NOOK<\/h2>\t\t\t\t<\/div>\n\t\t\t\t<\/div>\n\t\t\t\t<div class=\"elementor-element elementor-element-00687e6 elementor-widget elementor-widget-heading\" data-id=\"00687e6\" data-element_type=\"widget\" data-e-type=\"widget\" data-widget_type=\"heading.default\">\n\t\t\t\t<div class=\"elementor-widget-container\">\n\t\t\t\t\t<h2 class=\"elementor-heading-title elementor-size-default\">ANDORRA<\/h2>\t\t\t\t<\/div>\n\t\t\t\t<\/div>\n\t\t\t\t<\/div>\n\t\t<div class=\"elementor-element elementor-element-377eaae7 e-con-full e-flex e-con e-child\" data-id=\"377eaae7\" data-element_type=\"container\" data-e-type=\"container\">\n\t\t\t\t<div class=\"elementor-element elementor-element-7c16b3c7 elementor-widget elementor-widget-text-editor\" data-id=\"7c16b3c7\" data-element_type=\"widget\" data-e-type=\"widget\" data-widget_type=\"text-editor.default\">\n\t\t\t\t<div class=\"elementor-widget-container\">\n\t\t\t\t\t\t\t\t\t<p>Projecte d\u00b4ampliaci\u00f3 d\u00b4una cuina per incorporar una \u00e0rea d\u00b4esmorzar, creant un lloc funcional i amb una est\u00e8tica atractiva per comen\u00e7ar el dia amb estil.<\/p>\n<p>Amb el disseny del mobiliari a paret, aconseguim maximitzar l&#8217;organitzaci\u00f3 i la practicitat de la cuina, malgrat l&#8217;espai redu\u00eft, permetent un emmagatzematge \u00f2ptim per a utensilis de taula i aliments.<\/p>\n<p>Apostem per una continu\u00eftat crom\u00e0tica per atorgar una aparen\u00e7a unificada a tot l&#8217;espai. Les prestatgeries de roure tenyit en color gris proporcionen un elegant contrast amb la paret i la resta de mobiliari preexistent, que era de color blanc, amb superf\u00edcies en gris clar i terra de pissarra.<\/p>\n<p>La taula amb els dos pufs complementa el disseny elegant i ofereix un lloc molt pr\u00e0ctic i acollidor per gaudir de menjars r\u00e0pids o converses informals. La superf\u00edcie cer\u00e0mica amb efecte marbre acabat mat de la mateixa eleva el disseny, mentre que els pufs afegeixen versatilitat i s\u00f3n perfectes per optimitzar lespai. El banc a mida amb el respatller encoixinat en polipell proveeix de c\u00f2modes seients i emmagatzematge ocult.<\/p>\n<p>Finalment introdu\u00efm t\u00e8xtils a to per afegir personalitat i calidesa a l&#8217;ambient.<\/p>\t\t\t\t\t\t\t\t<\/div>\n\t\t\t\t<\/div>\n\t\t\t\t<\/div>\n\t\t\t\t<\/div>\n\t\t\t\t<\/div>\n\t\t","protected":false},"excerpt":{"rendered":"<p>PROJECTE ANTERIOR PROJECTE SEG\u00dcENT BREAKFAST NOOK ANDORRA Projecte d\u00b4ampliaci\u00f3 d\u00b4una cuina per incorporar una \u00e0rea d\u00b4esmorzar, creant un lloc funcional i amb una est\u00e8tica atractiva per comen\u00e7ar el dia amb estil. Amb el disseny del mobiliari a paret, aconseguim maximitzar l&#8217;organitzaci\u00f3 i la practicitat de la cuina, malgrat l&#8217;espai redu\u00eft, permetent un emmagatzematge \u00f2ptim per [&hellip;]<\/p>\n","protected":false},"author":1,"featured_media":0,"parent":0,"menu_order":0,"comment_status":"closed","ping_status":"closed","template":"elementor_header_footer","meta":{"footnotes":""},"class_list":["post-2215","page","type-page","status-publish","hentry"],"yoast_head":"<!-- This site is optimized with the Yoast SEO plugin v27.0 - https:\/\/yoast.com\/product\/yoast-seo-wordpress\/ -->\n<title>Ampliaci\u00f3 de Cuina amb \u00c0rea d&#039;Esmorzar a Andorra<\/title>\n<meta name=\"description\" content=\"Projecte d&#039;interiorisme per reformar una cuina amb un espai de disseny funcional per esmorzar, amb mobiliari a mida i emmagatzematge ocult.\" \/>\n<meta name=\"robots\" content=\"index, follow, max-snippet:-1, max-image-preview:large, max-video-preview:-1\" \/>\n<link rel=\"canonical\" href=\"https:\/\/padresinteriors.com\/ca\/breakfast-nook\/\" \/>\n<meta property=\"og:locale\" content=\"ca_ES\" \/>\n<meta property=\"og:type\" content=\"article\" \/>\n<meta property=\"og:title\" content=\"Ampliaci\u00f3 de Cuina amb \u00c0rea d&#039;Esmorzar a Andorra\" \/>\n<meta property=\"og:description\" content=\"Projecte d&#039;interiorisme per reformar una cuina amb un espai de disseny funcional per esmorzar, amb mobiliari a mida i emmagatzematge ocult.\" \/>\n<meta property=\"og:url\" content=\"https:\/\/padresinteriors.com\/ca\/breakfast-nook\/\" \/>\n<meta property=\"og:site_name\" content=\"Padr\u00e8s Interiors\" \/>\n<meta property=\"article:modified_time\" content=\"2024-07-03T22:44:30+00:00\" \/>\n<meta property=\"og:image\" content=\"https:\/\/padresinteriors.com\/wp-content\/uploads\/2024\/05\/Breakfast-Nook0.png\" \/>\n<meta name=\"twitter:card\" content=\"summary_large_image\" \/>\n<meta name=\"twitter:label1\" content=\"Temps estimat de lectura\" \/>\n\t<meta name=\"twitter:data1\" content=\"1 minut\" \/>\n<script type=\"application\/ld+json\" class=\"yoast-schema-graph\">{\"@context\":\"https:\/\/schema.org\",\"@graph\":[{\"@type\":\"WebPage\",\"@id\":\"https:\/\/padresinteriors.com\/ca\/breakfast-nook\/\",\"url\":\"https:\/\/padresinteriors.com\/ca\/breakfast-nook\/\",\"name\":\"Ampliaci\u00f3 de Cuina amb \u00c0rea d'Esmorzar a Andorra\",\"isPartOf\":{\"@id\":\"https:\/\/padresinteriors.com\/ca\/#website\"},\"primaryImageOfPage\":{\"@id\":\"https:\/\/padresinteriors.com\/ca\/breakfast-nook\/#primaryimage\"},\"image\":{\"@id\":\"https:\/\/padresinteriors.com\/ca\/breakfast-nook\/#primaryimage\"},\"thumbnailUrl\":\"https:\/\/padresinteriors.com\/wp-content\/uploads\/2024\/05\/Breakfast-Nook0.png\",\"datePublished\":\"2024-05-07T15:04:48+00:00\",\"dateModified\":\"2024-07-03T22:44:30+00:00\",\"description\":\"Projecte d'interiorisme per reformar una cuina amb un espai de disseny funcional per esmorzar, amb mobiliari a mida i emmagatzematge ocult.\",\"breadcrumb\":{\"@id\":\"https:\/\/padresinteriors.com\/ca\/breakfast-nook\/#breadcrumb\"},\"inLanguage\":\"ca\",\"potentialAction\":[{\"@type\":\"ReadAction\",\"target\":[\"https:\/\/padresinteriors.com\/ca\/breakfast-nook\/\"]}]},{\"@type\":\"ImageObject\",\"inLanguage\":\"ca\",\"@id\":\"https:\/\/padresinteriors.com\/ca\/breakfast-nook\/#primaryimage\",\"url\":\"https:\/\/padresinteriors.com\/wp-content\/uploads\/2024\/05\/Breakfast-Nook0.png\",\"contentUrl\":\"https:\/\/padresinteriors.com\/wp-content\/uploads\/2024\/05\/Breakfast-Nook0.png\"},{\"@type\":\"BreadcrumbList\",\"@id\":\"https:\/\/padresinteriors.com\/ca\/breakfast-nook\/#breadcrumb\",\"itemListElement\":[{\"@type\":\"ListItem\",\"position\":1,\"name\":\"Home\",\"item\":\"https:\/\/padresinteriors.com\/ca\/\"},{\"@type\":\"ListItem\",\"position\":2,\"name\":\"Breakfast Nook\"}]},{\"@type\":\"WebSite\",\"@id\":\"https:\/\/padresinteriors.com\/ca\/#website\",\"url\":\"https:\/\/padresinteriors.com\/ca\/\",\"name\":\"Padr\u00e8s Interiors\",\"description\":\"Interior Design. Luxury Home Decor in Andorra.\",\"publisher\":{\"@id\":\"https:\/\/padresinteriors.com\/ca\/#organization\"},\"potentialAction\":[{\"@type\":\"SearchAction\",\"target\":{\"@type\":\"EntryPoint\",\"urlTemplate\":\"https:\/\/padresinteriors.com\/ca\/?s={search_term_string}\"},\"query-input\":{\"@type\":\"PropertyValueSpecification\",\"valueRequired\":true,\"valueName\":\"search_term_string\"}}],\"inLanguage\":\"ca\"},{\"@type\":\"Organization\",\"@id\":\"https:\/\/padresinteriors.com\/ca\/#organization\",\"name\":\"Padr\u00e8s Interiors\",\"url\":\"https:\/\/padresinteriors.com\/ca\/\",\"logo\":{\"@type\":\"ImageObject\",\"inLanguage\":\"ca\",\"@id\":\"https:\/\/padresinteriors.com\/ca\/#\/schema\/logo\/image\/\",\"url\":\"https:\/\/padresinteriors.com\/wp-content\/uploads\/2024\/02\/PADRES_interiors_logo.svg\",\"contentUrl\":\"https:\/\/padresinteriors.com\/wp-content\/uploads\/2024\/02\/PADRES_interiors_logo.svg\",\"width\":160,\"height\":98,\"caption\":\"Padr\u00e8s Interiors\"},\"image\":{\"@id\":\"https:\/\/padresinteriors.com\/ca\/#\/schema\/logo\/image\/\"}}]}<\/script>\n<!-- \/ Yoast SEO plugin. -->","yoast_head_json":{"title":"Ampliaci\u00f3 de Cuina amb \u00c0rea d'Esmorzar a Andorra","description":"Projecte d'interiorisme per reformar una cuina amb un espai de disseny funcional per esmorzar, amb mobiliari a mida i emmagatzematge ocult.","robots":{"index":"index","follow":"follow","max-snippet":"max-snippet:-1","max-image-preview":"max-image-preview:large","max-video-preview":"max-video-preview:-1"},"canonical":"https:\/\/padresinteriors.com\/ca\/breakfast-nook\/","og_locale":"ca_ES","og_type":"article","og_title":"Ampliaci\u00f3 de Cuina amb \u00c0rea d'Esmorzar a Andorra","og_description":"Projecte d'interiorisme per reformar una cuina amb un espai de disseny funcional per esmorzar, amb mobiliari a mida i emmagatzematge ocult.","og_url":"https:\/\/padresinteriors.com\/ca\/breakfast-nook\/","og_site_name":"Padr\u00e8s Interiors","article_modified_time":"2024-07-03T22:44:30+00:00","og_image":[{"url":"https:\/\/padresinteriors.com\/wp-content\/uploads\/2024\/05\/Breakfast-Nook0.png","type":"","width":"","height":""}],"twitter_card":"summary_large_image","twitter_misc":{"Temps estimat de lectura":"1 minut"},"schema":{"@context":"https:\/\/schema.org","@graph":[{"@type":"WebPage","@id":"https:\/\/padresinteriors.com\/ca\/breakfast-nook\/","url":"https:\/\/padresinteriors.com\/ca\/breakfast-nook\/","name":"Ampliaci\u00f3 de Cuina amb \u00c0rea d'Esmorzar a Andorra","isPartOf":{"@id":"https:\/\/padresinteriors.com\/ca\/#website"},"primaryImageOfPage":{"@id":"https:\/\/padresinteriors.com\/ca\/breakfast-nook\/#primaryimage"},"image":{"@id":"https:\/\/padresinteriors.com\/ca\/breakfast-nook\/#primaryimage"},"thumbnailUrl":"https:\/\/padresinteriors.com\/wp-content\/uploads\/2024\/05\/Breakfast-Nook0.png","datePublished":"2024-05-07T15:04:48+00:00","dateModified":"2024-07-03T22:44:30+00:00","description":"Projecte d'interiorisme per reformar una cuina amb un espai de disseny funcional per esmorzar, amb mobiliari a mida i emmagatzematge ocult.","breadcrumb":{"@id":"https:\/\/padresinteriors.com\/ca\/breakfast-nook\/#breadcrumb"},"inLanguage":"ca","potentialAction":[{"@type":"ReadAction","target":["https:\/\/padresinteriors.com\/ca\/breakfast-nook\/"]}]},{"@type":"ImageObject","inLanguage":"ca","@id":"https:\/\/padresinteriors.com\/ca\/breakfast-nook\/#primaryimage","url":"https:\/\/padresinteriors.com\/wp-content\/uploads\/2024\/05\/Breakfast-Nook0.png","contentUrl":"https:\/\/padresinteriors.com\/wp-content\/uploads\/2024\/05\/Breakfast-Nook0.png"},{"@type":"BreadcrumbList","@id":"https:\/\/padresinteriors.com\/ca\/breakfast-nook\/#breadcrumb","itemListElement":[{"@type":"ListItem","position":1,"name":"Home","item":"https:\/\/padresinteriors.com\/ca\/"},{"@type":"ListItem","position":2,"name":"Breakfast Nook"}]},{"@type":"WebSite","@id":"https:\/\/padresinteriors.com\/ca\/#website","url":"https:\/\/padresinteriors.com\/ca\/","name":"Padr\u00e8s Interiors","description":"Interior Design. Luxury Home Decor in Andorra.","publisher":{"@id":"https:\/\/padresinteriors.com\/ca\/#organization"},"potentialAction":[{"@type":"SearchAction","target":{"@type":"EntryPoint","urlTemplate":"https:\/\/padresinteriors.com\/ca\/?s={search_term_string}"},"query-input":{"@type":"PropertyValueSpecification","valueRequired":true,"valueName":"search_term_string"}}],"inLanguage":"ca"},{"@type":"Organization","@id":"https:\/\/padresinteriors.com\/ca\/#organization","name":"Padr\u00e8s Interiors","url":"https:\/\/padresinteriors.com\/ca\/","logo":{"@type":"ImageObject","inLanguage":"ca","@id":"https:\/\/padresinteriors.com\/ca\/#\/schema\/logo\/image\/","url":"https:\/\/padresinteriors.com\/wp-content\/uploads\/2024\/02\/PADRES_interiors_logo.svg","contentUrl":"https:\/\/padresinteriors.com\/wp-content\/uploads\/2024\/02\/PADRES_interiors_logo.svg","width":160,"height":98,"caption":"Padr\u00e8s Interiors"},"image":{"@id":"https:\/\/padresinteriors.com\/ca\/#\/schema\/logo\/image\/"}}]}},"_links":{"self":[{"href":"https:\/\/padresinteriors.com\/ca\/wp-json\/wp\/v2\/pages\/2215","targetHints":{"allow":["GET"]}}],"collection":[{"href":"https:\/\/padresinteriors.com\/ca\/wp-json\/wp\/v2\/pages"}],"about":[{"href":"https:\/\/padresinteriors.com\/ca\/wp-json\/wp\/v2\/types\/page"}],"author":[{"embeddable":true,"href":"https:\/\/padresinteriors.com\/ca\/wp-json\/wp\/v2\/users\/1"}],"replies":[{"embeddable":true,"href":"https:\/\/padresinteriors.com\/ca\/wp-json\/wp\/v2\/comments?post=2215"}],"version-history":[{"count":2,"href":"https:\/\/padresinteriors.com\/ca\/wp-json\/wp\/v2\/pages\/2215\/revisions"}],"predecessor-version":[{"id":2223,"href":"https:\/\/padresinteriors.com\/ca\/wp-json\/wp\/v2\/pages\/2215\/revisions\/2223"}],"wp:attachment":[{"href":"https:\/\/padresinteriors.com\/ca\/wp-json\/wp\/v2\/media?parent=2215"}],"curies":[{"name":"wp","href":"https:\/\/api.w.org\/{rel}","templated":true}]}}