{"id":2209,"date":"2024-05-07T15:07:22","date_gmt":"2024-05-07T15:07:22","guid":{"rendered":"https:\/\/padresinteriors.com\/cuina-a-tower\/"},"modified":"2024-07-08T16:43:36","modified_gmt":"2024-07-08T16:43:36","slug":"cuina-a-tower","status":"publish","type":"page","link":"https:\/\/padresinteriors.com\/ca\/cuina-a-tower\/","title":{"rendered":"Cuina A-Tower"},"content":{"rendered":"\t\t<div data-elementor-type=\"wp-page\" data-elementor-id=\"2209\" class=\"elementor elementor-2209 elementor-571\" data-elementor-post-type=\"page\">\n\t\t\t\t<div class=\"elementor-element elementor-element-7d00ebc4 e-con-full e-flex e-con e-parent\" data-id=\"7d00ebc4\" data-element_type=\"container\" data-e-type=\"container\">\n\t\t\t\t<div class=\"elementor-element elementor-element-499ea67 elementor-arrows-position-inside elementor-widget elementor-widget-image-carousel\" data-id=\"499ea67\" data-element_type=\"widget\" data-e-type=\"widget\" data-settings=\"{&quot;slides_to_show&quot;:&quot;1&quot;,&quot;navigation&quot;:&quot;arrows&quot;,&quot;infinite&quot;:&quot;yes&quot;,&quot;effect&quot;:&quot;slide&quot;,&quot;speed&quot;:500}\" data-widget_type=\"image-carousel.default\">\n\t\t\t\t<div class=\"elementor-widget-container\">\n\t\t\t\t\t\t\t<div class=\"elementor-image-carousel-wrapper swiper\" role=\"region\" aria-roledescription=\"carousel\" aria-label=\"Carrusel d&#039;imatges\" dir=\"ltr\">\n\t\t\t<div class=\"elementor-image-carousel swiper-wrapper\" aria-live=\"polite\">\n\t\t\t\t\t\t\t\t<div class=\"swiper-slide\" role=\"group\" aria-roledescription=\"slide\" aria-label=\"1 de 5\"><figure class=\"swiper-slide-inner\"><img decoding=\"async\" class=\"swiper-slide-image\" src=\"https:\/\/padresinteriors.com\/wp-content\/uploads\/2024\/05\/padresinteriors-atower0.png\" alt=\"padresinteriors-atower0\" \/><\/figure><\/div><div class=\"swiper-slide\" role=\"group\" aria-roledescription=\"slide\" aria-label=\"2 de 5\"><figure class=\"swiper-slide-inner\"><img decoding=\"async\" class=\"swiper-slide-image\" src=\"https:\/\/padresinteriors.com\/wp-content\/uploads\/2024\/05\/padresinteriors-atower1.png\" alt=\"padresinteriors-atower1\" \/><\/figure><\/div><div class=\"swiper-slide\" role=\"group\" aria-roledescription=\"slide\" aria-label=\"3 de 5\"><figure class=\"swiper-slide-inner\"><img decoding=\"async\" class=\"swiper-slide-image\" src=\"https:\/\/padresinteriors.com\/wp-content\/uploads\/2024\/05\/padresinteriors-atower3-e1715778771771.png\" alt=\"padresinteriors-atower3\" \/><\/figure><\/div><div class=\"swiper-slide\" role=\"group\" aria-roledescription=\"slide\" aria-label=\"4 de 5\"><figure class=\"swiper-slide-inner\"><img decoding=\"async\" class=\"swiper-slide-image\" src=\"https:\/\/padresinteriors.com\/wp-content\/uploads\/2024\/05\/padresinteriors-atower4.png\" alt=\"padresinteriors-atower4\" \/><\/figure><\/div><div class=\"swiper-slide\" role=\"group\" aria-roledescription=\"slide\" aria-label=\"5 de 5\"><figure class=\"swiper-slide-inner\"><img decoding=\"async\" class=\"swiper-slide-image\" src=\"https:\/\/padresinteriors.com\/wp-content\/uploads\/2024\/05\/padresinteriors-atower5.png\" alt=\"padresinteriors-atower5\" \/><\/figure><\/div>\t\t\t<\/div>\n\t\t\t\t\t\t\t\t\t\t\t\t<div class=\"elementor-swiper-button elementor-swiper-button-prev\" role=\"button\" tabindex=\"0\">\n\t\t\t\t\t\t<svg aria-hidden=\"true\" class=\"e-font-icon-svg e-fas-chevron-circle-left\" viewBox=\"0 0 512 512\" xmlns=\"http:\/\/www.w3.org\/2000\/svg\"><path d=\"M256 504C119 504 8 393 8 256S119 8 256 8s248 111 248 248-111 248-248 248zM142.1 273l135.5 135.5c9.4 9.4 24.6 9.4 33.9 0l17-17c9.4-9.4 9.4-24.6 0-33.9L226.9 256l101.6-101.6c9.4-9.4 9.4-24.6 0-33.9l-17-17c-9.4-9.4-24.6-9.4-33.9 0L142.1 239c-9.4 9.4-9.4 24.6 0 34z\"><\/path><\/svg>\t\t\t\t\t<\/div>\n\t\t\t\t\t<div class=\"elementor-swiper-button elementor-swiper-button-next\" role=\"button\" tabindex=\"0\">\n\t\t\t\t\t\t<svg aria-hidden=\"true\" class=\"e-font-icon-svg e-fas-chevron-circle-right\" viewBox=\"0 0 512 512\" xmlns=\"http:\/\/www.w3.org\/2000\/svg\"><path d=\"M256 8c137 0 248 111 248 248S393 504 256 504 8 393 8 256 119 8 256 8zm113.9 231L234.4 103.5c-9.4-9.4-24.6-9.4-33.9 0l-17 17c-9.4 9.4-9.4 24.6 0 33.9L285.1 256 183.5 357.6c-9.4 9.4-9.4 24.6 0 33.9l17 17c9.4 9.4 24.6 9.4 33.9 0L369.9 273c9.4-9.4 9.4-24.6 0-34z\"><\/path><\/svg>\t\t\t\t\t<\/div>\n\t\t\t\t\n\t\t\t\t\t\t\t\t\t<\/div>\n\t\t\t\t\t\t<\/div>\n\t\t\t\t<\/div>\n\t\t\t\t<\/div>\n\t\t<div class=\"elementor-element elementor-element-76943df e-con-full e-flex e-con e-parent\" data-id=\"76943df\" data-element_type=\"container\" data-e-type=\"container\">\n\t\t<div class=\"elementor-element elementor-element-bfe5a7c e-con-full e-flex e-con e-child\" data-id=\"bfe5a7c\" data-element_type=\"container\" data-e-type=\"container\">\n\t\t\t\t<div class=\"elementor-element elementor-element-06c5139 elementor-align-left elementor-widget elementor-widget-button\" data-id=\"06c5139\" data-element_type=\"widget\" data-e-type=\"widget\" data-widget_type=\"button.default\">\n\t\t\t\t<div class=\"elementor-widget-container\">\n\t\t\t\t\t\t\t\t\t<div class=\"elementor-button-wrapper\">\n\t\t\t\t\t<a class=\"elementor-button elementor-button-link elementor-size-sm\" href=\"https:\/\/padresinteriors.com\/ca\/pied-a-terre-andorra\/\">\n\t\t\t\t\t\t<span class=\"elementor-button-content-wrapper\">\n\t\t\t\t\t\t\t\t\t<span class=\"elementor-button-text\">PROJECTE ANTERIOR<\/span>\n\t\t\t\t\t<\/span>\n\t\t\t\t\t<\/a>\n\t\t\t\t<\/div>\n\t\t\t\t\t\t\t\t<\/div>\n\t\t\t\t<\/div>\n\t\t\t\t<\/div>\n\t\t<div class=\"elementor-element elementor-element-824da47 e-con-full e-flex e-con e-child\" data-id=\"824da47\" data-element_type=\"container\" data-e-type=\"container\">\n\t\t\t\t<\/div>\n\t\t<div class=\"elementor-element elementor-element-6c5083d e-con-full e-flex e-con e-child\" data-id=\"6c5083d\" data-element_type=\"container\" data-e-type=\"container\">\n\t\t\t\t<div class=\"elementor-element elementor-element-a5d4169 elementor-align-left elementor-widget elementor-widget-button\" data-id=\"a5d4169\" data-element_type=\"widget\" data-e-type=\"widget\" data-widget_type=\"button.default\">\n\t\t\t\t<div class=\"elementor-widget-container\">\n\t\t\t\t\t\t\t\t\t<div class=\"elementor-button-wrapper\">\n\t\t\t\t\t<a class=\"elementor-button elementor-button-link elementor-size-sm\" href=\"https:\/\/padresinteriors.com\/ca\/sweet-dreams\/\">\n\t\t\t\t\t\t<span class=\"elementor-button-content-wrapper\">\n\t\t\t\t\t\t\t\t\t<span class=\"elementor-button-text\">PROJECTE SEG\u00dcENT<\/span>\n\t\t\t\t\t<\/span>\n\t\t\t\t\t<\/a>\n\t\t\t\t<\/div>\n\t\t\t\t\t\t\t\t<\/div>\n\t\t\t\t<\/div>\n\t\t\t\t<\/div>\n\t\t\t\t<\/div>\n\t\t<div class=\"elementor-element elementor-element-57838d25 e-con-full e-flex e-con e-parent\" data-id=\"57838d25\" data-element_type=\"container\" data-e-type=\"container\">\n\t\t<div class=\"elementor-element elementor-element-34ab367a e-con-full e-flex e-con e-child\" data-id=\"34ab367a\" data-element_type=\"container\" data-e-type=\"container\">\n\t\t\t\t<div class=\"elementor-element elementor-element-6eb35731 elementor-widget elementor-widget-heading\" data-id=\"6eb35731\" data-element_type=\"widget\" data-e-type=\"widget\" data-widget_type=\"heading.default\">\n\t\t\t\t<div class=\"elementor-widget-container\">\n\t\t\t\t\t<h2 class=\"elementor-heading-title elementor-size-default\">CUINA A-TOWER<\/h2>\t\t\t\t<\/div>\n\t\t\t\t<\/div>\n\t\t\t\t<div class=\"elementor-element elementor-element-d9a3e76 elementor-widget elementor-widget-heading\" data-id=\"d9a3e76\" data-element_type=\"widget\" data-e-type=\"widget\" data-widget_type=\"heading.default\">\n\t\t\t\t<div class=\"elementor-widget-container\">\n\t\t\t\t\t<h2 class=\"elementor-heading-title elementor-size-default\">ANDORRA<\/h2>\t\t\t\t<\/div>\n\t\t\t\t<\/div>\n\t\t\t\t<\/div>\n\t\t<div class=\"elementor-element elementor-element-28555713 e-con-full e-flex e-con e-child\" data-id=\"28555713\" data-element_type=\"container\" data-e-type=\"container\">\n\t\t\t\t<div class=\"elementor-element elementor-element-3ebdf45d elementor-widget elementor-widget-text-editor\" data-id=\"3ebdf45d\" data-element_type=\"widget\" data-e-type=\"widget\" data-widget_type=\"text-editor.default\">\n\t\t\t\t<div class=\"elementor-widget-container\">\n\t\t\t\t\t\t\t\t\t<p>La concepci\u00f3 d&#8217;aquesta estada es va plantejar no sols com un lloc per cuinar, sin\u00f3 tamb\u00e9 per compartir, i que s&#8217;integr\u00e9s perfectament amb la resta de l&#8217;ambient.<\/p>\n<p>Dissenyem una cuina contempor\u00e0nia totalment oberta al sal\u00f3, amb una gran illa central que s\u00b4obre com una escultura lleugera i estilitzada que eleva l\u00b4interiorisme de l\u00b4estada. Generem una atmosfera acollidora, on el cl\u00e0ssic es troba amb el modern, combinant una paleta crom\u00e0tica actual i atemporal en fusta de noguera fosca en contrast amb l&#8217;acabat lux\u00f3s del calacatta i l&#8217;acer raspallat antipetjada. Incloem tamb\u00e9 retroil\u00b7luminaci\u00f3 indirecta amb temperatura de color i intensitat regulable, que ens ajuden a crear un ambient exclusiu i adaptable segons les diferents necessitats. Les superf\u00edcies de preparaci\u00f3 de menjars s\u00f3n \u00e0mplies, anti-bacteris, higi\u00e8niques i molt f\u00e0cils de netejar.<\/p>\n<p>El resultat final \u00e9s sofisticat, elegant i molt acollidor, esdevenint un lloc de trobada i interacci\u00f3 familiar.<\/p><\/p>\n\t\t\t\t\t\t\t\t<\/div>\n\t\t\t\t<\/div>\n\t\t\t\t<\/div>\n\t\t\t\t<\/div>\n\t\t\t\t<\/div>\n\t\t","protected":false},"excerpt":{"rendered":"<p>PROJECTE ANTERIOR PROJECTE SEG\u00dcENT CUINA A-TOWER ANDORRA La concepci\u00f3 d&#8217;aquesta estada es va plantejar no sols com un lloc per cuinar, sin\u00f3 tamb\u00e9 per compartir, i que s&#8217;integr\u00e9s perfectament amb la resta de l&#8217;ambient. Dissenyem una cuina contempor\u00e0nia totalment oberta al sal\u00f3, amb una gran illa central que s\u00b4obre com una escultura lleugera i estilitzada [&hellip;]<\/p>\n","protected":false},"author":1,"featured_media":0,"parent":0,"menu_order":0,"comment_status":"closed","ping_status":"closed","template":"elementor_header_footer","meta":{"footnotes":""},"class_list":["post-2209","page","type-page","status-publish","hentry"],"yoast_head":"<!-- This site is optimized with the Yoast SEO plugin v27.0 - https:\/\/yoast.com\/product\/yoast-seo-wordpress\/ -->\n<title>Disseny de Cuina Oberta i Elegant a Andorra<\/title>\n<meta name=\"description\" content=\"Disseny i reforma de cuina a Andorra, amb un estil contemporani. Cuina oberta al sal\u00f3, amb illa central estilitzada.\" \/>\n<meta name=\"robots\" content=\"index, follow, max-snippet:-1, max-image-preview:large, max-video-preview:-1\" \/>\n<link rel=\"canonical\" href=\"https:\/\/padresinteriors.com\/ca\/cuina-a-tower\/\" \/>\n<meta property=\"og:locale\" content=\"ca_ES\" \/>\n<meta property=\"og:type\" content=\"article\" \/>\n<meta property=\"og:title\" content=\"Disseny de Cuina Oberta i Elegant a Andorra\" \/>\n<meta property=\"og:description\" content=\"Disseny i reforma de cuina a Andorra, amb un estil contemporani. Cuina oberta al sal\u00f3, amb illa central estilitzada.\" \/>\n<meta property=\"og:url\" content=\"https:\/\/padresinteriors.com\/ca\/cuina-a-tower\/\" \/>\n<meta property=\"og:site_name\" content=\"Padr\u00e8s Interiors\" \/>\n<meta property=\"article:modified_time\" content=\"2024-07-08T16:43:36+00:00\" \/>\n<meta property=\"og:image\" content=\"https:\/\/padresinteriors.com\/wp-content\/uploads\/2024\/05\/padresinteriors-atower0.png\" \/>\n<meta name=\"twitter:card\" content=\"summary_large_image\" \/>\n<meta name=\"twitter:label1\" content=\"Temps estimat de lectura\" \/>\n\t<meta name=\"twitter:data1\" content=\"3 minuts\" \/>\n<script type=\"application\/ld+json\" class=\"yoast-schema-graph\">{\"@context\":\"https:\/\/schema.org\",\"@graph\":[{\"@type\":\"WebPage\",\"@id\":\"https:\/\/padresinteriors.com\/ca\/cuina-a-tower\/\",\"url\":\"https:\/\/padresinteriors.com\/ca\/cuina-a-tower\/\",\"name\":\"Disseny de Cuina Oberta i Elegant a Andorra\",\"isPartOf\":{\"@id\":\"https:\/\/padresinteriors.com\/ca\/#website\"},\"primaryImageOfPage\":{\"@id\":\"https:\/\/padresinteriors.com\/ca\/cuina-a-tower\/#primaryimage\"},\"image\":{\"@id\":\"https:\/\/padresinteriors.com\/ca\/cuina-a-tower\/#primaryimage\"},\"thumbnailUrl\":\"https:\/\/padresinteriors.com\/wp-content\/uploads\/2024\/05\/padresinteriors-atower0.png\",\"datePublished\":\"2024-05-07T15:07:22+00:00\",\"dateModified\":\"2024-07-08T16:43:36+00:00\",\"description\":\"Disseny i reforma de cuina a Andorra, amb un estil contemporani. Cuina oberta al sal\u00f3, amb illa central estilitzada.\",\"breadcrumb\":{\"@id\":\"https:\/\/padresinteriors.com\/ca\/cuina-a-tower\/#breadcrumb\"},\"inLanguage\":\"ca\",\"potentialAction\":[{\"@type\":\"ReadAction\",\"target\":[\"https:\/\/padresinteriors.com\/ca\/cuina-a-tower\/\"]}]},{\"@type\":\"ImageObject\",\"inLanguage\":\"ca\",\"@id\":\"https:\/\/padresinteriors.com\/ca\/cuina-a-tower\/#primaryimage\",\"url\":\"https:\/\/padresinteriors.com\/wp-content\/uploads\/2024\/05\/padresinteriors-atower0.png\",\"contentUrl\":\"https:\/\/padresinteriors.com\/wp-content\/uploads\/2024\/05\/padresinteriors-atower0.png\"},{\"@type\":\"BreadcrumbList\",\"@id\":\"https:\/\/padresinteriors.com\/ca\/cuina-a-tower\/#breadcrumb\",\"itemListElement\":[{\"@type\":\"ListItem\",\"position\":1,\"name\":\"Home\",\"item\":\"https:\/\/padresinteriors.com\/ca\/\"},{\"@type\":\"ListItem\",\"position\":2,\"name\":\"Cuina A-Tower\"}]},{\"@type\":\"WebSite\",\"@id\":\"https:\/\/padresinteriors.com\/ca\/#website\",\"url\":\"https:\/\/padresinteriors.com\/ca\/\",\"name\":\"Padr\u00e8s Interiors\",\"description\":\"Interior Design. Luxury Home Decor in Andorra.\",\"publisher\":{\"@id\":\"https:\/\/padresinteriors.com\/ca\/#organization\"},\"potentialAction\":[{\"@type\":\"SearchAction\",\"target\":{\"@type\":\"EntryPoint\",\"urlTemplate\":\"https:\/\/padresinteriors.com\/ca\/?s={search_term_string}\"},\"query-input\":{\"@type\":\"PropertyValueSpecification\",\"valueRequired\":true,\"valueName\":\"search_term_string\"}}],\"inLanguage\":\"ca\"},{\"@type\":\"Organization\",\"@id\":\"https:\/\/padresinteriors.com\/ca\/#organization\",\"name\":\"Padr\u00e8s Interiors\",\"url\":\"https:\/\/padresinteriors.com\/ca\/\",\"logo\":{\"@type\":\"ImageObject\",\"inLanguage\":\"ca\",\"@id\":\"https:\/\/padresinteriors.com\/ca\/#\/schema\/logo\/image\/\",\"url\":\"https:\/\/padresinteriors.com\/wp-content\/uploads\/2024\/02\/PADRES_interiors_logo.svg\",\"contentUrl\":\"https:\/\/padresinteriors.com\/wp-content\/uploads\/2024\/02\/PADRES_interiors_logo.svg\",\"width\":160,\"height\":98,\"caption\":\"Padr\u00e8s Interiors\"},\"image\":{\"@id\":\"https:\/\/padresinteriors.com\/ca\/#\/schema\/logo\/image\/\"}}]}<\/script>\n<!-- \/ Yoast SEO plugin. -->","yoast_head_json":{"title":"Disseny de Cuina Oberta i Elegant a Andorra","description":"Disseny i reforma de cuina a Andorra, amb un estil contemporani. Cuina oberta al sal\u00f3, amb illa central estilitzada.","robots":{"index":"index","follow":"follow","max-snippet":"max-snippet:-1","max-image-preview":"max-image-preview:large","max-video-preview":"max-video-preview:-1"},"canonical":"https:\/\/padresinteriors.com\/ca\/cuina-a-tower\/","og_locale":"ca_ES","og_type":"article","og_title":"Disseny de Cuina Oberta i Elegant a Andorra","og_description":"Disseny i reforma de cuina a Andorra, amb un estil contemporani. Cuina oberta al sal\u00f3, amb illa central estilitzada.","og_url":"https:\/\/padresinteriors.com\/ca\/cuina-a-tower\/","og_site_name":"Padr\u00e8s Interiors","article_modified_time":"2024-07-08T16:43:36+00:00","og_image":[{"url":"https:\/\/padresinteriors.com\/wp-content\/uploads\/2024\/05\/padresinteriors-atower0.png","type":"","width":"","height":""}],"twitter_card":"summary_large_image","twitter_misc":{"Temps estimat de lectura":"3 minuts"},"schema":{"@context":"https:\/\/schema.org","@graph":[{"@type":"WebPage","@id":"https:\/\/padresinteriors.com\/ca\/cuina-a-tower\/","url":"https:\/\/padresinteriors.com\/ca\/cuina-a-tower\/","name":"Disseny de Cuina Oberta i Elegant a Andorra","isPartOf":{"@id":"https:\/\/padresinteriors.com\/ca\/#website"},"primaryImageOfPage":{"@id":"https:\/\/padresinteriors.com\/ca\/cuina-a-tower\/#primaryimage"},"image":{"@id":"https:\/\/padresinteriors.com\/ca\/cuina-a-tower\/#primaryimage"},"thumbnailUrl":"https:\/\/padresinteriors.com\/wp-content\/uploads\/2024\/05\/padresinteriors-atower0.png","datePublished":"2024-05-07T15:07:22+00:00","dateModified":"2024-07-08T16:43:36+00:00","description":"Disseny i reforma de cuina a Andorra, amb un estil contemporani. Cuina oberta al sal\u00f3, amb illa central estilitzada.","breadcrumb":{"@id":"https:\/\/padresinteriors.com\/ca\/cuina-a-tower\/#breadcrumb"},"inLanguage":"ca","potentialAction":[{"@type":"ReadAction","target":["https:\/\/padresinteriors.com\/ca\/cuina-a-tower\/"]}]},{"@type":"ImageObject","inLanguage":"ca","@id":"https:\/\/padresinteriors.com\/ca\/cuina-a-tower\/#primaryimage","url":"https:\/\/padresinteriors.com\/wp-content\/uploads\/2024\/05\/padresinteriors-atower0.png","contentUrl":"https:\/\/padresinteriors.com\/wp-content\/uploads\/2024\/05\/padresinteriors-atower0.png"},{"@type":"BreadcrumbList","@id":"https:\/\/padresinteriors.com\/ca\/cuina-a-tower\/#breadcrumb","itemListElement":[{"@type":"ListItem","position":1,"name":"Home","item":"https:\/\/padresinteriors.com\/ca\/"},{"@type":"ListItem","position":2,"name":"Cuina A-Tower"}]},{"@type":"WebSite","@id":"https:\/\/padresinteriors.com\/ca\/#website","url":"https:\/\/padresinteriors.com\/ca\/","name":"Padr\u00e8s Interiors","description":"Interior Design. Luxury Home Decor in Andorra.","publisher":{"@id":"https:\/\/padresinteriors.com\/ca\/#organization"},"potentialAction":[{"@type":"SearchAction","target":{"@type":"EntryPoint","urlTemplate":"https:\/\/padresinteriors.com\/ca\/?s={search_term_string}"},"query-input":{"@type":"PropertyValueSpecification","valueRequired":true,"valueName":"search_term_string"}}],"inLanguage":"ca"},{"@type":"Organization","@id":"https:\/\/padresinteriors.com\/ca\/#organization","name":"Padr\u00e8s Interiors","url":"https:\/\/padresinteriors.com\/ca\/","logo":{"@type":"ImageObject","inLanguage":"ca","@id":"https:\/\/padresinteriors.com\/ca\/#\/schema\/logo\/image\/","url":"https:\/\/padresinteriors.com\/wp-content\/uploads\/2024\/02\/PADRES_interiors_logo.svg","contentUrl":"https:\/\/padresinteriors.com\/wp-content\/uploads\/2024\/02\/PADRES_interiors_logo.svg","width":160,"height":98,"caption":"Padr\u00e8s Interiors"},"image":{"@id":"https:\/\/padresinteriors.com\/ca\/#\/schema\/logo\/image\/"}}]}},"_links":{"self":[{"href":"https:\/\/padresinteriors.com\/ca\/wp-json\/wp\/v2\/pages\/2209","targetHints":{"allow":["GET"]}}],"collection":[{"href":"https:\/\/padresinteriors.com\/ca\/wp-json\/wp\/v2\/pages"}],"about":[{"href":"https:\/\/padresinteriors.com\/ca\/wp-json\/wp\/v2\/types\/page"}],"author":[{"embeddable":true,"href":"https:\/\/padresinteriors.com\/ca\/wp-json\/wp\/v2\/users\/1"}],"replies":[{"embeddable":true,"href":"https:\/\/padresinteriors.com\/ca\/wp-json\/wp\/v2\/comments?post=2209"}],"version-history":[{"count":4,"href":"https:\/\/padresinteriors.com\/ca\/wp-json\/wp\/v2\/pages\/2209\/revisions"}],"predecessor-version":[{"id":2357,"href":"https:\/\/padresinteriors.com\/ca\/wp-json\/wp\/v2\/pages\/2209\/revisions\/2357"}],"wp:attachment":[{"href":"https:\/\/padresinteriors.com\/ca\/wp-json\/wp\/v2\/media?parent=2209"}],"curies":[{"name":"wp","href":"https:\/\/api.w.org\/{rel}","templated":true}]}}