{"id":2207,"date":"2024-04-08T14:17:19","date_gmt":"2024-04-08T14:17:19","guid":{"rendered":"https:\/\/padresinteriors.com\/contacte\/"},"modified":"2024-07-08T10:08:33","modified_gmt":"2024-07-08T10:08:33","slug":"contacte","status":"publish","type":"page","link":"https:\/\/padresinteriors.com\/ca\/contacte\/","title":{"rendered":"Contacte"},"content":{"rendered":"\t\t<div data-elementor-type=\"wp-page\" data-elementor-id=\"2207\" class=\"elementor elementor-2207 elementor-366\" data-elementor-post-type=\"page\">\n\t\t\t\t<div class=\"elementor-element elementor-element-d14c2f7 e-flex e-con-boxed e-con e-parent\" data-id=\"d14c2f7\" data-element_type=\"container\" data-e-type=\"container\">\n\t\t\t\t\t<div class=\"e-con-inner\">\n\t\t\t\t<div class=\"elementor-element elementor-element-22dff42 elementor-widget elementor-widget-spacer\" data-id=\"22dff42\" data-element_type=\"widget\" data-e-type=\"widget\" data-widget_type=\"spacer.default\">\n\t\t\t\t<div class=\"elementor-widget-container\">\n\t\t\t\t\t\t\t<div class=\"elementor-spacer\">\n\t\t\t<div class=\"elementor-spacer-inner\"><\/div>\n\t\t<\/div>\n\t\t\t\t\t\t<\/div>\n\t\t\t\t<\/div>\n\t\t\t\t\t<\/div>\n\t\t\t\t<\/div>\n\t\t<div class=\"elementor-element elementor-element-700d429 e-flex e-con-boxed e-con e-parent\" data-id=\"700d429\" data-element_type=\"container\" data-e-type=\"container\">\n\t\t\t\t\t<div class=\"e-con-inner\">\n\t\t\t\t<div class=\"elementor-element elementor-element-ce404a9 elementor-widget elementor-widget-heading\" data-id=\"ce404a9\" data-element_type=\"widget\" data-e-type=\"widget\" data-widget_type=\"heading.default\">\n\t\t\t\t<div class=\"elementor-widget-container\">\n\t\t\t\t\t<h2 class=\"elementor-heading-title elementor-size-default\">Omple el seg\u00fcent formulari i ens posarem en contacte amb tu\n<\/h2>\t\t\t\t<\/div>\n\t\t\t\t<\/div>\n\t\t\t\t\t<\/div>\n\t\t\t\t<\/div>\n\t\t<div class=\"elementor-element elementor-element-ee2896f e-con-full e-flex e-con e-parent\" data-id=\"ee2896f\" data-element_type=\"container\" data-e-type=\"container\">\n\t\t\t\t<div class=\"elementor-element elementor-element-0614ca6 elementor-widget__width-initial elementor-widget elementor-widget-text-editor\" data-id=\"0614ca6\" data-element_type=\"widget\" data-e-type=\"widget\" data-widget_type=\"text-editor.default\">\n\t\t\t\t<div class=\"elementor-widget-container\">\n\t\t\t\t\t\t\t\t\t<p><span style=\"font-weight: 400;\">Si tens un projecte al cap i est\u00e0s buscant un estudi d&#8217;interiorisme i decoraci\u00f3 a Andorra que t&#8217;ajudi a dur-lo a terme, contacta amb nosaltres.  <br \/><\/span><\/p>\n<p><span style=\"font-weight: 400;\">\u00c9s la teva oportunitat d&#8217;iniciar el proc\u00e9s conceptual de la teva nova llar, podr\u00e0s resoldre els teus dilemes sobre decoraci\u00f3, aprendr\u00e0s a decidir com vols que sigui el teu espai i descobrir\u00e0s com aquesta visi\u00f3 encaixa amb la teva personalitat i estil de vida.<\/span><\/p>\n\t\t\t\t\t\t\t\t<\/div>\n\t\t\t\t<\/div>\n\t\t\t\t<\/div>\n\t\t<div class=\"elementor-element elementor-element-6131c28 e-con-full e-flex e-con e-parent\" data-id=\"6131c28\" data-element_type=\"container\" data-e-type=\"container\">\n\t\t<div class=\"elementor-element elementor-element-bf03098 e-con-full e-flex e-con e-child\" data-id=\"bf03098\" data-element_type=\"container\" data-e-type=\"container\">\n\t\t\t\t<\/div>\n\t\t<div class=\"elementor-element elementor-element-060a1fb e-con-full e-flex e-con e-child\" data-id=\"060a1fb\" data-element_type=\"container\" data-e-type=\"container\">\n\t\t\t\t<div class=\"elementor-element elementor-element-40b43ff elementor-button-align-center elementor-widget elementor-widget-form\" data-id=\"40b43ff\" data-element_type=\"widget\" data-e-type=\"widget\" data-settings=\"{&quot;step_next_label&quot;:&quot;Next&quot;,&quot;step_previous_label&quot;:&quot;Previous&quot;,&quot;button_width&quot;:&quot;100&quot;,&quot;step_type&quot;:&quot;number_text&quot;,&quot;step_icon_shape&quot;:&quot;circle&quot;}\" data-widget_type=\"form.default\">\n\t\t\t\t<div class=\"elementor-widget-container\">\n\t\t\t\t\t\t\t<form class=\"elementor-form\" method=\"post\" name=\"CONTACTA\" aria-label=\"CONTACTA\">\n\t\t\t<input type=\"hidden\" name=\"post_id\" value=\"2207\"\/>\n\t\t\t<input type=\"hidden\" name=\"form_id\" value=\"40b43ff\"\/>\n\t\t\t<input type=\"hidden\" name=\"referer_title\" value=\"Contacta amb Padr\u00e8s Interiors - Estudi d&#039;interiorisme\" \/>\n\n\t\t\t\t\t\t\t<input type=\"hidden\" name=\"queried_id\" value=\"2207\"\/>\n\t\t\t\n\t\t\t<div class=\"elementor-form-fields-wrapper elementor-labels-\">\n\t\t\t\t\t\t\t\t<div class=\"elementor-field-type-text elementor-field-group elementor-column elementor-field-group-name elementor-col-50 elementor-field-required\">\n\t\t\t\t\t\t\t\t\t\t\t\t<label for=\"form-field-name\" class=\"elementor-field-label elementor-screen-only\">\n\t\t\t\t\t\t\t\tNom\t\t\t\t\t\t\t<\/label>\n\t\t\t\t\t\t\t\t\t\t\t\t\t\t<input size=\"1\" type=\"text\" name=\"form_fields[name]\" id=\"form-field-name\" class=\"elementor-field elementor-size-sm  elementor-field-textual\" placeholder=\"Nom\" required=\"required\">\n\t\t\t\t\t\t\t\t\t\t\t<\/div>\n\t\t\t\t\t\t\t\t<div class=\"elementor-field-type-text elementor-field-group elementor-column elementor-field-group-email elementor-col-50 elementor-field-required\">\n\t\t\t\t\t\t\t\t\t\t\t\t<label for=\"form-field-email\" class=\"elementor-field-label elementor-screen-only\">\n\t\t\t\t\t\t\t\tCognom\t\t\t\t\t\t\t<\/label>\n\t\t\t\t\t\t\t\t\t\t\t\t\t\t<input size=\"1\" type=\"text\" name=\"form_fields[email]\" id=\"form-field-email\" class=\"elementor-field elementor-size-sm  elementor-field-textual\" placeholder=\"Cognom\" required=\"required\">\n\t\t\t\t\t\t\t\t\t\t\t<\/div>\n\t\t\t\t\t\t\t\t<div class=\"elementor-field-type-email elementor-field-group elementor-column elementor-field-group-field_c4b5e37 elementor-col-50 elementor-field-required\">\n\t\t\t\t\t\t\t\t\t\t\t\t<label for=\"form-field-field_c4b5e37\" class=\"elementor-field-label elementor-screen-only\">\n\t\t\t\t\t\t\t\tEmail\t\t\t\t\t\t\t<\/label>\n\t\t\t\t\t\t\t\t\t\t\t\t\t\t<input size=\"1\" type=\"email\" name=\"form_fields[field_c4b5e37]\" id=\"form-field-field_c4b5e37\" class=\"elementor-field elementor-size-sm  elementor-field-textual\" placeholder=\"E-mail\" required=\"required\">\n\t\t\t\t\t\t\t\t\t\t\t<\/div>\n\t\t\t\t\t\t\t\t<div class=\"elementor-field-type-phone_number_prefix_selector_form_field elementor-field-group elementor-column elementor-field-group-field_60a7853 elementor-col-20 elementor-sm-25 elementor-field-required\">\n\t\t\t\t\t\t\t\t\t\t\t\t<label for=\"form-field-field_60a7853\" class=\"elementor-field-label elementor-screen-only\">\n\t\t\t\t\t\t\t\tprefix\t\t\t\t\t\t\t<\/label>\n\t\t\t\t\t\t<select class=\"startklar_country_selector\" name=\"form_fields[field_60a7853]\" data-options='{\"display_composition\":\"name_only\",\"phone_numb_format\":\"\"}' ><\/select><style>\n.select2.select2-container  .select2-selection .select2-selection__rendered span { font-weight: 400 ;} <\/style>\t\t\t\t<\/div>\n\t\t\t\t\t\t\t\t<div class=\"elementor-field-type-tel elementor-field-group elementor-column elementor-field-group-field_ac51833 elementor-col-30 elementor-sm-75 elementor-field-required\">\n\t\t\t\t\t\t\t\t\t\t\t\t<label for=\"form-field-field_ac51833\" class=\"elementor-field-label elementor-screen-only\">\n\t\t\t\t\t\t\t\tTel\t\t\t\t\t\t\t<\/label>\n\t\t\t\t\t\t\t\t<input size=\"1\" type=\"tel\" name=\"form_fields[field_ac51833]\" id=\"form-field-field_ac51833\" class=\"elementor-field elementor-size-sm  elementor-field-textual\" placeholder=\"Tel\u00e8fon\" required=\"required\" pattern=\"[0-9()#&amp;+*-=.]+\" title=\"Only numbers and phone characters (#, -, *, etc) are accepted.\">\n\n\t\t\t\t\t\t<\/div>\n\t\t\t\t\t\t\t\t<div class=\"elementor-field-type-textarea elementor-field-group elementor-column elementor-field-group-message elementor-col-100\">\n\t\t\t\t\t\t\t\t\t\t\t\t<label for=\"form-field-message\" class=\"elementor-field-label elementor-screen-only\">\n\t\t\t\t\t\t\t\tComentaris\t\t\t\t\t\t\t<\/label>\n\t\t\t\t\t\t<textarea class=\"elementor-field-textual elementor-field  elementor-size-sm\" name=\"form_fields[message]\" id=\"form-field-message\" rows=\"10\" placeholder=\"Comentaris\"><\/textarea>\t\t\t\t<\/div>\n\t\t\t\t\t\t\t\t<div class=\"elementor-field-type-acceptance elementor-field-group elementor-column elementor-field-group-field_d1149d2 elementor-col-100 elementor-field-required\">\n\t\t\t\t\t\t\t\t\t\t\t\t<label for=\"form-field-field_d1149d2\" class=\"elementor-field-label elementor-screen-only\">\n\t\t\t\t\t\t\t\tPol\u00edtica de privadesa\t\t\t\t\t\t\t<\/label>\n\t\t\t\t\t\t\t\t<div class=\"elementor-field-subgroup\">\n\t\t\t<span class=\"elementor-field-option\">\n\t\t\t\t<input type=\"checkbox\" name=\"form_fields[field_d1149d2]\" id=\"form-field-field_d1149d2\" class=\"elementor-field elementor-size-sm  elementor-acceptance-field\" required=\"required\">\n\t\t\t\t<label for=\"form-field-field_d1149d2\">He llegit i accepto la Pol\u00edtica de Privadesa.<\/label>\t\t\t<\/span>\n\t\t<\/div>\n\t\t\t\t\t\t<\/div>\n\t\t\t\t\t\t\t\t<div class=\"elementor-field-group elementor-column elementor-field-type-submit elementor-col-100 e-form__buttons\">\n\t\t\t\t\t<button class=\"elementor-button elementor-size-xs\" type=\"submit\">\n\t\t\t\t\t\t<span class=\"elementor-button-content-wrapper\">\n\t\t\t\t\t\t\t\t\t\t\t\t\t\t\t\t\t\t\t\t\t\t<span class=\"elementor-button-text\">ENVIA<\/span>\n\t\t\t\t\t\t\t\t\t\t\t\t\t<\/span>\n\t\t\t\t\t<\/button>\n\t\t\t\t<\/div>\n\t\t\t<\/div>\n\t\t<\/form>\n\t\t\t\t\t\t<\/div>\n\t\t\t\t<\/div>\n\t\t\t\t<\/div>\n\t\t<div class=\"elementor-element elementor-element-de27893 e-con-full e-flex e-con e-child\" data-id=\"de27893\" data-element_type=\"container\" data-e-type=\"container\">\n\t\t\t\t<\/div>\n\t\t\t\t<\/div>\n\t\t<div class=\"elementor-element elementor-element-e0847c2 e-flex e-con-boxed e-con e-parent\" data-id=\"e0847c2\" data-element_type=\"container\" data-e-type=\"container\">\n\t\t\t\t\t<div class=\"e-con-inner\">\n\t\t\t\t<div class=\"elementor-element elementor-element-033a16f elementor-align-center elementor-icon-list--layout-traditional elementor-list-item-link-full_width elementor-widget elementor-widget-icon-list\" data-id=\"033a16f\" data-element_type=\"widget\" data-e-type=\"widget\" data-widget_type=\"icon-list.default\">\n\t\t\t\t<div class=\"elementor-widget-container\">\n\t\t\t\t\t\t\t<ul class=\"elementor-icon-list-items\">\n\t\t\t\t\t\t\t<li class=\"elementor-icon-list-item\">\n\t\t\t\t\t\t\t\t\t\t\t<a href=\"mailto:proyectos@padresinteriors.com\">\n\n\t\t\t\t\t\t\t\t\t\t\t\t<span class=\"elementor-icon-list-icon\">\n\t\t\t\t\t\t\t<svg aria-hidden=\"true\" class=\"e-font-icon-svg e-far-envelope\" viewBox=\"0 0 512 512\" xmlns=\"http:\/\/www.w3.org\/2000\/svg\"><path d=\"M464 64H48C21.49 64 0 85.49 0 112v288c0 26.51 21.49 48 48 48h416c26.51 0 48-21.49 48-48V112c0-26.51-21.49-48-48-48zm0 48v40.805c-22.422 18.259-58.168 46.651-134.587 106.49-16.841 13.247-50.201 45.072-73.413 44.701-23.208.375-56.579-31.459-73.413-44.701C106.18 199.465 70.425 171.067 48 152.805V112h416zM48 400V214.398c22.914 18.251 55.409 43.862 104.938 82.646 21.857 17.205 60.134 55.186 103.062 54.955 42.717.231 80.509-37.199 103.053-54.947 49.528-38.783 82.032-64.401 104.947-82.653V400H48z\"><\/path><\/svg>\t\t\t\t\t\t<\/span>\n\t\t\t\t\t\t\t\t\t\t<span class=\"elementor-icon-list-text\">proyectos@paresinteriors.com<\/span>\n\t\t\t\t\t\t\t\t\t\t\t<\/a>\n\t\t\t\t\t\t\t\t\t<\/li>\n\t\t\t\t\t\t\t\t<li class=\"elementor-icon-list-item\">\n\t\t\t\t\t\t\t\t\t\t\t<a href=\"https:\/\/api.whatsapp.com\/send\/?phone=376339458\">\n\n\t\t\t\t\t\t\t\t\t\t\t\t<span class=\"elementor-icon-list-icon\">\n\t\t\t\t\t\t\t<svg aria-hidden=\"true\" class=\"e-font-icon-svg e-fas-phone-alt\" viewBox=\"0 0 512 512\" xmlns=\"http:\/\/www.w3.org\/2000\/svg\"><path d=\"M497.39 361.8l-112-48a24 24 0 0 0-28 6.9l-49.6 60.6A370.66 370.66 0 0 1 130.6 204.11l60.6-49.6a23.94 23.94 0 0 0 6.9-28l-48-112A24.16 24.16 0 0 0 122.6.61l-104 24A24 24 0 0 0 0 48c0 256.5 207.9 464 464 464a24 24 0 0 0 23.4-18.6l24-104a24.29 24.29 0 0 0-14.01-27.6z\"><\/path><\/svg>\t\t\t\t\t\t<\/span>\n\t\t\t\t\t\t\t\t\t\t<span class=\"elementor-icon-list-text\">+376 339 458<\/span>\n\t\t\t\t\t\t\t\t\t\t\t<\/a>\n\t\t\t\t\t\t\t\t\t<\/li>\n\t\t\t\t\t\t<\/ul>\n\t\t\t\t\t\t<\/div>\n\t\t\t\t<\/div>\n\t\t<div class=\"elementor-element elementor-element-b7de15d e-con-full e-flex e-con e-child\" data-id=\"b7de15d\" data-element_type=\"container\" data-e-type=\"container\">\n\t\t\t\t<\/div>\n\t\t\t\t\t<\/div>\n\t\t\t\t<\/div>\n\t\t\t\t<\/div>\n\t\t","protected":false},"excerpt":{"rendered":"<p>Omple el seg\u00fcent formulari i ens posarem en contacte amb tu Si tens un projecte al cap i est\u00e0s buscant un estudi d&#8217;interiorisme i decoraci\u00f3 a Andorra que t&#8217;ajudi a dur-lo a terme, contacta amb nosaltres. \u00c9s la teva oportunitat d&#8217;iniciar el proc\u00e9s conceptual de la teva nova llar, podr\u00e0s resoldre els teus dilemes sobre [&hellip;]<\/p>\n","protected":false},"author":1,"featured_media":0,"parent":0,"menu_order":0,"comment_status":"closed","ping_status":"closed","template":"elementor_header_footer","meta":{"footnotes":""},"class_list":["post-2207","page","type-page","status-publish","hentry"],"yoast_head":"<!-- This site is optimized with the Yoast SEO plugin v27.0 - https:\/\/yoast.com\/product\/yoast-seo-wordpress\/ -->\n<title>Contacta amb Padr\u00e8s Interiors - Estudi d&#039;interiorisme<\/title>\n<meta name=\"description\" content=\"Poseu-vos en contacte amb el nostre equip d&#039;experts en disseny d&#039;interiors per sol\u00b7licitar informaci\u00f3 o pressupost sense comprom\u00eds.\" \/>\n<meta name=\"robots\" content=\"index, follow, max-snippet:-1, max-image-preview:large, max-video-preview:-1\" \/>\n<link rel=\"canonical\" href=\"https:\/\/padresinteriors.com\/ca\/contacte\/\" \/>\n<meta property=\"og:locale\" content=\"ca_ES\" \/>\n<meta property=\"og:type\" content=\"article\" \/>\n<meta property=\"og:title\" content=\"Contacta amb Padr\u00e8s Interiors - Estudi d&#039;interiorisme\" \/>\n<meta property=\"og:description\" content=\"Poseu-vos en contacte amb el nostre equip d&#039;experts en disseny d&#039;interiors per sol\u00b7licitar informaci\u00f3 o pressupost sense comprom\u00eds.\" \/>\n<meta property=\"og:url\" content=\"https:\/\/padresinteriors.com\/ca\/contacte\/\" \/>\n<meta property=\"og:site_name\" content=\"Padr\u00e8s Interiors\" \/>\n<meta property=\"article:modified_time\" content=\"2024-07-08T10:08:33+00:00\" \/>\n<meta name=\"twitter:card\" content=\"summary_large_image\" \/>\n<meta name=\"twitter:label1\" content=\"Temps estimat de lectura\" \/>\n\t<meta name=\"twitter:data1\" content=\"5 minuts\" \/>\n<script type=\"application\/ld+json\" class=\"yoast-schema-graph\">{\"@context\":\"https:\/\/schema.org\",\"@graph\":[{\"@type\":\"WebPage\",\"@id\":\"https:\/\/padresinteriors.com\/ca\/contacte\/\",\"url\":\"https:\/\/padresinteriors.com\/ca\/contacte\/\",\"name\":\"Contacta amb Padr\u00e8s Interiors - Estudi d'interiorisme\",\"isPartOf\":{\"@id\":\"https:\/\/padresinteriors.com\/ca\/#website\"},\"datePublished\":\"2024-04-08T14:17:19+00:00\",\"dateModified\":\"2024-07-08T10:08:33+00:00\",\"description\":\"Poseu-vos en contacte amb el nostre equip d'experts en disseny d'interiors per sol\u00b7licitar informaci\u00f3 o pressupost sense comprom\u00eds.\",\"breadcrumb\":{\"@id\":\"https:\/\/padresinteriors.com\/ca\/contacte\/#breadcrumb\"},\"inLanguage\":\"ca\",\"potentialAction\":[{\"@type\":\"ReadAction\",\"target\":[\"https:\/\/padresinteriors.com\/ca\/contacte\/\"]}]},{\"@type\":\"BreadcrumbList\",\"@id\":\"https:\/\/padresinteriors.com\/ca\/contacte\/#breadcrumb\",\"itemListElement\":[{\"@type\":\"ListItem\",\"position\":1,\"name\":\"Home\",\"item\":\"https:\/\/padresinteriors.com\/ca\/\"},{\"@type\":\"ListItem\",\"position\":2,\"name\":\"Contacte\"}]},{\"@type\":\"WebSite\",\"@id\":\"https:\/\/padresinteriors.com\/ca\/#website\",\"url\":\"https:\/\/padresinteriors.com\/ca\/\",\"name\":\"Padr\u00e8s Interiors\",\"description\":\"Interior Design. Luxury Home Decor in Andorra.\",\"publisher\":{\"@id\":\"https:\/\/padresinteriors.com\/ca\/#organization\"},\"potentialAction\":[{\"@type\":\"SearchAction\",\"target\":{\"@type\":\"EntryPoint\",\"urlTemplate\":\"https:\/\/padresinteriors.com\/ca\/?s={search_term_string}\"},\"query-input\":{\"@type\":\"PropertyValueSpecification\",\"valueRequired\":true,\"valueName\":\"search_term_string\"}}],\"inLanguage\":\"ca\"},{\"@type\":\"Organization\",\"@id\":\"https:\/\/padresinteriors.com\/ca\/#organization\",\"name\":\"Padr\u00e8s Interiors\",\"url\":\"https:\/\/padresinteriors.com\/ca\/\",\"logo\":{\"@type\":\"ImageObject\",\"inLanguage\":\"ca\",\"@id\":\"https:\/\/padresinteriors.com\/ca\/#\/schema\/logo\/image\/\",\"url\":\"https:\/\/padresinteriors.com\/wp-content\/uploads\/2024\/02\/PADRES_interiors_logo.svg\",\"contentUrl\":\"https:\/\/padresinteriors.com\/wp-content\/uploads\/2024\/02\/PADRES_interiors_logo.svg\",\"width\":160,\"height\":98,\"caption\":\"Padr\u00e8s Interiors\"},\"image\":{\"@id\":\"https:\/\/padresinteriors.com\/ca\/#\/schema\/logo\/image\/\"}}]}<\/script>\n<!-- \/ Yoast SEO plugin. -->","yoast_head_json":{"title":"Contacta amb Padr\u00e8s Interiors - Estudi d'interiorisme","description":"Poseu-vos en contacte amb el nostre equip d'experts en disseny d'interiors per sol\u00b7licitar informaci\u00f3 o pressupost sense comprom\u00eds.","robots":{"index":"index","follow":"follow","max-snippet":"max-snippet:-1","max-image-preview":"max-image-preview:large","max-video-preview":"max-video-preview:-1"},"canonical":"https:\/\/padresinteriors.com\/ca\/contacte\/","og_locale":"ca_ES","og_type":"article","og_title":"Contacta amb Padr\u00e8s Interiors - Estudi d'interiorisme","og_description":"Poseu-vos en contacte amb el nostre equip d'experts en disseny d'interiors per sol\u00b7licitar informaci\u00f3 o pressupost sense comprom\u00eds.","og_url":"https:\/\/padresinteriors.com\/ca\/contacte\/","og_site_name":"Padr\u00e8s Interiors","article_modified_time":"2024-07-08T10:08:33+00:00","twitter_card":"summary_large_image","twitter_misc":{"Temps estimat de lectura":"5 minuts"},"schema":{"@context":"https:\/\/schema.org","@graph":[{"@type":"WebPage","@id":"https:\/\/padresinteriors.com\/ca\/contacte\/","url":"https:\/\/padresinteriors.com\/ca\/contacte\/","name":"Contacta amb Padr\u00e8s Interiors - Estudi d'interiorisme","isPartOf":{"@id":"https:\/\/padresinteriors.com\/ca\/#website"},"datePublished":"2024-04-08T14:17:19+00:00","dateModified":"2024-07-08T10:08:33+00:00","description":"Poseu-vos en contacte amb el nostre equip d'experts en disseny d'interiors per sol\u00b7licitar informaci\u00f3 o pressupost sense comprom\u00eds.","breadcrumb":{"@id":"https:\/\/padresinteriors.com\/ca\/contacte\/#breadcrumb"},"inLanguage":"ca","potentialAction":[{"@type":"ReadAction","target":["https:\/\/padresinteriors.com\/ca\/contacte\/"]}]},{"@type":"BreadcrumbList","@id":"https:\/\/padresinteriors.com\/ca\/contacte\/#breadcrumb","itemListElement":[{"@type":"ListItem","position":1,"name":"Home","item":"https:\/\/padresinteriors.com\/ca\/"},{"@type":"ListItem","position":2,"name":"Contacte"}]},{"@type":"WebSite","@id":"https:\/\/padresinteriors.com\/ca\/#website","url":"https:\/\/padresinteriors.com\/ca\/","name":"Padr\u00e8s Interiors","description":"Interior Design. Luxury Home Decor in Andorra.","publisher":{"@id":"https:\/\/padresinteriors.com\/ca\/#organization"},"potentialAction":[{"@type":"SearchAction","target":{"@type":"EntryPoint","urlTemplate":"https:\/\/padresinteriors.com\/ca\/?s={search_term_string}"},"query-input":{"@type":"PropertyValueSpecification","valueRequired":true,"valueName":"search_term_string"}}],"inLanguage":"ca"},{"@type":"Organization","@id":"https:\/\/padresinteriors.com\/ca\/#organization","name":"Padr\u00e8s Interiors","url":"https:\/\/padresinteriors.com\/ca\/","logo":{"@type":"ImageObject","inLanguage":"ca","@id":"https:\/\/padresinteriors.com\/ca\/#\/schema\/logo\/image\/","url":"https:\/\/padresinteriors.com\/wp-content\/uploads\/2024\/02\/PADRES_interiors_logo.svg","contentUrl":"https:\/\/padresinteriors.com\/wp-content\/uploads\/2024\/02\/PADRES_interiors_logo.svg","width":160,"height":98,"caption":"Padr\u00e8s Interiors"},"image":{"@id":"https:\/\/padresinteriors.com\/ca\/#\/schema\/logo\/image\/"}}]}},"_links":{"self":[{"href":"https:\/\/padresinteriors.com\/ca\/wp-json\/wp\/v2\/pages\/2207","targetHints":{"allow":["GET"]}}],"collection":[{"href":"https:\/\/padresinteriors.com\/ca\/wp-json\/wp\/v2\/pages"}],"about":[{"href":"https:\/\/padresinteriors.com\/ca\/wp-json\/wp\/v2\/types\/page"}],"author":[{"embeddable":true,"href":"https:\/\/padresinteriors.com\/ca\/wp-json\/wp\/v2\/users\/1"}],"replies":[{"embeddable":true,"href":"https:\/\/padresinteriors.com\/ca\/wp-json\/wp\/v2\/comments?post=2207"}],"version-history":[{"count":5,"href":"https:\/\/padresinteriors.com\/ca\/wp-json\/wp\/v2\/pages\/2207\/revisions"}],"predecessor-version":[{"id":2314,"href":"https:\/\/padresinteriors.com\/ca\/wp-json\/wp\/v2\/pages\/2207\/revisions\/2314"}],"wp:attachment":[{"href":"https:\/\/padresinteriors.com\/ca\/wp-json\/wp\/v2\/media?parent=2207"}],"curies":[{"name":"wp","href":"https:\/\/api.w.org\/{rel}","templated":true}]}}