{"id":2181,"date":"2024-05-07T15:09:16","date_gmt":"2024-05-07T15:09:16","guid":{"rendered":"https:\/\/padresinteriors.com\/habitacio-juvenil\/"},"modified":"2024-07-08T16:45:14","modified_gmt":"2024-07-08T16:45:14","slug":"habitacio-juvenil","status":"publish","type":"page","link":"https:\/\/padresinteriors.com\/ca\/habitacio-juvenil\/","title":{"rendered":"Habitaci\u00f3 juvenil"},"content":{"rendered":"\t\t<div data-elementor-type=\"wp-page\" data-elementor-id=\"2181\" class=\"elementor elementor-2181 elementor-577\" data-elementor-post-type=\"page\">\n\t\t\t\t<div class=\"elementor-element elementor-element-474f5cbc e-con-full e-flex e-con e-parent\" data-id=\"474f5cbc\" data-element_type=\"container\" data-e-type=\"container\">\n\t\t\t\t<div class=\"elementor-element elementor-element-21ec99c4 elementor-arrows-position-inside elementor-widget elementor-widget-image-carousel\" data-id=\"21ec99c4\" data-element_type=\"widget\" data-e-type=\"widget\" data-settings=\"{&quot;slides_to_show&quot;:&quot;1&quot;,&quot;navigation&quot;:&quot;arrows&quot;,&quot;infinite&quot;:&quot;yes&quot;,&quot;effect&quot;:&quot;slide&quot;,&quot;speed&quot;:500}\" data-widget_type=\"image-carousel.default\">\n\t\t\t\t<div class=\"elementor-widget-container\">\n\t\t\t\t\t\t\t<div class=\"elementor-image-carousel-wrapper swiper\" role=\"region\" aria-roledescription=\"carousel\" aria-label=\"Carrusel d&#039;imatges\" dir=\"ltr\">\n\t\t\t<div class=\"elementor-image-carousel swiper-wrapper\" aria-live=\"polite\">\n\t\t\t\t\t\t\t\t<div class=\"swiper-slide\" role=\"group\" aria-roledescription=\"slide\" aria-label=\"1 de 5\"><figure class=\"swiper-slide-inner\"><img decoding=\"async\" class=\"swiper-slide-image\" src=\"https:\/\/padresinteriors.com\/wp-content\/uploads\/2024\/05\/padresinteriors-habitacionjuvenil0.png\" alt=\"padresinteriors-habitacionjuvenil0\" \/><\/figure><\/div><div class=\"swiper-slide\" role=\"group\" aria-roledescription=\"slide\" aria-label=\"2 de 5\"><figure class=\"swiper-slide-inner\"><img decoding=\"async\" class=\"swiper-slide-image\" src=\"https:\/\/padresinteriors.com\/wp-content\/uploads\/2024\/05\/padresinteriors-habitacionjuvenil1.png\" alt=\"padresinteriors-habitacionjuvenil1\" \/><\/figure><\/div><div class=\"swiper-slide\" role=\"group\" aria-roledescription=\"slide\" aria-label=\"3 de 5\"><figure class=\"swiper-slide-inner\"><img decoding=\"async\" class=\"swiper-slide-image\" src=\"https:\/\/padresinteriors.com\/wp-content\/uploads\/2024\/05\/padresinteriors-habitacionjuvenil2.png\" alt=\"padresinteriors-habitacionjuvenil2\" \/><\/figure><\/div><div class=\"swiper-slide\" role=\"group\" aria-roledescription=\"slide\" aria-label=\"4 de 5\"><figure class=\"swiper-slide-inner\"><img decoding=\"async\" class=\"swiper-slide-image\" src=\"https:\/\/padresinteriors.com\/wp-content\/uploads\/2024\/05\/padresinteriors-habitacionjuvenil3.png\" alt=\"padresinteriors-habitacionjuvenil3\" \/><\/figure><\/div><div class=\"swiper-slide\" role=\"group\" aria-roledescription=\"slide\" aria-label=\"5 de 5\"><figure class=\"swiper-slide-inner\"><img decoding=\"async\" class=\"swiper-slide-image\" src=\"https:\/\/padresinteriors.com\/wp-content\/uploads\/2024\/05\/padresinteriors-habitacionjuvenil4.png\" alt=\"padresinteriors-habitacionjuvenil4\" \/><\/figure><\/div>\t\t\t<\/div>\n\t\t\t\t\t\t\t\t\t\t\t\t<div class=\"elementor-swiper-button elementor-swiper-button-prev\" role=\"button\" tabindex=\"0\">\n\t\t\t\t\t\t<svg aria-hidden=\"true\" class=\"e-font-icon-svg e-fas-chevron-circle-left\" viewBox=\"0 0 512 512\" xmlns=\"http:\/\/www.w3.org\/2000\/svg\"><path d=\"M256 504C119 504 8 393 8 256S119 8 256 8s248 111 248 248-111 248-248 248zM142.1 273l135.5 135.5c9.4 9.4 24.6 9.4 33.9 0l17-17c9.4-9.4 9.4-24.6 0-33.9L226.9 256l101.6-101.6c9.4-9.4 9.4-24.6 0-33.9l-17-17c-9.4-9.4-24.6-9.4-33.9 0L142.1 239c-9.4 9.4-9.4 24.6 0 34z\"><\/path><\/svg>\t\t\t\t\t<\/div>\n\t\t\t\t\t<div class=\"elementor-swiper-button elementor-swiper-button-next\" role=\"button\" tabindex=\"0\">\n\t\t\t\t\t\t<svg aria-hidden=\"true\" class=\"e-font-icon-svg e-fas-chevron-circle-right\" viewBox=\"0 0 512 512\" xmlns=\"http:\/\/www.w3.org\/2000\/svg\"><path d=\"M256 8c137 0 248 111 248 248S393 504 256 504 8 393 8 256 119 8 256 8zm113.9 231L234.4 103.5c-9.4-9.4-24.6-9.4-33.9 0l-17 17c-9.4 9.4-9.4 24.6 0 33.9L285.1 256 183.5 357.6c-9.4 9.4-9.4 24.6 0 33.9l17 17c9.4 9.4 24.6 9.4 33.9 0L369.9 273c9.4-9.4 9.4-24.6 0-34z\"><\/path><\/svg>\t\t\t\t\t<\/div>\n\t\t\t\t\n\t\t\t\t\t\t\t\t\t<\/div>\n\t\t\t\t\t\t<\/div>\n\t\t\t\t<\/div>\n\t\t\t\t<\/div>\n\t\t<div class=\"elementor-element elementor-element-1caa439 e-con-full e-flex e-con e-parent\" data-id=\"1caa439\" data-element_type=\"container\" data-e-type=\"container\">\n\t\t<div class=\"elementor-element elementor-element-817f8c1 e-con-full e-flex e-con e-child\" data-id=\"817f8c1\" data-element_type=\"container\" data-e-type=\"container\">\n\t\t\t\t<div class=\"elementor-element elementor-element-6a2947e elementor-align-left elementor-widget elementor-widget-button\" data-id=\"6a2947e\" data-element_type=\"widget\" data-e-type=\"widget\" data-widget_type=\"button.default\">\n\t\t\t\t<div class=\"elementor-widget-container\">\n\t\t\t\t\t\t\t\t\t<div class=\"elementor-button-wrapper\">\n\t\t\t\t\t<a class=\"elementor-button elementor-button-link elementor-size-sm\" href=\"https:\/\/padresinteriors.com\/ca\/sweet-dreams\/\">\n\t\t\t\t\t\t<span class=\"elementor-button-content-wrapper\">\n\t\t\t\t\t\t\t\t\t<span class=\"elementor-button-text\">PROJECTE ANTERIOR<\/span>\n\t\t\t\t\t<\/span>\n\t\t\t\t\t<\/a>\n\t\t\t\t<\/div>\n\t\t\t\t\t\t\t\t<\/div>\n\t\t\t\t<\/div>\n\t\t\t\t<\/div>\n\t\t<div class=\"elementor-element elementor-element-2866dd8 e-con-full e-flex e-con e-child\" data-id=\"2866dd8\" data-element_type=\"container\" data-e-type=\"container\">\n\t\t\t\t<\/div>\n\t\t<div class=\"elementor-element elementor-element-074a548 e-con-full e-flex e-con e-child\" data-id=\"074a548\" data-element_type=\"container\" data-e-type=\"container\">\n\t\t\t\t<div class=\"elementor-element elementor-element-564d3ef elementor-align-left elementor-widget elementor-widget-button\" data-id=\"564d3ef\" data-element_type=\"widget\" data-e-type=\"widget\" data-widget_type=\"button.default\">\n\t\t\t\t<div class=\"elementor-widget-container\">\n\t\t\t\t\t\t\t\t\t<div class=\"elementor-button-wrapper\">\n\t\t\t\t\t<a class=\"elementor-button elementor-button-link elementor-size-sm\" href=\"https:\/\/padresinteriors.com\/ca\/breakfast-nook\/\">\n\t\t\t\t\t\t<span class=\"elementor-button-content-wrapper\">\n\t\t\t\t\t\t\t\t\t<span class=\"elementor-button-text\">PROJECTE SEG\u00dcENT<\/span>\n\t\t\t\t\t<\/span>\n\t\t\t\t\t<\/a>\n\t\t\t\t<\/div>\n\t\t\t\t\t\t\t\t<\/div>\n\t\t\t\t<\/div>\n\t\t\t\t<\/div>\n\t\t\t\t<\/div>\n\t\t<div class=\"elementor-element elementor-element-43fa6993 e-con-full e-flex e-con e-parent\" data-id=\"43fa6993\" data-element_type=\"container\" data-e-type=\"container\">\n\t\t<div class=\"elementor-element elementor-element-f1d78b2 e-con-full e-flex e-con e-child\" data-id=\"f1d78b2\" data-element_type=\"container\" data-e-type=\"container\">\n\t\t\t\t<div class=\"elementor-element elementor-element-1328beb elementor-widget elementor-widget-heading\" data-id=\"1328beb\" data-element_type=\"widget\" data-e-type=\"widget\" data-widget_type=\"heading.default\">\n\t\t\t\t<div class=\"elementor-widget-container\">\n\t\t\t\t\t<h2 class=\"elementor-heading-title elementor-size-default\">HABITACI\u00d3 JUVENIL<\/h2>\t\t\t\t<\/div>\n\t\t\t\t<\/div>\n\t\t\t\t<div class=\"elementor-element elementor-element-ffaf1be elementor-widget elementor-widget-heading\" data-id=\"ffaf1be\" data-element_type=\"widget\" data-e-type=\"widget\" data-widget_type=\"heading.default\">\n\t\t\t\t<div class=\"elementor-widget-container\">\n\t\t\t\t\t<h2 class=\"elementor-heading-title elementor-size-default\">ANDORRA<\/h2>\t\t\t\t<\/div>\n\t\t\t\t<\/div>\n\t\t\t\t<\/div>\n\t\t<div class=\"elementor-element elementor-element-c36b036 e-con-full e-flex e-con e-child\" data-id=\"c36b036\" data-element_type=\"container\" data-e-type=\"container\">\n\t\t\t\t<div class=\"elementor-element elementor-element-572b5d0f elementor-widget elementor-widget-text-editor\" data-id=\"572b5d0f\" data-element_type=\"widget\" data-e-type=\"widget\" data-widget_type=\"text-editor.default\">\n\t\t\t\t<div class=\"elementor-widget-container\">\n\t\t\t\t\t\t\t\t\t<p>Disseny duna habitaci\u00f3 per a una adolescent que volia una habitaci\u00f3 en tons blanc i blau, pr\u00e0ctica i amb abundant espai demmagatzematge.<\/p>\n<p>La distribuci\u00f3 de la mateixa va partir del concepte sof\u00e0-llit niu orientat a les vistes a la muntanya, per gaudir dels moments de relax i lectura al costat de la llum natural que entra pel balc\u00f3. Per aix\u00f2 es va dissenyar un moble a mida en laca, en qu\u00e8 el blanc de la fusteria cedeix el protagonisme al color del coordinat dels t\u00e8xtils en blau i morat, i contrasta lleugerament amb el paper de paret en blau cel.<\/p>\n<p>S&#8217;hi va incloure tamb\u00e9 una \u00e0mplia zona de treball adjunta a un armari a paret, amb part de les prestatgeries vistes i retroil\u00b7luminades, amb la fusta coordinada a dos tons per dotar-lo de m\u00e9s inter\u00e8s. Els detalls dels tiradors de pell donen un aire molt juvenil a la zona d&#8217;estudi.<\/p>\n<p>Dissenyem a mida una calaixera auxiliar amb rodes invisibles, d\u00fas vers\u00e0til, ja que serveix tant de tauleta de nit com de complement destudi.<\/p>\n\t\t\t\t\t\t\t\t<\/div>\n\t\t\t\t<\/div>\n\t\t\t\t<\/div>\n\t\t\t\t<\/div>\n\t\t\t\t<\/div>\n\t\t","protected":false},"excerpt":{"rendered":"<p>PROJECTE ANTERIOR PROJECTE SEG\u00dcENT HABITACI\u00d3 JUVENIL ANDORRA Disseny duna habitaci\u00f3 per a una adolescent que volia una habitaci\u00f3 en tons blanc i blau, pr\u00e0ctica i amb abundant espai demmagatzematge. La distribuci\u00f3 de la mateixa va partir del concepte sof\u00e0-llit niu orientat a les vistes a la muntanya, per gaudir dels moments de relax i lectura [&hellip;]<\/p>\n","protected":false},"author":1,"featured_media":0,"parent":0,"menu_order":0,"comment_status":"closed","ping_status":"closed","template":"elementor_header_footer","meta":{"footnotes":""},"class_list":["post-2181","page","type-page","status-publish","hentry"],"yoast_head":"<!-- This site is optimized with the Yoast SEO plugin v27.0 - https:\/\/yoast.com\/product\/yoast-seo-wordpress\/ -->\n<title>Interiorisme i disseny d&#039;habitaci\u00f3 Juvenil a Andorra<\/title>\n<meta name=\"description\" content=\"Disseny d&#039;una habitaci\u00f3 juvenil pr\u00e0ctica i elegant en un habitatge a Andorra. Projecte d&#039;interiorisme per assolir un espai on estudiar i gaudir.\" \/>\n<meta name=\"robots\" content=\"index, follow, max-snippet:-1, max-image-preview:large, max-video-preview:-1\" \/>\n<link rel=\"canonical\" href=\"https:\/\/padresinteriors.com\/ca\/habitacio-juvenil\/\" \/>\n<meta property=\"og:locale\" content=\"ca_ES\" \/>\n<meta property=\"og:type\" content=\"article\" \/>\n<meta property=\"og:title\" content=\"Interiorisme i disseny d&#039;habitaci\u00f3 Juvenil a Andorra\" \/>\n<meta property=\"og:description\" content=\"Disseny d&#039;una habitaci\u00f3 juvenil pr\u00e0ctica i elegant en un habitatge a Andorra. Projecte d&#039;interiorisme per assolir un espai on estudiar i gaudir.\" \/>\n<meta property=\"og:url\" content=\"https:\/\/padresinteriors.com\/ca\/habitacio-juvenil\/\" \/>\n<meta property=\"og:site_name\" content=\"Padr\u00e8s Interiors\" \/>\n<meta property=\"article:modified_time\" content=\"2024-07-08T16:45:14+00:00\" \/>\n<meta property=\"og:image\" content=\"https:\/\/padresinteriors.com\/wp-content\/uploads\/2024\/05\/padresinteriors-habitacionjuvenil0.png\" \/>\n<meta name=\"twitter:card\" content=\"summary_large_image\" \/>\n<meta name=\"twitter:label1\" content=\"Temps estimat de lectura\" \/>\n\t<meta name=\"twitter:data1\" content=\"3 minuts\" \/>\n<script type=\"application\/ld+json\" class=\"yoast-schema-graph\">{\"@context\":\"https:\/\/schema.org\",\"@graph\":[{\"@type\":\"WebPage\",\"@id\":\"https:\/\/padresinteriors.com\/ca\/habitacio-juvenil\/\",\"url\":\"https:\/\/padresinteriors.com\/ca\/habitacio-juvenil\/\",\"name\":\"Interiorisme i disseny d'habitaci\u00f3 Juvenil a Andorra\",\"isPartOf\":{\"@id\":\"https:\/\/padresinteriors.com\/ca\/#website\"},\"primaryImageOfPage\":{\"@id\":\"https:\/\/padresinteriors.com\/ca\/habitacio-juvenil\/#primaryimage\"},\"image\":{\"@id\":\"https:\/\/padresinteriors.com\/ca\/habitacio-juvenil\/#primaryimage\"},\"thumbnailUrl\":\"https:\/\/padresinteriors.com\/wp-content\/uploads\/2024\/05\/padresinteriors-habitacionjuvenil0.png\",\"datePublished\":\"2024-05-07T15:09:16+00:00\",\"dateModified\":\"2024-07-08T16:45:14+00:00\",\"description\":\"Disseny d'una habitaci\u00f3 juvenil pr\u00e0ctica i elegant en un habitatge a Andorra. Projecte d'interiorisme per assolir un espai on estudiar i gaudir.\",\"breadcrumb\":{\"@id\":\"https:\/\/padresinteriors.com\/ca\/habitacio-juvenil\/#breadcrumb\"},\"inLanguage\":\"ca\",\"potentialAction\":[{\"@type\":\"ReadAction\",\"target\":[\"https:\/\/padresinteriors.com\/ca\/habitacio-juvenil\/\"]}]},{\"@type\":\"ImageObject\",\"inLanguage\":\"ca\",\"@id\":\"https:\/\/padresinteriors.com\/ca\/habitacio-juvenil\/#primaryimage\",\"url\":\"https:\/\/padresinteriors.com\/wp-content\/uploads\/2024\/05\/padresinteriors-habitacionjuvenil0.png\",\"contentUrl\":\"https:\/\/padresinteriors.com\/wp-content\/uploads\/2024\/05\/padresinteriors-habitacionjuvenil0.png\"},{\"@type\":\"BreadcrumbList\",\"@id\":\"https:\/\/padresinteriors.com\/ca\/habitacio-juvenil\/#breadcrumb\",\"itemListElement\":[{\"@type\":\"ListItem\",\"position\":1,\"name\":\"Home\",\"item\":\"https:\/\/padresinteriors.com\/ca\/\"},{\"@type\":\"ListItem\",\"position\":2,\"name\":\"Habitaci\u00f3 juvenil\"}]},{\"@type\":\"WebSite\",\"@id\":\"https:\/\/padresinteriors.com\/ca\/#website\",\"url\":\"https:\/\/padresinteriors.com\/ca\/\",\"name\":\"Padr\u00e8s Interiors\",\"description\":\"Interior Design. Luxury Home Decor in Andorra.\",\"publisher\":{\"@id\":\"https:\/\/padresinteriors.com\/ca\/#organization\"},\"potentialAction\":[{\"@type\":\"SearchAction\",\"target\":{\"@type\":\"EntryPoint\",\"urlTemplate\":\"https:\/\/padresinteriors.com\/ca\/?s={search_term_string}\"},\"query-input\":{\"@type\":\"PropertyValueSpecification\",\"valueRequired\":true,\"valueName\":\"search_term_string\"}}],\"inLanguage\":\"ca\"},{\"@type\":\"Organization\",\"@id\":\"https:\/\/padresinteriors.com\/ca\/#organization\",\"name\":\"Padr\u00e8s Interiors\",\"url\":\"https:\/\/padresinteriors.com\/ca\/\",\"logo\":{\"@type\":\"ImageObject\",\"inLanguage\":\"ca\",\"@id\":\"https:\/\/padresinteriors.com\/ca\/#\/schema\/logo\/image\/\",\"url\":\"https:\/\/padresinteriors.com\/wp-content\/uploads\/2024\/02\/PADRES_interiors_logo.svg\",\"contentUrl\":\"https:\/\/padresinteriors.com\/wp-content\/uploads\/2024\/02\/PADRES_interiors_logo.svg\",\"width\":160,\"height\":98,\"caption\":\"Padr\u00e8s Interiors\"},\"image\":{\"@id\":\"https:\/\/padresinteriors.com\/ca\/#\/schema\/logo\/image\/\"}}]}<\/script>\n<!-- \/ Yoast SEO plugin. -->","yoast_head_json":{"title":"Interiorisme i disseny d'habitaci\u00f3 Juvenil a Andorra","description":"Disseny d'una habitaci\u00f3 juvenil pr\u00e0ctica i elegant en un habitatge a Andorra. Projecte d'interiorisme per assolir un espai on estudiar i gaudir.","robots":{"index":"index","follow":"follow","max-snippet":"max-snippet:-1","max-image-preview":"max-image-preview:large","max-video-preview":"max-video-preview:-1"},"canonical":"https:\/\/padresinteriors.com\/ca\/habitacio-juvenil\/","og_locale":"ca_ES","og_type":"article","og_title":"Interiorisme i disseny d'habitaci\u00f3 Juvenil a Andorra","og_description":"Disseny d'una habitaci\u00f3 juvenil pr\u00e0ctica i elegant en un habitatge a Andorra. Projecte d'interiorisme per assolir un espai on estudiar i gaudir.","og_url":"https:\/\/padresinteriors.com\/ca\/habitacio-juvenil\/","og_site_name":"Padr\u00e8s Interiors","article_modified_time":"2024-07-08T16:45:14+00:00","og_image":[{"url":"https:\/\/padresinteriors.com\/wp-content\/uploads\/2024\/05\/padresinteriors-habitacionjuvenil0.png","type":"","width":"","height":""}],"twitter_card":"summary_large_image","twitter_misc":{"Temps estimat de lectura":"3 minuts"},"schema":{"@context":"https:\/\/schema.org","@graph":[{"@type":"WebPage","@id":"https:\/\/padresinteriors.com\/ca\/habitacio-juvenil\/","url":"https:\/\/padresinteriors.com\/ca\/habitacio-juvenil\/","name":"Interiorisme i disseny d'habitaci\u00f3 Juvenil a Andorra","isPartOf":{"@id":"https:\/\/padresinteriors.com\/ca\/#website"},"primaryImageOfPage":{"@id":"https:\/\/padresinteriors.com\/ca\/habitacio-juvenil\/#primaryimage"},"image":{"@id":"https:\/\/padresinteriors.com\/ca\/habitacio-juvenil\/#primaryimage"},"thumbnailUrl":"https:\/\/padresinteriors.com\/wp-content\/uploads\/2024\/05\/padresinteriors-habitacionjuvenil0.png","datePublished":"2024-05-07T15:09:16+00:00","dateModified":"2024-07-08T16:45:14+00:00","description":"Disseny d'una habitaci\u00f3 juvenil pr\u00e0ctica i elegant en un habitatge a Andorra. Projecte d'interiorisme per assolir un espai on estudiar i gaudir.","breadcrumb":{"@id":"https:\/\/padresinteriors.com\/ca\/habitacio-juvenil\/#breadcrumb"},"inLanguage":"ca","potentialAction":[{"@type":"ReadAction","target":["https:\/\/padresinteriors.com\/ca\/habitacio-juvenil\/"]}]},{"@type":"ImageObject","inLanguage":"ca","@id":"https:\/\/padresinteriors.com\/ca\/habitacio-juvenil\/#primaryimage","url":"https:\/\/padresinteriors.com\/wp-content\/uploads\/2024\/05\/padresinteriors-habitacionjuvenil0.png","contentUrl":"https:\/\/padresinteriors.com\/wp-content\/uploads\/2024\/05\/padresinteriors-habitacionjuvenil0.png"},{"@type":"BreadcrumbList","@id":"https:\/\/padresinteriors.com\/ca\/habitacio-juvenil\/#breadcrumb","itemListElement":[{"@type":"ListItem","position":1,"name":"Home","item":"https:\/\/padresinteriors.com\/ca\/"},{"@type":"ListItem","position":2,"name":"Habitaci\u00f3 juvenil"}]},{"@type":"WebSite","@id":"https:\/\/padresinteriors.com\/ca\/#website","url":"https:\/\/padresinteriors.com\/ca\/","name":"Padr\u00e8s Interiors","description":"Interior Design. Luxury Home Decor in Andorra.","publisher":{"@id":"https:\/\/padresinteriors.com\/ca\/#organization"},"potentialAction":[{"@type":"SearchAction","target":{"@type":"EntryPoint","urlTemplate":"https:\/\/padresinteriors.com\/ca\/?s={search_term_string}"},"query-input":{"@type":"PropertyValueSpecification","valueRequired":true,"valueName":"search_term_string"}}],"inLanguage":"ca"},{"@type":"Organization","@id":"https:\/\/padresinteriors.com\/ca\/#organization","name":"Padr\u00e8s Interiors","url":"https:\/\/padresinteriors.com\/ca\/","logo":{"@type":"ImageObject","inLanguage":"ca","@id":"https:\/\/padresinteriors.com\/ca\/#\/schema\/logo\/image\/","url":"https:\/\/padresinteriors.com\/wp-content\/uploads\/2024\/02\/PADRES_interiors_logo.svg","contentUrl":"https:\/\/padresinteriors.com\/wp-content\/uploads\/2024\/02\/PADRES_interiors_logo.svg","width":160,"height":98,"caption":"Padr\u00e8s Interiors"},"image":{"@id":"https:\/\/padresinteriors.com\/ca\/#\/schema\/logo\/image\/"}}]}},"_links":{"self":[{"href":"https:\/\/padresinteriors.com\/ca\/wp-json\/wp\/v2\/pages\/2181","targetHints":{"allow":["GET"]}}],"collection":[{"href":"https:\/\/padresinteriors.com\/ca\/wp-json\/wp\/v2\/pages"}],"about":[{"href":"https:\/\/padresinteriors.com\/ca\/wp-json\/wp\/v2\/types\/page"}],"author":[{"embeddable":true,"href":"https:\/\/padresinteriors.com\/ca\/wp-json\/wp\/v2\/users\/1"}],"replies":[{"embeddable":true,"href":"https:\/\/padresinteriors.com\/ca\/wp-json\/wp\/v2\/comments?post=2181"}],"version-history":[{"count":5,"href":"https:\/\/padresinteriors.com\/ca\/wp-json\/wp\/v2\/pages\/2181\/revisions"}],"predecessor-version":[{"id":2363,"href":"https:\/\/padresinteriors.com\/ca\/wp-json\/wp\/v2\/pages\/2181\/revisions\/2363"}],"wp:attachment":[{"href":"https:\/\/padresinteriors.com\/ca\/wp-json\/wp\/v2\/media?parent=2181"}],"curies":[{"name":"wp","href":"https:\/\/api.w.org\/{rel}","templated":true}]}}