{"id":2175,"date":"2024-05-07T15:50:10","date_gmt":"2024-05-07T15:50:10","guid":{"rendered":"https:\/\/padresinteriors.com\/politica-de-cookies\/"},"modified":"2025-04-29T16:46:47","modified_gmt":"2025-04-29T16:46:47","slug":"politica-de-cookies","status":"publish","type":"page","link":"https:\/\/padresinteriors.com\/ca\/politica-de-cookies\/","title":{"rendered":"POL\u00cdTICA DE COOKIES"},"content":{"rendered":"\t\t<div data-elementor-type=\"wp-page\" data-elementor-id=\"2175\" class=\"elementor elementor-2175 elementor-611\" data-elementor-post-type=\"page\">\n\t\t\t\t<div class=\"elementor-element elementor-element-3dd7cdb1 e-con-full e-flex e-con e-parent\" data-id=\"3dd7cdb1\" data-element_type=\"container\" data-e-type=\"container\">\n\t\t<div class=\"elementor-element elementor-element-5a95c786 e-con-full e-flex e-con e-child\" data-id=\"5a95c786\" data-element_type=\"container\" data-e-type=\"container\">\n\t\t\t\t<div class=\"elementor-element elementor-element-122d3ab9 elementor-widget elementor-widget-heading\" data-id=\"122d3ab9\" data-element_type=\"widget\" data-e-type=\"widget\" data-widget_type=\"heading.default\">\n\t\t\t\t<div class=\"elementor-widget-container\">\n\t\t\t\t\t<h2 class=\"elementor-heading-title elementor-size-default\">POL\u00cdTICA DE COOKIES<\/h2>\t\t\t\t<\/div>\n\t\t\t\t<\/div>\n\t\t\t\t<div class=\"elementor-element elementor-element-5be538eb elementor-widget elementor-widget-text-editor\" data-id=\"5be538eb\" data-element_type=\"widget\" data-e-type=\"widget\" data-widget_type=\"text-editor.default\">\n\t\t\t\t<div class=\"elementor-widget-container\">\n\t\t\t\t\t\t\t\t\t<p><span style=\"font-weight: 400;\">Durant la navegaci\u00f3 a trav\u00e9s del nostre web \u00e9s possible que recopilem informaci\u00f3 relativa al tr\u00e0nsit ia patrons de visita de les p\u00e0gines del nostre domini. Aquesta informaci\u00f3 es tracta a trav\u00e9s de galetes o galetes (petits quantitats d&#8217;informaci\u00f3 en format text que la p\u00e0gina envia a l&#8217;ordinador o equip de l&#8217;usuari mentre la visita). L&#8217;objectiu de l&#8217;\u00fas de les cookies \u00e9s personalitzar l&#8217;acc\u00e9s a la p\u00e0gina amb el prop\u00f2sit de millorar-ne la navegaci\u00f3 i les condicions de funcionalitat. Una galeta o galeta \u00e9s un petit arxiu de text que s&#8217;emmagatzema a l&#8217;ordinador, la tauleta, el tel\u00e8fon m\u00f2bil o, en definitiva, el dispositiu que utilitzi per navegar a trav\u00e9s d&#8217;Internet i que pot guardar informaci\u00f3 relativa a la freq\u00fc\u00e8ncia amb qu\u00e8 visita les p\u00e0gines web, les vostres prefer\u00e8ncies de navegaci\u00f3, la informaci\u00f3 que m\u00e9s us interessa i els noms d&#8217;usuari, productes, etc. identifiqueu de manera personal. El Responsable de la P\u00e0gina Web \u00e9s MONTSE PARES PUJOL \u2013 PARES INTERIORS tamb\u00e9 Responsable de Tractament de les vostres dades en el cas de facilitar-nos-les; amb domicili a efectes del tractament de dades a: Ctra. d&#8217;Engolasters, 173 Edif. Can Noguer B 1o1o \u2013 AD700 ESCALDES-ENGORDANY (ANDORRA). Per a m\u00e9s informaci\u00f3 pot contactar-nos a la seg\u00fcent adre\u00e7a de correu electr\u00f2nic:<\/span><\/p><p><span style=\"font-weight: 400;\">proyectos@padresinteriros.com ; o per escrit al domicili informat anteriorment.<\/span><\/p><p> <\/p><p><span style=\"font-weight: 400;\">1.- TIPUS DE COOKIES<\/span><\/p><p><span style=\"font-weight: 400;\">En funci\u00f3 de la seva naturalesa, les galetes o galetes es poden classificar de la manera seg\u00fcent:<\/span><\/p><p> <\/p><p><span style=\"font-weight: 400;\">*afegir descripci\u00f3 de cookies.<\/span><\/p><p> <\/p><p><span style=\"font-weight: 400;\">2.-INFORMACI\u00d3 I REVISI\u00d3<\/span><\/p><p><span style=\"font-weight: 400;\">Es dur\u00e0 a terme la revisi\u00f3 i actualitzaci\u00f3 de la Pol\u00edtica de Cookies aix\u00ed com de la P\u00e0gina Web de manera peri\u00f2dica.<\/span><\/p><p> <\/p><p><span style=\"font-weight: 400;\">3.-DESCONFIGURACI\u00d3 DE LES COOKIES<\/span><\/p><p><span style=\"font-weight: 400;\">Gr\u00e0cies a les cookies, \u00e9s possible que es reconegui els usuaris registrats despr\u00e9s que aquests s&#8217;hagin registrat per primera vegada, sense que s&#8217;hagin de registrar a cada visita per accedir a les \u00e0rees i serveis reservats exclusivament per a ells. Aix\u00ed mateix, us informem que alguns navegadors permeten activar un mode privat o inc\u00f2gnit de navegaci\u00f3 en virtut del qual les cookies s&#8217;instal\u00b7lin al terminal, per\u00f2 s&#8217;eliminin de manera autom\u00e0tica quan finalitzi la sessi\u00f3 de navegaci\u00f3.<\/span><\/p>\t\t\t\t\t\t\t\t<\/div>\n\t\t\t\t<\/div>\n\t\t\t\t<\/div>\n\t\t\t\t<\/div>\n\t\t\t\t<\/div>\n\t\t","protected":false},"excerpt":{"rendered":"<p>POL\u00cdTICA DE COOKIES Durant la navegaci\u00f3 a trav\u00e9s del nostre web \u00e9s possible que recopilem informaci\u00f3 relativa al tr\u00e0nsit ia patrons de visita de les p\u00e0gines del nostre domini. Aquesta informaci\u00f3 es tracta a trav\u00e9s de galetes o galetes (petits quantitats d&#8217;informaci\u00f3 en format text que la p\u00e0gina envia a l&#8217;ordinador o equip de l&#8217;usuari [&hellip;]<\/p>\n","protected":false},"author":1,"featured_media":0,"parent":0,"menu_order":0,"comment_status":"closed","ping_status":"closed","template":"elementor_header_footer","meta":{"footnotes":""},"class_list":["post-2175","page","type-page","status-publish","hentry"],"yoast_head":"<!-- This site is optimized with the Yoast SEO plugin v27.0 - https:\/\/yoast.com\/product\/yoast-seo-wordpress\/ -->\n<title>Estudi Interiorisme Padr\u00e8s Interiors - Pol\u00edtica de cookies<\/title>\n<meta name=\"description\" content=\"Descobreix com Padr\u00e8s Interiors utilitza les cookies al seu lloc web i com en pots gestionar l&#039;\u00fas amb total tranquil\u00b7litat.\" \/>\n<meta name=\"robots\" content=\"noindex, nofollow\" \/>\n<meta property=\"og:locale\" content=\"ca_ES\" \/>\n<meta property=\"og:type\" content=\"article\" \/>\n<meta property=\"og:title\" content=\"Estudi Interiorisme Padr\u00e8s Interiors - Pol\u00edtica de cookies\" \/>\n<meta property=\"og:description\" content=\"Descobreix com Padr\u00e8s Interiors utilitza les cookies al seu lloc web i com en pots gestionar l&#039;\u00fas amb total tranquil\u00b7litat.\" \/>\n<meta property=\"og:url\" content=\"https:\/\/padresinteriors.com\/ca\/politica-de-cookies\/\" \/>\n<meta property=\"og:site_name\" content=\"Padr\u00e8s Interiors\" \/>\n<meta property=\"article:modified_time\" content=\"2025-04-29T16:46:47+00:00\" \/>\n<meta name=\"twitter:card\" content=\"summary_large_image\" \/>\n<meta name=\"twitter:label1\" content=\"Temps estimat de lectura\" \/>\n\t<meta name=\"twitter:data1\" content=\"2 minuts\" \/>\n<script type=\"application\/ld+json\" class=\"yoast-schema-graph\">{\"@context\":\"https:\/\/schema.org\",\"@graph\":[{\"@type\":\"WebPage\",\"@id\":\"https:\/\/padresinteriors.com\/ca\/politica-de-cookies\/\",\"url\":\"https:\/\/padresinteriors.com\/ca\/politica-de-cookies\/\",\"name\":\"Estudi Interiorisme Padr\u00e8s Interiors - Pol\u00edtica de cookies\",\"isPartOf\":{\"@id\":\"https:\/\/padresinteriors.com\/ca\/#website\"},\"datePublished\":\"2024-05-07T15:50:10+00:00\",\"dateModified\":\"2025-04-29T16:46:47+00:00\",\"description\":\"Descobreix com Padr\u00e8s Interiors utilitza les cookies al seu lloc web i com en pots gestionar l'\u00fas amb total tranquil\u00b7litat.\",\"breadcrumb\":{\"@id\":\"https:\/\/padresinteriors.com\/ca\/politica-de-cookies\/#breadcrumb\"},\"inLanguage\":\"ca\",\"potentialAction\":[{\"@type\":\"ReadAction\",\"target\":[\"https:\/\/padresinteriors.com\/ca\/politica-de-cookies\/\"]}]},{\"@type\":\"BreadcrumbList\",\"@id\":\"https:\/\/padresinteriors.com\/ca\/politica-de-cookies\/#breadcrumb\",\"itemListElement\":[{\"@type\":\"ListItem\",\"position\":1,\"name\":\"Home\",\"item\":\"https:\/\/padresinteriors.com\/ca\/\"},{\"@type\":\"ListItem\",\"position\":2,\"name\":\"POL\u00cdTICA DE COOKIES\"}]},{\"@type\":\"WebSite\",\"@id\":\"https:\/\/padresinteriors.com\/ca\/#website\",\"url\":\"https:\/\/padresinteriors.com\/ca\/\",\"name\":\"Padr\u00e8s Interiors\",\"description\":\"Interior Design. Luxury Home Decor in Andorra.\",\"publisher\":{\"@id\":\"https:\/\/padresinteriors.com\/ca\/#organization\"},\"potentialAction\":[{\"@type\":\"SearchAction\",\"target\":{\"@type\":\"EntryPoint\",\"urlTemplate\":\"https:\/\/padresinteriors.com\/ca\/?s={search_term_string}\"},\"query-input\":{\"@type\":\"PropertyValueSpecification\",\"valueRequired\":true,\"valueName\":\"search_term_string\"}}],\"inLanguage\":\"ca\"},{\"@type\":\"Organization\",\"@id\":\"https:\/\/padresinteriors.com\/ca\/#organization\",\"name\":\"Padr\u00e8s Interiors\",\"url\":\"https:\/\/padresinteriors.com\/ca\/\",\"logo\":{\"@type\":\"ImageObject\",\"inLanguage\":\"ca\",\"@id\":\"https:\/\/padresinteriors.com\/ca\/#\/schema\/logo\/image\/\",\"url\":\"https:\/\/padresinteriors.com\/wp-content\/uploads\/2024\/02\/PADRES_interiors_logo.svg\",\"contentUrl\":\"https:\/\/padresinteriors.com\/wp-content\/uploads\/2024\/02\/PADRES_interiors_logo.svg\",\"width\":160,\"height\":98,\"caption\":\"Padr\u00e8s Interiors\"},\"image\":{\"@id\":\"https:\/\/padresinteriors.com\/ca\/#\/schema\/logo\/image\/\"}}]}<\/script>\n<!-- \/ Yoast SEO plugin. -->","yoast_head_json":{"title":"Estudi Interiorisme Padr\u00e8s Interiors - Pol\u00edtica de cookies","description":"Descobreix com Padr\u00e8s Interiors utilitza les cookies al seu lloc web i com en pots gestionar l'\u00fas amb total tranquil\u00b7litat.","robots":{"index":"noindex","follow":"nofollow"},"og_locale":"ca_ES","og_type":"article","og_title":"Estudi Interiorisme Padr\u00e8s Interiors - Pol\u00edtica de cookies","og_description":"Descobreix com Padr\u00e8s Interiors utilitza les cookies al seu lloc web i com en pots gestionar l'\u00fas amb total tranquil\u00b7litat.","og_url":"https:\/\/padresinteriors.com\/ca\/politica-de-cookies\/","og_site_name":"Padr\u00e8s Interiors","article_modified_time":"2025-04-29T16:46:47+00:00","twitter_card":"summary_large_image","twitter_misc":{"Temps estimat de lectura":"2 minuts"},"schema":{"@context":"https:\/\/schema.org","@graph":[{"@type":"WebPage","@id":"https:\/\/padresinteriors.com\/ca\/politica-de-cookies\/","url":"https:\/\/padresinteriors.com\/ca\/politica-de-cookies\/","name":"Estudi Interiorisme Padr\u00e8s Interiors - Pol\u00edtica de cookies","isPartOf":{"@id":"https:\/\/padresinteriors.com\/ca\/#website"},"datePublished":"2024-05-07T15:50:10+00:00","dateModified":"2025-04-29T16:46:47+00:00","description":"Descobreix com Padr\u00e8s Interiors utilitza les cookies al seu lloc web i com en pots gestionar l'\u00fas amb total tranquil\u00b7litat.","breadcrumb":{"@id":"https:\/\/padresinteriors.com\/ca\/politica-de-cookies\/#breadcrumb"},"inLanguage":"ca","potentialAction":[{"@type":"ReadAction","target":["https:\/\/padresinteriors.com\/ca\/politica-de-cookies\/"]}]},{"@type":"BreadcrumbList","@id":"https:\/\/padresinteriors.com\/ca\/politica-de-cookies\/#breadcrumb","itemListElement":[{"@type":"ListItem","position":1,"name":"Home","item":"https:\/\/padresinteriors.com\/ca\/"},{"@type":"ListItem","position":2,"name":"POL\u00cdTICA DE COOKIES"}]},{"@type":"WebSite","@id":"https:\/\/padresinteriors.com\/ca\/#website","url":"https:\/\/padresinteriors.com\/ca\/","name":"Padr\u00e8s Interiors","description":"Interior Design. Luxury Home Decor in Andorra.","publisher":{"@id":"https:\/\/padresinteriors.com\/ca\/#organization"},"potentialAction":[{"@type":"SearchAction","target":{"@type":"EntryPoint","urlTemplate":"https:\/\/padresinteriors.com\/ca\/?s={search_term_string}"},"query-input":{"@type":"PropertyValueSpecification","valueRequired":true,"valueName":"search_term_string"}}],"inLanguage":"ca"},{"@type":"Organization","@id":"https:\/\/padresinteriors.com\/ca\/#organization","name":"Padr\u00e8s Interiors","url":"https:\/\/padresinteriors.com\/ca\/","logo":{"@type":"ImageObject","inLanguage":"ca","@id":"https:\/\/padresinteriors.com\/ca\/#\/schema\/logo\/image\/","url":"https:\/\/padresinteriors.com\/wp-content\/uploads\/2024\/02\/PADRES_interiors_logo.svg","contentUrl":"https:\/\/padresinteriors.com\/wp-content\/uploads\/2024\/02\/PADRES_interiors_logo.svg","width":160,"height":98,"caption":"Padr\u00e8s Interiors"},"image":{"@id":"https:\/\/padresinteriors.com\/ca\/#\/schema\/logo\/image\/"}}]}},"_links":{"self":[{"href":"https:\/\/padresinteriors.com\/ca\/wp-json\/wp\/v2\/pages\/2175","targetHints":{"allow":["GET"]}}],"collection":[{"href":"https:\/\/padresinteriors.com\/ca\/wp-json\/wp\/v2\/pages"}],"about":[{"href":"https:\/\/padresinteriors.com\/ca\/wp-json\/wp\/v2\/types\/page"}],"author":[{"embeddable":true,"href":"https:\/\/padresinteriors.com\/ca\/wp-json\/wp\/v2\/users\/1"}],"replies":[{"embeddable":true,"href":"https:\/\/padresinteriors.com\/ca\/wp-json\/wp\/v2\/comments?post=2175"}],"version-history":[{"count":2,"href":"https:\/\/padresinteriors.com\/ca\/wp-json\/wp\/v2\/pages\/2175\/revisions"}],"predecessor-version":[{"id":2659,"href":"https:\/\/padresinteriors.com\/ca\/wp-json\/wp\/v2\/pages\/2175\/revisions\/2659"}],"wp:attachment":[{"href":"https:\/\/padresinteriors.com\/ca\/wp-json\/wp\/v2\/media?parent=2175"}],"curies":[{"name":"wp","href":"https:\/\/api.w.org\/{rel}","templated":true}]}}