{"id":2157,"date":"2024-05-07T15:13:44","date_gmt":"2024-05-07T15:13:44","guid":{"rendered":"https:\/\/padresinteriors.com\/bany\/"},"modified":"2024-07-08T16:48:33","modified_gmt":"2024-07-08T16:48:33","slug":"bany","status":"publish","type":"page","link":"https:\/\/padresinteriors.com\/ca\/bany\/","title":{"rendered":"Bany"},"content":{"rendered":"\t\t<div data-elementor-type=\"wp-page\" data-elementor-id=\"2157\" class=\"elementor elementor-2157 elementor-583\" data-elementor-post-type=\"page\">\n\t\t\t\t<div class=\"elementor-element elementor-element-f9d6db1 e-con-full e-flex e-con e-parent\" data-id=\"f9d6db1\" data-element_type=\"container\" data-e-type=\"container\">\n\t\t\t\t<div class=\"elementor-element elementor-element-231e8e1c elementor-arrows-position-inside elementor-widget elementor-widget-image-carousel\" data-id=\"231e8e1c\" data-element_type=\"widget\" data-e-type=\"widget\" data-settings=\"{&quot;slides_to_show&quot;:&quot;1&quot;,&quot;navigation&quot;:&quot;arrows&quot;,&quot;infinite&quot;:&quot;yes&quot;,&quot;effect&quot;:&quot;slide&quot;,&quot;speed&quot;:500}\" data-widget_type=\"image-carousel.default\">\n\t\t\t\t<div class=\"elementor-widget-container\">\n\t\t\t\t\t\t\t<div class=\"elementor-image-carousel-wrapper swiper\" role=\"region\" aria-roledescription=\"carousel\" aria-label=\"Carrusel d&#039;imatges\" dir=\"ltr\">\n\t\t\t<div class=\"elementor-image-carousel swiper-wrapper\" aria-live=\"polite\">\n\t\t\t\t\t\t\t\t<div class=\"swiper-slide\" role=\"group\" aria-roledescription=\"slide\" aria-label=\"1 de 2\"><figure class=\"swiper-slide-inner\"><img decoding=\"async\" class=\"swiper-slide-image\" src=\"https:\/\/padresinteriors.com\/wp-content\/uploads\/2024\/05\/padresinteriors-bano0-1.png\" alt=\"padresinteriors-bano0\" \/><\/figure><\/div><div class=\"swiper-slide\" role=\"group\" aria-roledescription=\"slide\" aria-label=\"2 de 2\"><figure class=\"swiper-slide-inner\"><img decoding=\"async\" class=\"swiper-slide-image\" src=\"https:\/\/padresinteriors.com\/wp-content\/uploads\/2024\/05\/padresinteriors-bano1.png\" alt=\"padresinteriors-bano1\" \/><\/figure><\/div>\t\t\t<\/div>\n\t\t\t\t\t\t\t\t\t\t\t\t<div class=\"elementor-swiper-button elementor-swiper-button-prev\" role=\"button\" tabindex=\"0\">\n\t\t\t\t\t\t<svg aria-hidden=\"true\" class=\"e-font-icon-svg e-fas-chevron-circle-left\" viewBox=\"0 0 512 512\" xmlns=\"http:\/\/www.w3.org\/2000\/svg\"><path d=\"M256 504C119 504 8 393 8 256S119 8 256 8s248 111 248 248-111 248-248 248zM142.1 273l135.5 135.5c9.4 9.4 24.6 9.4 33.9 0l17-17c9.4-9.4 9.4-24.6 0-33.9L226.9 256l101.6-101.6c9.4-9.4 9.4-24.6 0-33.9l-17-17c-9.4-9.4-24.6-9.4-33.9 0L142.1 239c-9.4 9.4-9.4 24.6 0 34z\"><\/path><\/svg>\t\t\t\t\t<\/div>\n\t\t\t\t\t<div class=\"elementor-swiper-button elementor-swiper-button-next\" role=\"button\" tabindex=\"0\">\n\t\t\t\t\t\t<svg aria-hidden=\"true\" class=\"e-font-icon-svg e-fas-chevron-circle-right\" viewBox=\"0 0 512 512\" xmlns=\"http:\/\/www.w3.org\/2000\/svg\"><path d=\"M256 8c137 0 248 111 248 248S393 504 256 504 8 393 8 256 119 8 256 8zm113.9 231L234.4 103.5c-9.4-9.4-24.6-9.4-33.9 0l-17 17c-9.4 9.4-9.4 24.6 0 33.9L285.1 256 183.5 357.6c-9.4 9.4-9.4 24.6 0 33.9l17 17c9.4 9.4 24.6 9.4 33.9 0L369.9 273c9.4-9.4 9.4-24.6 0-34z\"><\/path><\/svg>\t\t\t\t\t<\/div>\n\t\t\t\t\n\t\t\t\t\t\t\t\t\t<\/div>\n\t\t\t\t\t\t<\/div>\n\t\t\t\t<\/div>\n\t\t\t\t<\/div>\n\t\t<div class=\"elementor-element elementor-element-9272db6 e-con-full e-flex e-con e-parent\" data-id=\"9272db6\" data-element_type=\"container\" data-e-type=\"container\">\n\t\t<div class=\"elementor-element elementor-element-e39247b e-con-full e-flex e-con e-child\" data-id=\"e39247b\" data-element_type=\"container\" data-e-type=\"container\">\n\t\t\t\t<div class=\"elementor-element elementor-element-6b12463 elementor-align-left elementor-widget elementor-widget-button\" data-id=\"6b12463\" data-element_type=\"widget\" data-e-type=\"widget\" data-widget_type=\"button.default\">\n\t\t\t\t<div class=\"elementor-widget-container\">\n\t\t\t\t\t\t\t\t\t<div class=\"elementor-button-wrapper\">\n\t\t\t\t\t<a class=\"elementor-button elementor-button-link elementor-size-sm\" href=\"https:\/\/padresinteriors.com\/ca\/breakfast-nook\/\">\n\t\t\t\t\t\t<span class=\"elementor-button-content-wrapper\">\n\t\t\t\t\t\t\t\t\t<span class=\"elementor-button-text\">PROJECTE ANTERIOR<\/span>\n\t\t\t\t\t<\/span>\n\t\t\t\t\t<\/a>\n\t\t\t\t<\/div>\n\t\t\t\t\t\t\t\t<\/div>\n\t\t\t\t<\/div>\n\t\t\t\t<\/div>\n\t\t<div class=\"elementor-element elementor-element-5b193da e-con-full e-flex e-con e-child\" data-id=\"5b193da\" data-element_type=\"container\" data-e-type=\"container\">\n\t\t\t\t<\/div>\n\t\t<div class=\"elementor-element elementor-element-30383e0 e-con-full e-flex e-con e-child\" data-id=\"30383e0\" data-element_type=\"container\" data-e-type=\"container\">\n\t\t\t\t<div class=\"elementor-element elementor-element-17ca9af elementor-align-left elementor-widget elementor-widget-button\" data-id=\"17ca9af\" data-element_type=\"widget\" data-e-type=\"widget\" data-widget_type=\"button.default\">\n\t\t\t\t<div class=\"elementor-widget-container\">\n\t\t\t\t\t\t\t\t\t<div class=\"elementor-button-wrapper\">\n\t\t\t\t\t<a class=\"elementor-button elementor-button-link elementor-size-sm\" href=\"https:\/\/padresinteriors.com\/ca\/suite\/\">\n\t\t\t\t\t\t<span class=\"elementor-button-content-wrapper\">\n\t\t\t\t\t\t\t\t\t<span class=\"elementor-button-text\">PROJECTE SEG\u00dcENT<\/span>\n\t\t\t\t\t<\/span>\n\t\t\t\t\t<\/a>\n\t\t\t\t<\/div>\n\t\t\t\t\t\t\t\t<\/div>\n\t\t\t\t<\/div>\n\t\t\t\t<\/div>\n\t\t\t\t<\/div>\n\t\t<div class=\"elementor-element elementor-element-3d5ae767 e-con-full e-flex e-con e-parent\" data-id=\"3d5ae767\" data-element_type=\"container\" data-e-type=\"container\">\n\t\t<div class=\"elementor-element elementor-element-2de4c961 e-con-full e-flex e-con e-child\" data-id=\"2de4c961\" data-element_type=\"container\" data-e-type=\"container\">\n\t\t\t\t<div class=\"elementor-element elementor-element-70fecc89 elementor-widget elementor-widget-heading\" data-id=\"70fecc89\" data-element_type=\"widget\" data-e-type=\"widget\" data-widget_type=\"heading.default\">\n\t\t\t\t<div class=\"elementor-widget-container\">\n\t\t\t\t\t<h2 class=\"elementor-heading-title elementor-size-default\">BANY<\/h2>\t\t\t\t<\/div>\n\t\t\t\t<\/div>\n\t\t\t\t<div class=\"elementor-element elementor-element-9d33e8c elementor-widget elementor-widget-heading\" data-id=\"9d33e8c\" data-element_type=\"widget\" data-e-type=\"widget\" data-widget_type=\"heading.default\">\n\t\t\t\t<div class=\"elementor-widget-container\">\n\t\t\t\t\t<h2 class=\"elementor-heading-title elementor-size-default\">ANDORRA<\/h2>\t\t\t\t<\/div>\n\t\t\t\t<\/div>\n\t\t\t\t<\/div>\n\t\t<div class=\"elementor-element elementor-element-4761088d e-con-full e-flex e-con e-child\" data-id=\"4761088d\" data-element_type=\"container\" data-e-type=\"container\">\n\t\t\t\t<div class=\"elementor-element elementor-element-7419b39f elementor-widget elementor-widget-text-editor\" data-id=\"7419b39f\" data-element_type=\"widget\" data-e-type=\"widget\" data-widget_type=\"text-editor.default\">\n\t\t\t\t<div class=\"elementor-widget-container\">\n\t\t\t\t\t\t\t\t\t<p>En aquest bany es va seleccionar una paleta de colors frescos i serens, ja que no hi havia llum natural disponible i lobjectiu era multiplicar la sensaci\u00f3 despai.<\/p>\n<p>Les rajoles cer\u00e0miques en to de banc es van combinar amb un laminat efecte fusta de color nou, ideal per a l&#8217;interior de la dutxa. Els accessoris de color negre mat i el moble de fusta en to fosc contrasten amb la base neutra, conferint al disseny una est\u00e8tica contempor\u00e0nia.<\/p>\n\t\t\t\t\t\t\t\t<\/div>\n\t\t\t\t<\/div>\n\t\t\t\t<\/div>\n\t\t\t\t<\/div>\n\t\t\t\t<\/div>\n\t\t","protected":false},"excerpt":{"rendered":"<p>PROJECTE ANTERIOR PROJECTE SEG\u00dcENT BANY ANDORRA En aquest bany es va seleccionar una paleta de colors frescos i serens, ja que no hi havia llum natural disponible i lobjectiu era multiplicar la sensaci\u00f3 despai. Les rajoles cer\u00e0miques en to de banc es van combinar amb un laminat efecte fusta de color nou, ideal per a [&hellip;]<\/p>\n","protected":false},"author":1,"featured_media":0,"parent":0,"menu_order":0,"comment_status":"closed","ping_status":"closed","template":"elementor_header_footer","meta":{"footnotes":""},"class_list":["post-2157","page","type-page","status-publish","hentry"],"yoast_head":"<!-- This site is optimized with the Yoast SEO plugin v27.0 - https:\/\/yoast.com\/product\/yoast-seo-wordpress\/ -->\n<title>Reforma de bany modern i llumin\u00f3s a Andorra<\/title>\n<meta name=\"description\" content=\"Disseny i reforma de bany sense llum natural, amb un resultat ser\u00e8 i modern que amplifica la sensaci\u00f3 despai i eleg\u00e0ncia.\" \/>\n<meta name=\"robots\" content=\"index, follow, max-snippet:-1, max-image-preview:large, max-video-preview:-1\" \/>\n<link rel=\"canonical\" href=\"https:\/\/padresinteriors.com\/ca\/bany\/\" \/>\n<meta property=\"og:locale\" content=\"ca_ES\" \/>\n<meta property=\"og:type\" content=\"article\" \/>\n<meta property=\"og:title\" content=\"Reforma de bany modern i llumin\u00f3s a Andorra\" \/>\n<meta property=\"og:description\" content=\"Disseny i reforma de bany sense llum natural, amb un resultat ser\u00e8 i modern que amplifica la sensaci\u00f3 despai i eleg\u00e0ncia.\" \/>\n<meta property=\"og:url\" content=\"https:\/\/padresinteriors.com\/ca\/bany\/\" \/>\n<meta property=\"og:site_name\" content=\"Padr\u00e8s Interiors\" \/>\n<meta property=\"article:modified_time\" content=\"2024-07-08T16:48:33+00:00\" \/>\n<meta property=\"og:image\" content=\"https:\/\/padresinteriors.com\/wp-content\/uploads\/2024\/05\/padresinteriors-bano0-1.png\" \/>\n<meta name=\"twitter:card\" content=\"summary_large_image\" \/>\n<meta name=\"twitter:label1\" content=\"Temps estimat de lectura\" \/>\n\t<meta name=\"twitter:data1\" content=\"2 minuts\" \/>\n<script type=\"application\/ld+json\" class=\"yoast-schema-graph\">{\"@context\":\"https:\/\/schema.org\",\"@graph\":[{\"@type\":\"WebPage\",\"@id\":\"https:\/\/padresinteriors.com\/ca\/bany\/\",\"url\":\"https:\/\/padresinteriors.com\/ca\/bany\/\",\"name\":\"Reforma de bany modern i llumin\u00f3s a Andorra\",\"isPartOf\":{\"@id\":\"https:\/\/padresinteriors.com\/ca\/#website\"},\"primaryImageOfPage\":{\"@id\":\"https:\/\/padresinteriors.com\/ca\/bany\/#primaryimage\"},\"image\":{\"@id\":\"https:\/\/padresinteriors.com\/ca\/bany\/#primaryimage\"},\"thumbnailUrl\":\"https:\/\/padresinteriors.com\/wp-content\/uploads\/2024\/05\/padresinteriors-bano0-1.png\",\"datePublished\":\"2024-05-07T15:13:44+00:00\",\"dateModified\":\"2024-07-08T16:48:33+00:00\",\"description\":\"Disseny i reforma de bany sense llum natural, amb un resultat ser\u00e8 i modern que amplifica la sensaci\u00f3 despai i eleg\u00e0ncia.\",\"breadcrumb\":{\"@id\":\"https:\/\/padresinteriors.com\/ca\/bany\/#breadcrumb\"},\"inLanguage\":\"ca\",\"potentialAction\":[{\"@type\":\"ReadAction\",\"target\":[\"https:\/\/padresinteriors.com\/ca\/bany\/\"]}]},{\"@type\":\"ImageObject\",\"inLanguage\":\"ca\",\"@id\":\"https:\/\/padresinteriors.com\/ca\/bany\/#primaryimage\",\"url\":\"https:\/\/padresinteriors.com\/wp-content\/uploads\/2024\/05\/padresinteriors-bano0-1.png\",\"contentUrl\":\"https:\/\/padresinteriors.com\/wp-content\/uploads\/2024\/05\/padresinteriors-bano0-1.png\"},{\"@type\":\"BreadcrumbList\",\"@id\":\"https:\/\/padresinteriors.com\/ca\/bany\/#breadcrumb\",\"itemListElement\":[{\"@type\":\"ListItem\",\"position\":1,\"name\":\"Home\",\"item\":\"https:\/\/padresinteriors.com\/ca\/\"},{\"@type\":\"ListItem\",\"position\":2,\"name\":\"Bany\"}]},{\"@type\":\"WebSite\",\"@id\":\"https:\/\/padresinteriors.com\/ca\/#website\",\"url\":\"https:\/\/padresinteriors.com\/ca\/\",\"name\":\"Padr\u00e8s Interiors\",\"description\":\"Interior Design. Luxury Home Decor in Andorra.\",\"publisher\":{\"@id\":\"https:\/\/padresinteriors.com\/ca\/#organization\"},\"potentialAction\":[{\"@type\":\"SearchAction\",\"target\":{\"@type\":\"EntryPoint\",\"urlTemplate\":\"https:\/\/padresinteriors.com\/ca\/?s={search_term_string}\"},\"query-input\":{\"@type\":\"PropertyValueSpecification\",\"valueRequired\":true,\"valueName\":\"search_term_string\"}}],\"inLanguage\":\"ca\"},{\"@type\":\"Organization\",\"@id\":\"https:\/\/padresinteriors.com\/ca\/#organization\",\"name\":\"Padr\u00e8s Interiors\",\"url\":\"https:\/\/padresinteriors.com\/ca\/\",\"logo\":{\"@type\":\"ImageObject\",\"inLanguage\":\"ca\",\"@id\":\"https:\/\/padresinteriors.com\/ca\/#\/schema\/logo\/image\/\",\"url\":\"https:\/\/padresinteriors.com\/wp-content\/uploads\/2024\/02\/PADRES_interiors_logo.svg\",\"contentUrl\":\"https:\/\/padresinteriors.com\/wp-content\/uploads\/2024\/02\/PADRES_interiors_logo.svg\",\"width\":160,\"height\":98,\"caption\":\"Padr\u00e8s Interiors\"},\"image\":{\"@id\":\"https:\/\/padresinteriors.com\/ca\/#\/schema\/logo\/image\/\"}}]}<\/script>\n<!-- \/ Yoast SEO plugin. -->","yoast_head_json":{"title":"Reforma de bany modern i llumin\u00f3s a Andorra","description":"Disseny i reforma de bany sense llum natural, amb un resultat ser\u00e8 i modern que amplifica la sensaci\u00f3 despai i eleg\u00e0ncia.","robots":{"index":"index","follow":"follow","max-snippet":"max-snippet:-1","max-image-preview":"max-image-preview:large","max-video-preview":"max-video-preview:-1"},"canonical":"https:\/\/padresinteriors.com\/ca\/bany\/","og_locale":"ca_ES","og_type":"article","og_title":"Reforma de bany modern i llumin\u00f3s a Andorra","og_description":"Disseny i reforma de bany sense llum natural, amb un resultat ser\u00e8 i modern que amplifica la sensaci\u00f3 despai i eleg\u00e0ncia.","og_url":"https:\/\/padresinteriors.com\/ca\/bany\/","og_site_name":"Padr\u00e8s Interiors","article_modified_time":"2024-07-08T16:48:33+00:00","og_image":[{"url":"https:\/\/padresinteriors.com\/wp-content\/uploads\/2024\/05\/padresinteriors-bano0-1.png","type":"","width":"","height":""}],"twitter_card":"summary_large_image","twitter_misc":{"Temps estimat de lectura":"2 minuts"},"schema":{"@context":"https:\/\/schema.org","@graph":[{"@type":"WebPage","@id":"https:\/\/padresinteriors.com\/ca\/bany\/","url":"https:\/\/padresinteriors.com\/ca\/bany\/","name":"Reforma de bany modern i llumin\u00f3s a Andorra","isPartOf":{"@id":"https:\/\/padresinteriors.com\/ca\/#website"},"primaryImageOfPage":{"@id":"https:\/\/padresinteriors.com\/ca\/bany\/#primaryimage"},"image":{"@id":"https:\/\/padresinteriors.com\/ca\/bany\/#primaryimage"},"thumbnailUrl":"https:\/\/padresinteriors.com\/wp-content\/uploads\/2024\/05\/padresinteriors-bano0-1.png","datePublished":"2024-05-07T15:13:44+00:00","dateModified":"2024-07-08T16:48:33+00:00","description":"Disseny i reforma de bany sense llum natural, amb un resultat ser\u00e8 i modern que amplifica la sensaci\u00f3 despai i eleg\u00e0ncia.","breadcrumb":{"@id":"https:\/\/padresinteriors.com\/ca\/bany\/#breadcrumb"},"inLanguage":"ca","potentialAction":[{"@type":"ReadAction","target":["https:\/\/padresinteriors.com\/ca\/bany\/"]}]},{"@type":"ImageObject","inLanguage":"ca","@id":"https:\/\/padresinteriors.com\/ca\/bany\/#primaryimage","url":"https:\/\/padresinteriors.com\/wp-content\/uploads\/2024\/05\/padresinteriors-bano0-1.png","contentUrl":"https:\/\/padresinteriors.com\/wp-content\/uploads\/2024\/05\/padresinteriors-bano0-1.png"},{"@type":"BreadcrumbList","@id":"https:\/\/padresinteriors.com\/ca\/bany\/#breadcrumb","itemListElement":[{"@type":"ListItem","position":1,"name":"Home","item":"https:\/\/padresinteriors.com\/ca\/"},{"@type":"ListItem","position":2,"name":"Bany"}]},{"@type":"WebSite","@id":"https:\/\/padresinteriors.com\/ca\/#website","url":"https:\/\/padresinteriors.com\/ca\/","name":"Padr\u00e8s Interiors","description":"Interior Design. Luxury Home Decor in Andorra.","publisher":{"@id":"https:\/\/padresinteriors.com\/ca\/#organization"},"potentialAction":[{"@type":"SearchAction","target":{"@type":"EntryPoint","urlTemplate":"https:\/\/padresinteriors.com\/ca\/?s={search_term_string}"},"query-input":{"@type":"PropertyValueSpecification","valueRequired":true,"valueName":"search_term_string"}}],"inLanguage":"ca"},{"@type":"Organization","@id":"https:\/\/padresinteriors.com\/ca\/#organization","name":"Padr\u00e8s Interiors","url":"https:\/\/padresinteriors.com\/ca\/","logo":{"@type":"ImageObject","inLanguage":"ca","@id":"https:\/\/padresinteriors.com\/ca\/#\/schema\/logo\/image\/","url":"https:\/\/padresinteriors.com\/wp-content\/uploads\/2024\/02\/PADRES_interiors_logo.svg","contentUrl":"https:\/\/padresinteriors.com\/wp-content\/uploads\/2024\/02\/PADRES_interiors_logo.svg","width":160,"height":98,"caption":"Padr\u00e8s Interiors"},"image":{"@id":"https:\/\/padresinteriors.com\/ca\/#\/schema\/logo\/image\/"}}]}},"_links":{"self":[{"href":"https:\/\/padresinteriors.com\/ca\/wp-json\/wp\/v2\/pages\/2157","targetHints":{"allow":["GET"]}}],"collection":[{"href":"https:\/\/padresinteriors.com\/ca\/wp-json\/wp\/v2\/pages"}],"about":[{"href":"https:\/\/padresinteriors.com\/ca\/wp-json\/wp\/v2\/types\/page"}],"author":[{"embeddable":true,"href":"https:\/\/padresinteriors.com\/ca\/wp-json\/wp\/v2\/users\/1"}],"replies":[{"embeddable":true,"href":"https:\/\/padresinteriors.com\/ca\/wp-json\/wp\/v2\/comments?post=2157"}],"version-history":[{"count":4,"href":"https:\/\/padresinteriors.com\/ca\/wp-json\/wp\/v2\/pages\/2157\/revisions"}],"predecessor-version":[{"id":2367,"href":"https:\/\/padresinteriors.com\/ca\/wp-json\/wp\/v2\/pages\/2157\/revisions\/2367"}],"wp:attachment":[{"href":"https:\/\/padresinteriors.com\/ca\/wp-json\/wp\/v2\/media?parent=2157"}],"curies":[{"name":"wp","href":"https:\/\/api.w.org\/{rel}","templated":true}]}}