{"id":2136,"date":"2024-05-07T15:32:33","date_gmt":"2024-05-07T15:32:33","guid":{"rendered":"https:\/\/padresinteriors.com\/avis-legal\/"},"modified":"2024-07-03T22:44:22","modified_gmt":"2024-07-03T22:44:22","slug":"avis-legal","status":"publish","type":"page","link":"https:\/\/padresinteriors.com\/ca\/avis-legal\/","title":{"rendered":"AV\u00cdS LEGAL"},"content":{"rendered":"\t\t<div data-elementor-type=\"wp-page\" data-elementor-id=\"2136\" class=\"elementor elementor-2136 elementor-592\" data-elementor-post-type=\"page\">\n\t\t\t\t<div class=\"elementor-element elementor-element-51bfa515 e-con-full e-flex e-con e-parent\" data-id=\"51bfa515\" data-element_type=\"container\" data-e-type=\"container\">\n\t\t<div class=\"elementor-element elementor-element-28bd43d6 e-con-full e-flex e-con e-child\" data-id=\"28bd43d6\" data-element_type=\"container\" data-e-type=\"container\">\n\t\t\t\t<div class=\"elementor-element elementor-element-7063e99c elementor-widget elementor-widget-heading\" data-id=\"7063e99c\" data-element_type=\"widget\" data-e-type=\"widget\" data-widget_type=\"heading.default\">\n\t\t\t\t<div class=\"elementor-widget-container\">\n\t\t\t\t\t<h2 class=\"elementor-heading-title elementor-size-default\">AV\u00cdS LEGAL<\/h2>\t\t\t\t<\/div>\n\t\t\t\t<\/div>\n\t\t\t\t<div class=\"elementor-element elementor-element-224d021d elementor-widget elementor-widget-text-editor\" data-id=\"224d021d\" data-element_type=\"widget\" data-e-type=\"widget\" data-widget_type=\"text-editor.default\">\n\t\t\t\t<div class=\"elementor-widget-container\">\n\t\t\t\t\t\t\t\t\t<p><span style=\"font-weight: 400;\">En compliment del que preveu la Llei 12\/2013 de 13 de juny que regula el comer\u00e7 i el comer\u00e7 electr\u00f2nic aix\u00ed com la Llei 35\/2014 del 27 de novembre de serveis de confian\u00e7a electr\u00f2nica, al present Av\u00eds Legal s&#8217;informa que www. paresinteriors.com \u00e9s un domini de MONTSE PARES PUJOL ( en endavant \u201cPARES INTERIORS\u201d), amb domicili social a: Ctra. d&#8217;Engolasters, 173 Edif. Can Noguer B 1o1o \u2013 AD700 ESCALDES \u2013<\/span><span style=\"font-weight: 400;\">ENGORDANY (PRINCIPAT D&#8217;ANDORRA), amb correu electr\u00f2nic:<\/span><\/p>\n<p><span style=\"font-weight: 400;\">proyectos@paresinteriors.com i tel\u00e8fon: +376 339.458.<\/span><\/p>\n<p><span style=\"font-weight: 400;\">Dades d&#8217;identificaci\u00f3 del Responsable del Tractament i domicili on es duu a terme el tractament de dades:<\/span><\/p>\n<p><span style=\"font-weight: 400;\">PARES INTERIORS<\/span><\/p>\n<p><span style=\"font-weight: 400;\">Ctra. d&#8217;Engolasters, 173 Edif. Can Noguer B 1o1o<\/span><\/p>\n<p><span style=\"font-weight: 400;\">AD700 ESCALDES-ENGORDANY (ANDORRA)<\/span><\/p>\n<p><span style=\"font-weight: 400;\">Per a m\u00e9s informaci\u00f3 podeu contactar-nos mitjan\u00e7ant un escrit a la direcci\u00f3 anteriorment detallada o mitjan\u00e7ant correu electr\u00f2nic seg\u00fcent: proyectos@padresinteriors.com<\/span><\/p>\n<p><span style=\"font-weight: 400;\">ACC\u00c9S I USUARIS<\/span><\/p>\n<p><span style=\"font-weight: 400;\">L&#8217;acc\u00e9s al lloc web www.padresinteriors.com atribueix a qui ho realitza la condici\u00f3 d&#8217;USUARI, i expressa l&#8217;acceptaci\u00f3 plena i sense reserves per part de l&#8217;USUARI de totes i cada una de les presents CONDICIONS D&#8217;US i la nostra POL\u00cdTICA DE PRIVACITAT.<\/span><\/p>\n<p><span style=\"font-weight: 400;\">La prestaci\u00f3 del servei del lloc web t\u00e9 car\u00e0cter gratu\u00eft. No obstant aix\u00f2, PARES INTERIORS, es reserva la possibilitat de condicionar l&#8217;acc\u00e9s de determinats serveis puntuals al registre previ de l&#8217;USUARI mitjan\u00e7ant el formulari de contacte o mitjan\u00e7ant un correu electr\u00f2nic de contacte, que es trobar\u00e0, si s&#8217;escau, a disposici\u00f3 de qui desitge  <\/span><span style=\"font-weight: 400;\">sol\u00b7licitar-nos informaci\u00f3.<\/span><\/p>\n<p><span style=\"font-weight: 400;\">Quan sigui necessari que l&#8217;USUARI es registri com a USUARI REGISTRAT o aportacions personals per poder accedir a algun dels serveis espec\u00edfics, a la recollida i tractament de les dades personals dels USUARIS li ser\u00e0 aplicable el que es disposa a l&#8217;ep\u00edgraf sobre Pol\u00edtica de Privacitat. Sol\u00b7licitem consulteu la mateixa, a fi d&#8217;\u00e9sser informat sobre el tractament, conservaci\u00f3 i drets sobre les vostres dades.<\/span><\/p>\n<p><span style=\"font-weight: 400;\">L&#8217;usuari es compromet a utilitzar el lloc web i els seus serveis i continguts sense contravenir la legislaci\u00f3 vigent, la bona fe, els usos generalment acceptats i l&#8217;ordre p\u00fablic. Aix\u00ed mateix, queda prohibit, l&#8217;\u00fas de la Web amb finalitats il\u00b7l\u00edcites o lesives contra PARES INTERIORS o qualsevol tercer, que, de qualsevol manera, puguin causar perjudici o impedir el funcionament normal del lloc web.<\/span><\/p>\n\t\t\t\t\t\t\t\t<\/div>\n\t\t\t\t<\/div>\n\t\t\t\t<\/div>\n\t\t\t\t<\/div>\n\t\t\t\t<\/div>\n\t\t","protected":false},"excerpt":{"rendered":"<p>AV\u00cdS LEGAL En compliment del que preveu la Llei 12\/2013 de 13 de juny que regula el comer\u00e7 i el comer\u00e7 electr\u00f2nic aix\u00ed com la Llei 35\/2014 del 27 de novembre de serveis de confian\u00e7a electr\u00f2nica, al present Av\u00eds Legal s&#8217;informa que www. paresinteriors.com \u00e9s un domini de MONTSE PARES PUJOL ( en endavant \u201cPARES [&hellip;]<\/p>\n","protected":false},"author":1,"featured_media":0,"parent":0,"menu_order":0,"comment_status":"closed","ping_status":"closed","template":"elementor_header_footer","meta":{"footnotes":""},"class_list":["post-2136","page","type-page","status-publish","hentry"],"yoast_head":"<!-- This site is optimized with the Yoast SEO plugin v27.0 - https:\/\/yoast.com\/product\/yoast-seo-wordpress\/ -->\n<title>Av\u00eds legal de Padr\u00e8s Interiors - Termes i condicions d&#039;\u00fas<\/title>\n<meta name=\"description\" content=\"Consulta els termes i les condicions legals d&#039;\u00fas del lloc web i els serveis de Padr\u00e8s Interiors.\" \/>\n<meta name=\"robots\" content=\"index, follow, max-snippet:-1, max-image-preview:large, max-video-preview:-1\" \/>\n<link rel=\"canonical\" href=\"https:\/\/padresinteriors.com\/ca\/avis-legal\/\" \/>\n<meta property=\"og:locale\" content=\"ca_ES\" \/>\n<meta property=\"og:type\" content=\"article\" \/>\n<meta property=\"og:title\" content=\"Av\u00eds legal de Padr\u00e8s Interiors - Termes i condicions d&#039;\u00fas\" \/>\n<meta property=\"og:description\" content=\"Consulta els termes i les condicions legals d&#039;\u00fas del lloc web i els serveis de Padr\u00e8s Interiors.\" \/>\n<meta property=\"og:url\" content=\"https:\/\/padresinteriors.com\/ca\/avis-legal\/\" \/>\n<meta property=\"og:site_name\" content=\"Padr\u00e8s Interiors\" \/>\n<meta property=\"article:modified_time\" content=\"2024-07-03T22:44:22+00:00\" \/>\n<meta name=\"twitter:card\" content=\"summary_large_image\" \/>\n<meta name=\"twitter:label1\" content=\"Temps estimat de lectura\" \/>\n\t<meta name=\"twitter:data1\" content=\"2 minuts\" \/>\n<script type=\"application\/ld+json\" class=\"yoast-schema-graph\">{\"@context\":\"https:\/\/schema.org\",\"@graph\":[{\"@type\":\"WebPage\",\"@id\":\"https:\/\/padresinteriors.com\/ca\/avis-legal\/\",\"url\":\"https:\/\/padresinteriors.com\/ca\/avis-legal\/\",\"name\":\"Av\u00eds legal de Padr\u00e8s Interiors - Termes i condicions d'\u00fas\",\"isPartOf\":{\"@id\":\"https:\/\/padresinteriors.com\/ca\/#website\"},\"datePublished\":\"2024-05-07T15:32:33+00:00\",\"dateModified\":\"2024-07-03T22:44:22+00:00\",\"description\":\"Consulta els termes i les condicions legals d'\u00fas del lloc web i els serveis de Padr\u00e8s Interiors.\",\"breadcrumb\":{\"@id\":\"https:\/\/padresinteriors.com\/ca\/avis-legal\/#breadcrumb\"},\"inLanguage\":\"ca\",\"potentialAction\":[{\"@type\":\"ReadAction\",\"target\":[\"https:\/\/padresinteriors.com\/ca\/avis-legal\/\"]}]},{\"@type\":\"BreadcrumbList\",\"@id\":\"https:\/\/padresinteriors.com\/ca\/avis-legal\/#breadcrumb\",\"itemListElement\":[{\"@type\":\"ListItem\",\"position\":1,\"name\":\"Home\",\"item\":\"https:\/\/padresinteriors.com\/ca\/\"},{\"@type\":\"ListItem\",\"position\":2,\"name\":\"AV\u00cdS LEGAL\"}]},{\"@type\":\"WebSite\",\"@id\":\"https:\/\/padresinteriors.com\/ca\/#website\",\"url\":\"https:\/\/padresinteriors.com\/ca\/\",\"name\":\"Padr\u00e8s Interiors\",\"description\":\"Interior Design. Luxury Home Decor in Andorra.\",\"publisher\":{\"@id\":\"https:\/\/padresinteriors.com\/ca\/#organization\"},\"potentialAction\":[{\"@type\":\"SearchAction\",\"target\":{\"@type\":\"EntryPoint\",\"urlTemplate\":\"https:\/\/padresinteriors.com\/ca\/?s={search_term_string}\"},\"query-input\":{\"@type\":\"PropertyValueSpecification\",\"valueRequired\":true,\"valueName\":\"search_term_string\"}}],\"inLanguage\":\"ca\"},{\"@type\":\"Organization\",\"@id\":\"https:\/\/padresinteriors.com\/ca\/#organization\",\"name\":\"Padr\u00e8s Interiors\",\"url\":\"https:\/\/padresinteriors.com\/ca\/\",\"logo\":{\"@type\":\"ImageObject\",\"inLanguage\":\"ca\",\"@id\":\"https:\/\/padresinteriors.com\/ca\/#\/schema\/logo\/image\/\",\"url\":\"https:\/\/padresinteriors.com\/wp-content\/uploads\/2024\/02\/PADRES_interiors_logo.svg\",\"contentUrl\":\"https:\/\/padresinteriors.com\/wp-content\/uploads\/2024\/02\/PADRES_interiors_logo.svg\",\"width\":160,\"height\":98,\"caption\":\"Padr\u00e8s Interiors\"},\"image\":{\"@id\":\"https:\/\/padresinteriors.com\/ca\/#\/schema\/logo\/image\/\"}}]}<\/script>\n<!-- \/ Yoast SEO plugin. -->","yoast_head_json":{"title":"Av\u00eds legal de Padr\u00e8s Interiors - Termes i condicions d'\u00fas","description":"Consulta els termes i les condicions legals d'\u00fas del lloc web i els serveis de Padr\u00e8s Interiors.","robots":{"index":"index","follow":"follow","max-snippet":"max-snippet:-1","max-image-preview":"max-image-preview:large","max-video-preview":"max-video-preview:-1"},"canonical":"https:\/\/padresinteriors.com\/ca\/avis-legal\/","og_locale":"ca_ES","og_type":"article","og_title":"Av\u00eds legal de Padr\u00e8s Interiors - Termes i condicions d'\u00fas","og_description":"Consulta els termes i les condicions legals d'\u00fas del lloc web i els serveis de Padr\u00e8s Interiors.","og_url":"https:\/\/padresinteriors.com\/ca\/avis-legal\/","og_site_name":"Padr\u00e8s Interiors","article_modified_time":"2024-07-03T22:44:22+00:00","twitter_card":"summary_large_image","twitter_misc":{"Temps estimat de lectura":"2 minuts"},"schema":{"@context":"https:\/\/schema.org","@graph":[{"@type":"WebPage","@id":"https:\/\/padresinteriors.com\/ca\/avis-legal\/","url":"https:\/\/padresinteriors.com\/ca\/avis-legal\/","name":"Av\u00eds legal de Padr\u00e8s Interiors - Termes i condicions d'\u00fas","isPartOf":{"@id":"https:\/\/padresinteriors.com\/ca\/#website"},"datePublished":"2024-05-07T15:32:33+00:00","dateModified":"2024-07-03T22:44:22+00:00","description":"Consulta els termes i les condicions legals d'\u00fas del lloc web i els serveis de Padr\u00e8s Interiors.","breadcrumb":{"@id":"https:\/\/padresinteriors.com\/ca\/avis-legal\/#breadcrumb"},"inLanguage":"ca","potentialAction":[{"@type":"ReadAction","target":["https:\/\/padresinteriors.com\/ca\/avis-legal\/"]}]},{"@type":"BreadcrumbList","@id":"https:\/\/padresinteriors.com\/ca\/avis-legal\/#breadcrumb","itemListElement":[{"@type":"ListItem","position":1,"name":"Home","item":"https:\/\/padresinteriors.com\/ca\/"},{"@type":"ListItem","position":2,"name":"AV\u00cdS LEGAL"}]},{"@type":"WebSite","@id":"https:\/\/padresinteriors.com\/ca\/#website","url":"https:\/\/padresinteriors.com\/ca\/","name":"Padr\u00e8s Interiors","description":"Interior Design. Luxury Home Decor in Andorra.","publisher":{"@id":"https:\/\/padresinteriors.com\/ca\/#organization"},"potentialAction":[{"@type":"SearchAction","target":{"@type":"EntryPoint","urlTemplate":"https:\/\/padresinteriors.com\/ca\/?s={search_term_string}"},"query-input":{"@type":"PropertyValueSpecification","valueRequired":true,"valueName":"search_term_string"}}],"inLanguage":"ca"},{"@type":"Organization","@id":"https:\/\/padresinteriors.com\/ca\/#organization","name":"Padr\u00e8s Interiors","url":"https:\/\/padresinteriors.com\/ca\/","logo":{"@type":"ImageObject","inLanguage":"ca","@id":"https:\/\/padresinteriors.com\/ca\/#\/schema\/logo\/image\/","url":"https:\/\/padresinteriors.com\/wp-content\/uploads\/2024\/02\/PADRES_interiors_logo.svg","contentUrl":"https:\/\/padresinteriors.com\/wp-content\/uploads\/2024\/02\/PADRES_interiors_logo.svg","width":160,"height":98,"caption":"Padr\u00e8s Interiors"},"image":{"@id":"https:\/\/padresinteriors.com\/ca\/#\/schema\/logo\/image\/"}}]}},"_links":{"self":[{"href":"https:\/\/padresinteriors.com\/ca\/wp-json\/wp\/v2\/pages\/2136","targetHints":{"allow":["GET"]}}],"collection":[{"href":"https:\/\/padresinteriors.com\/ca\/wp-json\/wp\/v2\/pages"}],"about":[{"href":"https:\/\/padresinteriors.com\/ca\/wp-json\/wp\/v2\/types\/page"}],"author":[{"embeddable":true,"href":"https:\/\/padresinteriors.com\/ca\/wp-json\/wp\/v2\/users\/1"}],"replies":[{"embeddable":true,"href":"https:\/\/padresinteriors.com\/ca\/wp-json\/wp\/v2\/comments?post=2136"}],"version-history":[{"count":2,"href":"https:\/\/padresinteriors.com\/ca\/wp-json\/wp\/v2\/pages\/2136\/revisions"}],"predecessor-version":[{"id":2145,"href":"https:\/\/padresinteriors.com\/ca\/wp-json\/wp\/v2\/pages\/2136\/revisions\/2145"}],"wp:attachment":[{"href":"https:\/\/padresinteriors.com\/ca\/wp-json\/wp\/v2\/media?parent=2136"}],"curies":[{"name":"wp","href":"https:\/\/api.w.org\/{rel}","templated":true}]}}