{"id":2050,"date":"2024-04-08T15:42:50","date_gmt":"2024-04-08T15:42:50","guid":{"rendered":"https:\/\/padresinteriors.com\/politica-de-privacitat\/"},"modified":"2024-07-03T22:43:49","modified_gmt":"2024-07-03T22:43:49","slug":"politica-de-privacitat","status":"publish","type":"page","link":"https:\/\/padresinteriors.com\/ca\/politica-de-privacitat\/","title":{"rendered":"POL\u00cdTICA DE PRIVACITAT"},"content":{"rendered":"\t\t<div data-elementor-type=\"wp-page\" data-elementor-id=\"2050\" class=\"elementor elementor-2050 elementor-432\" data-elementor-post-type=\"page\">\n\t\t\t\t<div class=\"elementor-element elementor-element-5541f3f3 e-con-full e-flex e-con e-parent\" data-id=\"5541f3f3\" data-element_type=\"container\" data-e-type=\"container\">\n\t\t<div class=\"elementor-element elementor-element-5ea79974 e-con-full e-flex e-con e-child\" data-id=\"5ea79974\" data-element_type=\"container\" data-e-type=\"container\">\n\t\t\t\t<div class=\"elementor-element elementor-element-26b65326 elementor-widget elementor-widget-heading\" data-id=\"26b65326\" data-element_type=\"widget\" data-e-type=\"widget\" data-widget_type=\"heading.default\">\n\t\t\t\t<div class=\"elementor-widget-container\">\n\t\t\t\t\t<h2 class=\"elementor-heading-title elementor-size-default\">POL\u00cdTICA DE PRIVACITAT<\/h2>\t\t\t\t<\/div>\n\t\t\t\t<\/div>\n\t\t\t\t<div class=\"elementor-element elementor-element-4b1f45a3 elementor-widget elementor-widget-text-editor\" data-id=\"4b1f45a3\" data-element_type=\"widget\" data-e-type=\"widget\" data-widget_type=\"text-editor.default\">\n\t\t\t\t<div class=\"elementor-widget-container\">\n\t\t\t\t\t\t\t\t\t<p><span style=\"font-weight: 400;\">En utilitzar el present Lloc Web, les Aplicacions, i\/o en comunicar-se electr\u00f2nicament amb PARES INTERIORS a trav\u00e9s del seu web www.padresinteriors.com; es recullen i es tracten les dades personals que se sol\u00b7licita a l&#8217;Usuari. Les dades subministrades per l&#8217;Usuari quedaran incorporades a un fitxer automatitzat de dades de car\u00e0cter personal, titularitat de PARES INTERIORS el qual ser\u00e0 processat amb la finalitat de prestar els serveis i\/o informaci\u00f3 sol\u00b7licitats per l&#8217;Usuari. L&#8217;usuari autoritza el tractament automatitzat de les dades personals subministrades, necess\u00e0ries per a la prestaci\u00f3 dels serveis pactats, els quals es regeix per la present pol\u00edtica de privacitat. La informaci\u00f3 personal recollida dels clients registrats s&#8217;emmagatzema en una base de dades propietat de PARES INTERIORS que assumeix les mesures d&#8217;\u00edndole t\u00e8cnica, organitzativa i de seguretat que garanteixin la confidencialitat i la integritat de la informaci\u00f3 d&#8217;acord amb el que estableix la Llei LQPD 29\/2021, de 28 d&#8217;octubre, qualificada de protecci\u00f3 de dades personals i el Decret 391\/2022, de 28 de setembre, que la desenvolupa; aix\u00ed com el Reglament de Protecci\u00f3 de Dades de Car\u00e0cter Personal RGPD UE-2016\/679. PARES INTERIORS, a trav\u00e9s de la seva web, utilitzar\u00e0 les dades subministrades per l&#8217;Usuari de manera interna per donar a con\u00e8ixer a l&#8217;Usuari els seus serveis que pugui considerar d&#8217;inter\u00e8s per al mateix. Sota base del seu consentiment. En qualsevol cas, les vostres dades seran tractades amb un nivell de protecci\u00f3 d&#8217;acord amb les normes aplicables sobre Protecci\u00f3 de Dades i no se sotmetran a decisions automatitzades. El responsable del tractament de les dades personals que l&#8217;Usuari faciliti a l&#8217;accedir i  <\/span><span style=\"font-weight: 400;\">utilitzar el Lloc Web i les Aplicacions \u00e9s PARES INTERIORS, amb domicili social a aquests efectes: Ctra. d&#8217;Engolasters, 173 Edif. Can Noguer B 1o1o -AD700- ESCALDES-ENGORDANY (PRINCIPAT D&#8217;ANDORRA).<\/span><\/p>\n<\/p>\n<p><span style=\"font-weight: 400;\">La legitimaci\u00f3 per al tractament \u00e9s l&#8217;inter\u00e8s leg\u00edtim de PARES INTERIORS a mantenir la relaci\u00f3 existent amb l&#8217;Usuari i, si escau, el seu consentiment. Per tant, PARES INTERIORS recollir\u00e0 i mantindr\u00e0 els vostres dades mentre la relaci\u00f3 sigui vigent i, si escau, l&#8217;Usuari no revoqui el consentiment que ha prestat al tractament de les seves dades. En tot cas, quan les dades personals no siguin necess\u00e0ries per al fi per al qual van ser recollides i mentre no es procedeixi a la cancel\u00b7laci\u00f3 definitiva dels mateixos, es conservaran de forma bloquejada.<\/span><\/p>\n<\/p>\n<p><span style=\"font-weight: 400;\">Qualsevol usuari registrat pot en qualsevol moment exercir el dret a accedir, rectificar i, si escau, supressi\u00f3 de les seves dades de car\u00e0cter personal subministrades al web www.padresinteriors.com; aix\u00ed com retirar el consentiment prestat, mitjan\u00e7ant comunicaci\u00f3 al domicili social facilitat anteriorment. Aquesta comunicaci\u00f3 tamb\u00e9 es podr\u00e0 fer mitjan\u00e7ant l&#8217;enviament d&#8217;un correu electr\u00f2nic a l&#8217;adre\u00e7a:  <\/span><a href=\"mailto:proyectos@padresinteriors.com\"><span style=\"font-weight: 400;\">proyectos@paresinteriors.com<\/span><\/a><span style=\"font-weight: 400;\">. L&#8217;usuari es compromet a notificar qualsevol canvi o modificaci\u00f3 de les dades personals que hagi facilitat. Qualsevol p\u00e8rdua o dany causat al lloc web o per a agents, a PARES INTERIORS o de qualsevol tercer mitjan\u00e7ant la comunicaci\u00f3 d&#8217;informaci\u00f3 err\u00f2nia, inexacta o incompleta ser\u00e0 responsabilitat \u00fanica i exclusiva de l&#8217;Usuari.<\/span><\/p>\n<\/p>\n<p><span style=\"font-weight: 400;\">RECOLLIDA I TRACTAMET DE LES DADES<\/span><\/p>\n<\/p>\n<p><span style=\"font-weight: 400;\">El tipus de dades que es poden sol\u00b7licitar i tractar s\u00f3n:<\/span><\/p>\n<ul>\n<li><span style=\"font-weight: 400;\">  Dones de car\u00e0cter identificatiu.<\/span><\/li>\n<li><span style=\"font-weight: 400;\">  Tamb\u00e9 recollim de manera autom\u00e0tica dades sobre la seva visita al nostre lloc web segons es descriu a la pol\u00edtica de cookies.<\/span><\/li>\n<li><span style=\"font-weight: 400;\">  Sempre que sol\u00b7licitem les teves dades personals, t&#8217;informarem amb claredat de quins dades personals recollim i amb quina finalitat. En general, recollim i tractem les teves dades personals amb el prop\u00f2sit de proporcionar informaci\u00f3, comercial i serveis.<\/span><\/li>\n<li><span style=\"font-weight: 400;\">  Enviament de comunicacions.<\/span><\/li>\n<\/ul>\n<p><span style=\"font-weight: 400;\">PROPIETAT INTEL\u00b7LECTUAL I INDUSTRIAL<\/span><\/p>\n<\/p>\n<p><span style=\"font-weight: 400;\">Tots els continguts del Lloc Web i Aplicaci\u00f3, entenent per aquests a t\u00edtol merament enunciatiu, els textos, fotografies, imatges, icones, enlla\u00e7os, aix\u00ed com el seu disseny gr\u00e0fic i codis font (d&#8217;ara endavant, els &#8220;Continguts&#8221;), s\u00f3n propietat intel\u00b7lectual de PARES INTERIORS o de tercers, sense que puguin entender cedits a l&#8217;Usuari cap dels drets d&#8217;explotaci\u00f3 reconeguts per la normativa vigent de propietat intel\u00b7lectual sobre els mateixos, excepte aquells que resultin estrictament necessaris per a l&#8217; \u00fas del lloc web i de l&#8217;aplicaci\u00f3.<\/span><\/p>\n<p><span style=\"font-weight: 400;\">Les marques, noms comercials o signes distintius s\u00f3n titularitat de PARES INTERIORS o tercers, sense que pugui comprendre que l&#8217;acc\u00e9s al Lloc Web i\/o Aplicaci\u00f3 atribueixi cap dret sobre les esmentades marques, noms comercials i\/o signes distintius.<\/span><\/p>\n<\/p>\n<p><span style=\"font-weight: 400;\">EXCLUSI\u00d3 DE RESPONSABILITAT<\/span><\/p>\n<\/p>\n<p><span style=\"font-weight: 400;\">PADERS INTERIORS, actua amb la m\u00e0xima dilig\u00e8ncia possible perqu\u00e8 les dades i la informaci\u00f3 que ofereix al vostre lloc web estigui actualitzada en tot moment, si b\u00e9 no garanteix ni es fa responsable de l&#8217;exactitud i actualitzaci\u00f3 dels continguts del lloc web, reservant-se el dret a modificar aquests continguts en qualsevol moment. PARES INTERIORS tampoc ser\u00e0 responsable de la informaci\u00f3 que es pot obtenir a trav\u00e9s d&#8217;enlla\u00e7os inclosos al lloc web.<\/span><\/p>\n<p><span style=\"font-weight: 400;\">La durada de la prestaci\u00f3 del servei del lloc web i dels serveis \u00e9s de car\u00e0cter indefinit. Sense perjudici de l&#8217;anterior, PARES INTERIORS es reserva el dret d&#8217;interrompre, suspendre o acabar la prestaci\u00f3 del servei del Web o de qualsevol dels serveis que l&#8217;integrin.<\/span><\/p>\n<p><span style=\"font-weight: 400;\">PARES INTERIORS no atorga cap garantia ni es fa responsable, en cap cas, dels danys i perjudicis de qualsevol naturalesa que poguessin portar causa de:<\/span><\/p>\n<ul>\n<li><span style=\"font-weight: 400;\">  La manca de disponibilitat, manteniment i efectiu funcionament del Web i\/o dels seus serveis o continguts.<\/span><\/li>\n<li><span style=\"font-weight: 400;\">  La manca dutilitat, adequaci\u00f3 o validesa del Web i\/o dels seus serveis o continguts per satisfer necessitats, activitats o resultats concrets o expectatives dels usuaris.<\/span><\/li>\n<li><span style=\"font-weight: 400;\">  L&#8217;exist\u00e8ncia de virus, programes maliciosos o lesius als continguts.<\/span><\/li>\n<li><span style=\"font-weight: 400;\">  La recepci\u00f3, obtenci\u00f3, emmagatzematge, difusi\u00f3 o transmissi\u00f3, per part dels usuaris, dels continguts.<\/span><\/li>\n<li><span style=\"font-weight: 400;\">  L&#8217;\u00fas il\u00b7l\u00edcit, negligent, fraudulent, contrari a les presents Condicions Generals, a la bona fe, als usos generalment acceptats oa l&#8217;ordre p\u00fablic, del lloc web, els seus serveis o continguts, per part dels usuaris.<\/span><\/li>\n<li><span style=\"font-weight: 400;\">  La manca de licitud, qualitat, fiabilitat, utilitat i disponibilitat dels serveis prestats per tercers i llocs a la disposici\u00f3 dels usuaris al lloc web.<\/span><\/li>\n<li><span style=\"font-weight: 400;\">  L&#8217;incompliment per part de tercers de les seves obligacions o compromisos en relaci\u00f3 amb els serveis prestats als usuaris a trav\u00e9s del lloc web.<\/span><\/li>\n<\/ul>\n<p><span style=\"font-weight: 400;\">Les relacions amb els clients es regiran per les condicions generals que, si s&#8217;escau, s&#8217;estableixin per part de PARES INTERIORS en un document espec\u00edfic a aquest efecte, o pels pactes concrets que es puguin acordar amb els clients.<\/span><\/p>\n<\/p>\n<p><span style=\"font-weight: 400;\">CONDICIONS D&#8217;\u00daS<\/span><\/p>\n<\/p>\n<p><span style=\"font-weight: 400;\">L&#8217;\u00fas d&#8217;aquest lloc web implica l&#8217;acceptaci\u00f3 plena dels termes del present av\u00eds legal. Els possibles conflictes relatius a aquest web es regiran exclusivament pel dret del Principat d&#8217;Andorra. Tota persona usu\u00e0ria del web, independentment de la jurisdicci\u00f3 territorial des de la qual es produeixi el seu acc\u00e9s, accepta el compliment i respecte d&#8217;aquestes cl\u00e0usules amb renuncia expressa a qualsevol altre fur que li pugui correspondre. Tota informaci\u00f3 i documentaci\u00f3 disponible en altres idiomes diferents al catal\u00e0 de la present p\u00e0gina web (SI ESCAU) \u00e9s proporcionada \u00fanicament a efectes informatius. En cas de discrep\u00e0ncia entre el contingut de la versi\u00f3 en altres idiomes diferents al catal\u00e0 (si s&#8217;escau) i el de la versi\u00f3 original en catal\u00e0 prevaldr\u00e0 el d&#8217;aquesta \u00faltima.<\/span><\/p><\/p>\n\t\t\t\t\t\t\t\t<\/div>\n\t\t\t\t<\/div>\n\t\t\t\t<\/div>\n\t\t\t\t<\/div>\n\t\t\t\t<\/div>\n\t\t","protected":false},"excerpt":{"rendered":"<p>POL\u00cdTICA DE PRIVACITAT En utilitzar el present Lloc Web, les Aplicacions, i\/o en comunicar-se electr\u00f2nicament amb PARES INTERIORS a trav\u00e9s del seu web www.padresinteriors.com; es recullen i es tracten les dades personals que se sol\u00b7licita a l&#8217;Usuari. Les dades subministrades per l&#8217;Usuari quedaran incorporades a un fitxer automatitzat de dades de car\u00e0cter personal, titularitat de [&hellip;]<\/p>\n","protected":false},"author":1,"featured_media":0,"parent":0,"menu_order":0,"comment_status":"closed","ping_status":"closed","template":"elementor_header_footer","meta":{"footnotes":""},"class_list":["post-2050","page","type-page","status-publish","hentry"],"yoast_head":"<!-- This site is optimized with the Yoast SEO plugin v27.0 - https:\/\/yoast.com\/product\/yoast-seo-wordpress\/ -->\n<title>Pol\u00edtica de privadesa de Padr\u00e8s Interiors<\/title>\n<meta name=\"description\" content=\"Coneix com Padr\u00e8s Interiors tracta i protegeix les dades personals dels usuaris d&#039;acord amb la normativa vigent.\" \/>\n<meta name=\"robots\" content=\"index, follow, max-snippet:-1, max-image-preview:large, max-video-preview:-1\" \/>\n<link rel=\"canonical\" href=\"https:\/\/padresinteriors.com\/ca\/politica-de-privacitat\/\" \/>\n<meta property=\"og:locale\" content=\"ca_ES\" \/>\n<meta property=\"og:type\" content=\"article\" \/>\n<meta property=\"og:title\" content=\"Pol\u00edtica de privadesa de Padr\u00e8s Interiors\" \/>\n<meta property=\"og:description\" content=\"Coneix com Padr\u00e8s Interiors tracta i protegeix les dades personals dels usuaris d&#039;acord amb la normativa vigent.\" \/>\n<meta property=\"og:url\" content=\"https:\/\/padresinteriors.com\/ca\/politica-de-privacitat\/\" \/>\n<meta property=\"og:site_name\" content=\"Padr\u00e8s Interiors\" \/>\n<meta property=\"article:modified_time\" content=\"2024-07-03T22:43:49+00:00\" \/>\n<meta name=\"twitter:card\" content=\"summary_large_image\" \/>\n<meta name=\"twitter:label1\" content=\"Temps estimat de lectura\" \/>\n\t<meta name=\"twitter:data1\" content=\"6 minuts\" \/>\n<script type=\"application\/ld+json\" class=\"yoast-schema-graph\">{\"@context\":\"https:\/\/schema.org\",\"@graph\":[{\"@type\":\"WebPage\",\"@id\":\"https:\/\/padresinteriors.com\/ca\/politica-de-privacitat\/\",\"url\":\"https:\/\/padresinteriors.com\/ca\/politica-de-privacitat\/\",\"name\":\"Pol\u00edtica de privadesa de Padr\u00e8s Interiors\",\"isPartOf\":{\"@id\":\"https:\/\/padresinteriors.com\/ca\/#website\"},\"datePublished\":\"2024-04-08T15:42:50+00:00\",\"dateModified\":\"2024-07-03T22:43:49+00:00\",\"description\":\"Coneix com Padr\u00e8s Interiors tracta i protegeix les dades personals dels usuaris d'acord amb la normativa vigent.\",\"breadcrumb\":{\"@id\":\"https:\/\/padresinteriors.com\/ca\/politica-de-privacitat\/#breadcrumb\"},\"inLanguage\":\"ca\",\"potentialAction\":[{\"@type\":\"ReadAction\",\"target\":[\"https:\/\/padresinteriors.com\/ca\/politica-de-privacitat\/\"]}]},{\"@type\":\"BreadcrumbList\",\"@id\":\"https:\/\/padresinteriors.com\/ca\/politica-de-privacitat\/#breadcrumb\",\"itemListElement\":[{\"@type\":\"ListItem\",\"position\":1,\"name\":\"Home\",\"item\":\"https:\/\/padresinteriors.com\/ca\/\"},{\"@type\":\"ListItem\",\"position\":2,\"name\":\"POL\u00cdTICA DE PRIVACITAT\"}]},{\"@type\":\"WebSite\",\"@id\":\"https:\/\/padresinteriors.com\/ca\/#website\",\"url\":\"https:\/\/padresinteriors.com\/ca\/\",\"name\":\"Padr\u00e8s Interiors\",\"description\":\"Interior Design. Luxury Home Decor in Andorra.\",\"publisher\":{\"@id\":\"https:\/\/padresinteriors.com\/ca\/#organization\"},\"potentialAction\":[{\"@type\":\"SearchAction\",\"target\":{\"@type\":\"EntryPoint\",\"urlTemplate\":\"https:\/\/padresinteriors.com\/ca\/?s={search_term_string}\"},\"query-input\":{\"@type\":\"PropertyValueSpecification\",\"valueRequired\":true,\"valueName\":\"search_term_string\"}}],\"inLanguage\":\"ca\"},{\"@type\":\"Organization\",\"@id\":\"https:\/\/padresinteriors.com\/ca\/#organization\",\"name\":\"Padr\u00e8s Interiors\",\"url\":\"https:\/\/padresinteriors.com\/ca\/\",\"logo\":{\"@type\":\"ImageObject\",\"inLanguage\":\"ca\",\"@id\":\"https:\/\/padresinteriors.com\/ca\/#\/schema\/logo\/image\/\",\"url\":\"https:\/\/padresinteriors.com\/wp-content\/uploads\/2024\/02\/PADRES_interiors_logo.svg\",\"contentUrl\":\"https:\/\/padresinteriors.com\/wp-content\/uploads\/2024\/02\/PADRES_interiors_logo.svg\",\"width\":160,\"height\":98,\"caption\":\"Padr\u00e8s Interiors\"},\"image\":{\"@id\":\"https:\/\/padresinteriors.com\/ca\/#\/schema\/logo\/image\/\"}}]}<\/script>\n<!-- \/ Yoast SEO plugin. -->","yoast_head_json":{"title":"Pol\u00edtica de privadesa de Padr\u00e8s Interiors","description":"Coneix com Padr\u00e8s Interiors tracta i protegeix les dades personals dels usuaris d'acord amb la normativa vigent.","robots":{"index":"index","follow":"follow","max-snippet":"max-snippet:-1","max-image-preview":"max-image-preview:large","max-video-preview":"max-video-preview:-1"},"canonical":"https:\/\/padresinteriors.com\/ca\/politica-de-privacitat\/","og_locale":"ca_ES","og_type":"article","og_title":"Pol\u00edtica de privadesa de Padr\u00e8s Interiors","og_description":"Coneix com Padr\u00e8s Interiors tracta i protegeix les dades personals dels usuaris d'acord amb la normativa vigent.","og_url":"https:\/\/padresinteriors.com\/ca\/politica-de-privacitat\/","og_site_name":"Padr\u00e8s Interiors","article_modified_time":"2024-07-03T22:43:49+00:00","twitter_card":"summary_large_image","twitter_misc":{"Temps estimat de lectura":"6 minuts"},"schema":{"@context":"https:\/\/schema.org","@graph":[{"@type":"WebPage","@id":"https:\/\/padresinteriors.com\/ca\/politica-de-privacitat\/","url":"https:\/\/padresinteriors.com\/ca\/politica-de-privacitat\/","name":"Pol\u00edtica de privadesa de Padr\u00e8s Interiors","isPartOf":{"@id":"https:\/\/padresinteriors.com\/ca\/#website"},"datePublished":"2024-04-08T15:42:50+00:00","dateModified":"2024-07-03T22:43:49+00:00","description":"Coneix com Padr\u00e8s Interiors tracta i protegeix les dades personals dels usuaris d'acord amb la normativa vigent.","breadcrumb":{"@id":"https:\/\/padresinteriors.com\/ca\/politica-de-privacitat\/#breadcrumb"},"inLanguage":"ca","potentialAction":[{"@type":"ReadAction","target":["https:\/\/padresinteriors.com\/ca\/politica-de-privacitat\/"]}]},{"@type":"BreadcrumbList","@id":"https:\/\/padresinteriors.com\/ca\/politica-de-privacitat\/#breadcrumb","itemListElement":[{"@type":"ListItem","position":1,"name":"Home","item":"https:\/\/padresinteriors.com\/ca\/"},{"@type":"ListItem","position":2,"name":"POL\u00cdTICA DE PRIVACITAT"}]},{"@type":"WebSite","@id":"https:\/\/padresinteriors.com\/ca\/#website","url":"https:\/\/padresinteriors.com\/ca\/","name":"Padr\u00e8s Interiors","description":"Interior Design. Luxury Home Decor in Andorra.","publisher":{"@id":"https:\/\/padresinteriors.com\/ca\/#organization"},"potentialAction":[{"@type":"SearchAction","target":{"@type":"EntryPoint","urlTemplate":"https:\/\/padresinteriors.com\/ca\/?s={search_term_string}"},"query-input":{"@type":"PropertyValueSpecification","valueRequired":true,"valueName":"search_term_string"}}],"inLanguage":"ca"},{"@type":"Organization","@id":"https:\/\/padresinteriors.com\/ca\/#organization","name":"Padr\u00e8s Interiors","url":"https:\/\/padresinteriors.com\/ca\/","logo":{"@type":"ImageObject","inLanguage":"ca","@id":"https:\/\/padresinteriors.com\/ca\/#\/schema\/logo\/image\/","url":"https:\/\/padresinteriors.com\/wp-content\/uploads\/2024\/02\/PADRES_interiors_logo.svg","contentUrl":"https:\/\/padresinteriors.com\/wp-content\/uploads\/2024\/02\/PADRES_interiors_logo.svg","width":160,"height":98,"caption":"Padr\u00e8s Interiors"},"image":{"@id":"https:\/\/padresinteriors.com\/ca\/#\/schema\/logo\/image\/"}}]}},"_links":{"self":[{"href":"https:\/\/padresinteriors.com\/ca\/wp-json\/wp\/v2\/pages\/2050","targetHints":{"allow":["GET"]}}],"collection":[{"href":"https:\/\/padresinteriors.com\/ca\/wp-json\/wp\/v2\/pages"}],"about":[{"href":"https:\/\/padresinteriors.com\/ca\/wp-json\/wp\/v2\/types\/page"}],"author":[{"embeddable":true,"href":"https:\/\/padresinteriors.com\/ca\/wp-json\/wp\/v2\/users\/1"}],"replies":[{"embeddable":true,"href":"https:\/\/padresinteriors.com\/ca\/wp-json\/wp\/v2\/comments?post=2050"}],"version-history":[{"count":1,"href":"https:\/\/padresinteriors.com\/ca\/wp-json\/wp\/v2\/pages\/2050\/revisions"}],"predecessor-version":[{"id":2052,"href":"https:\/\/padresinteriors.com\/ca\/wp-json\/wp\/v2\/pages\/2050\/revisions\/2052"}],"wp:attachment":[{"href":"https:\/\/padresinteriors.com\/ca\/wp-json\/wp\/v2\/media?parent=2050"}],"curies":[{"name":"wp","href":"https:\/\/api.w.org\/{rel}","templated":true}]}}