{"id":2008,"date":"2024-04-08T13:46:31","date_gmt":"2024-04-08T13:46:31","guid":{"rendered":"https:\/\/padresinteriors.com\/premsa\/"},"modified":"2026-01-14T23:06:27","modified_gmt":"2026-01-14T23:06:27","slug":"premsa","status":"publish","type":"page","link":"https:\/\/padresinteriors.com\/ca\/premsa\/","title":{"rendered":"Premsa"},"content":{"rendered":"\t\t<div data-elementor-type=\"wp-page\" data-elementor-id=\"2008\" class=\"elementor elementor-2008 elementor-336\" data-elementor-post-type=\"page\">\n\t\t\t\t<div class=\"elementor-element elementor-element-3d23259 e-flex e-con-boxed e-con e-parent\" data-id=\"3d23259\" data-element_type=\"container\" data-e-type=\"container\">\n\t\t\t\t\t<div class=\"e-con-inner\">\n\t\t\t\t<div class=\"elementor-element elementor-element-6d6a81d elementor-widget elementor-widget-spacer\" data-id=\"6d6a81d\" data-element_type=\"widget\" data-e-type=\"widget\" data-widget_type=\"spacer.default\">\n\t\t\t\t<div class=\"elementor-widget-container\">\n\t\t\t\t\t\t\t<div class=\"elementor-spacer\">\n\t\t\t<div class=\"elementor-spacer-inner\"><\/div>\n\t\t<\/div>\n\t\t\t\t\t\t<\/div>\n\t\t\t\t<\/div>\n\t\t<div class=\"elementor-element elementor-element-5b873e7 e-con-full e-flex e-con e-child\" data-id=\"5b873e7\" data-element_type=\"container\" data-e-type=\"container\">\n\t\t<div class=\"elementor-element elementor-element-66b01cf e-con-full e-flex e-con e-child\" data-id=\"66b01cf\" data-element_type=\"container\" data-e-type=\"container\">\n\t\t\t\t<div class=\"elementor-element elementor-element-4f1b72e elementor-widget elementor-widget-image\" data-id=\"4f1b72e\" data-element_type=\"widget\" data-e-type=\"widget\" data-widget_type=\"image.default\">\n\t\t\t\t<div class=\"elementor-widget-container\">\n\t\t\t\t\t\t\t\t\t\t\t\t\t\t\t\t<a href=\"https:\/\/www.elperiodic.ad\/entrevista\/104752\/mencantaria-rehabilitar-una-borda-o-una-masia\" target=\"_blank\">\n\t\t\t\t\t\t\t<img fetchpriority=\"high\" decoding=\"async\" width=\"800\" height=\"827\" src=\"https:\/\/padresinteriors.com\/wp-content\/uploads\/2024\/04\/PADRESINTERIORS_ELPERIODIC2024-990x1024.jpg\" class=\"attachment-large size-large wp-image-1856\" alt=\"\" srcset=\"https:\/\/padresinteriors.com\/wp-content\/uploads\/2024\/04\/PADRESINTERIORS_ELPERIODIC2024-990x1024.jpg 990w, https:\/\/padresinteriors.com\/wp-content\/uploads\/2024\/04\/PADRESINTERIORS_ELPERIODIC2024-290x300.jpg 290w, https:\/\/padresinteriors.com\/wp-content\/uploads\/2024\/04\/PADRESINTERIORS_ELPERIODIC2024-768x794.jpg 768w, https:\/\/padresinteriors.com\/wp-content\/uploads\/2024\/04\/PADRESINTERIORS_ELPERIODIC2024-1485x1536.jpg 1485w, https:\/\/padresinteriors.com\/wp-content\/uploads\/2024\/04\/PADRESINTERIORS_ELPERIODIC2024.jpg 1500w\" sizes=\"(max-width: 800px) 100vw, 800px\" \/>\t\t\t\t\t\t\t\t<\/a>\n\t\t\t\t\t\t\t\t\t\t\t\t\t\t\t<\/div>\n\t\t\t\t<\/div>\n\t\t\t\t<div class=\"elementor-element elementor-element-1e366c6 elementor-widget elementor-widget-heading\" data-id=\"1e366c6\" data-element_type=\"widget\" data-e-type=\"widget\" data-widget_type=\"heading.default\">\n\t\t\t\t<div class=\"elementor-widget-container\">\n\t\t\t\t\t<h2 class=\"elementor-heading-title elementor-size-default\"><a href=\"https:\/\/www.elperiodic.ad\/entrevista\/104752\/mencantaria-rehabilitar-una-borda-o-una-masia\" target=\"_blank\">El Peri\u00f3dico<\/a><\/h2>\t\t\t\t<\/div>\n\t\t\t\t<\/div>\n\t\t\t\t<div class=\"elementor-element elementor-element-fd94255 elementor-widget elementor-widget-text-editor\" data-id=\"fd94255\" data-element_type=\"widget\" data-e-type=\"widget\" data-widget_type=\"text-editor.default\">\n\t\t\t\t<div class=\"elementor-widget-container\">\n\t\t\t\t\t\t\t\t\t<p>29 FEBRER 2024<\/p>\t\t\t\t\t\t\t\t<\/div>\n\t\t\t\t<\/div>\n\t\t\t\t<\/div>\n\t\t<div class=\"elementor-element elementor-element-240ccf8 e-con-full e-flex e-con e-child\" data-id=\"240ccf8\" data-element_type=\"container\" data-e-type=\"container\">\n\t\t\t\t<div class=\"elementor-element elementor-element-4f11bf2 elementor-widget elementor-widget-image\" data-id=\"4f11bf2\" data-element_type=\"widget\" data-e-type=\"widget\" data-widget_type=\"image.default\">\n\t\t\t\t<div class=\"elementor-widget-container\">\n\t\t\t\t\t\t\t\t\t\t\t\t\t\t\t\t<a href=\"https:\/\/www.diariandorra.ad\/la-contra\/240519\/nena-ja-vaig-escollir-com-volia-fos-meva-habitacio_151315.html\" target=\"_blank\">\n\t\t\t\t\t\t\t<img decoding=\"async\" width=\"768\" height=\"794\" src=\"https:\/\/padresinteriors.com\/wp-content\/uploads\/2024\/05\/diaridandorra-768x794.jpg\" class=\"attachment-medium_large size-medium_large wp-image-1986\" alt=\"\" srcset=\"https:\/\/padresinteriors.com\/wp-content\/uploads\/2024\/05\/diaridandorra-768x794.jpg 768w, https:\/\/padresinteriors.com\/wp-content\/uploads\/2024\/05\/diaridandorra-290x300.jpg 290w, https:\/\/padresinteriors.com\/wp-content\/uploads\/2024\/05\/diaridandorra.jpg 822w\" sizes=\"(max-width: 768px) 100vw, 768px\" \/>\t\t\t\t\t\t\t\t<\/a>\n\t\t\t\t\t\t\t\t\t\t\t\t\t\t\t<\/div>\n\t\t\t\t<\/div>\n\t\t\t\t<div class=\"elementor-element elementor-element-d7fdf37 elementor-widget elementor-widget-heading\" data-id=\"d7fdf37\" data-element_type=\"widget\" data-e-type=\"widget\" data-widget_type=\"heading.default\">\n\t\t\t\t<div class=\"elementor-widget-container\">\n\t\t\t\t\t<h2 class=\"elementor-heading-title elementor-size-default\"><a href=\"https:\/\/www.diariandorra.ad\/la-contra\/240519\/nena-ja-vaig-escollir-com-volia-fos-meva-habitacio_151315.html\" target=\"_blank\">Diari d'Andorra<\/a><\/h2>\t\t\t\t<\/div>\n\t\t\t\t<\/div>\n\t\t\t\t<div class=\"elementor-element elementor-element-fd21f4c elementor-widget elementor-widget-text-editor\" data-id=\"fd21f4c\" data-element_type=\"widget\" data-e-type=\"widget\" data-widget_type=\"text-editor.default\">\n\t\t\t\t<div class=\"elementor-widget-container\">\n\t\t\t\t\t\t\t\t\t<p>19 MAIG 2024<\/p>\t\t\t\t\t\t\t\t<\/div>\n\t\t\t\t<\/div>\n\t\t\t\t<\/div>\n\t\t\t\t<\/div>\n\t\t<div class=\"elementor-element elementor-element-0ce709e e-con-full e-flex e-con e-child\" data-id=\"0ce709e\" data-element_type=\"container\" data-e-type=\"container\">\n\t\t<div class=\"elementor-element elementor-element-8ce98ee e-con-full e-flex e-con e-child\" data-id=\"8ce98ee\" data-element_type=\"container\" data-e-type=\"container\">\n\t\t\t\t<div class=\"elementor-element elementor-element-094c9cf elementor-widget elementor-widget-image\" data-id=\"094c9cf\" data-element_type=\"widget\" data-e-type=\"widget\" data-widget_type=\"image.default\">\n\t\t\t\t<div class=\"elementor-widget-container\">\n\t\t\t\t\t\t\t\t\t\t\t\t\t\t\t\t<a href=\"https:\/\/drive.google.com\/file\/d\/1QRwJSBEI3QCzu0pQnPgawYNUehunEFm-\/view?usp=sharing\" target=\"_blank\">\n\t\t\t\t\t\t\t<img decoding=\"async\" width=\"768\" height=\"530\" src=\"https:\/\/padresinteriors.com\/wp-content\/uploads\/2024\/07\/ARTICULO-PADRES-e1719940232618-768x530.png\" class=\"attachment-medium_large size-medium_large wp-image-2000\" alt=\"\" srcset=\"https:\/\/padresinteriors.com\/wp-content\/uploads\/2024\/07\/ARTICULO-PADRES-e1719940232618-768x530.png 768w, https:\/\/padresinteriors.com\/wp-content\/uploads\/2024\/07\/ARTICULO-PADRES-e1719940232618-300x207.png 300w, https:\/\/padresinteriors.com\/wp-content\/uploads\/2024\/07\/ARTICULO-PADRES-e1719940232618-1024x707.png 1024w, https:\/\/padresinteriors.com\/wp-content\/uploads\/2024\/07\/ARTICULO-PADRES-e1719940232618-1536x1060.png 1536w, https:\/\/padresinteriors.com\/wp-content\/uploads\/2024\/07\/ARTICULO-PADRES-e1719940232618-2048x1413.png 2048w, https:\/\/padresinteriors.com\/wp-content\/uploads\/2024\/07\/ARTICULO-PADRES-e1719940232618-18x12.png 18w\" sizes=\"(max-width: 768px) 100vw, 768px\" \/>\t\t\t\t\t\t\t\t<\/a>\n\t\t\t\t\t\t\t\t\t\t\t\t\t\t\t<\/div>\n\t\t\t\t<\/div>\n\t\t\t\t<div class=\"elementor-element elementor-element-ee1252d elementor-widget elementor-widget-heading\" data-id=\"ee1252d\" data-element_type=\"widget\" data-e-type=\"widget\" data-widget_type=\"heading.default\">\n\t\t\t\t<div class=\"elementor-widget-container\">\n\t\t\t\t\t<h2 class=\"elementor-heading-title elementor-size-default\">EFSTYLE Magazine<\/h2>\t\t\t\t<\/div>\n\t\t\t\t<\/div>\n\t\t\t\t<div class=\"elementor-element elementor-element-aa07d09 elementor-widget elementor-widget-text-editor\" data-id=\"aa07d09\" data-element_type=\"widget\" data-e-type=\"widget\" data-widget_type=\"text-editor.default\">\n\t\t\t\t<div class=\"elementor-widget-container\">\n\t\t\t\t\t\t\t\t\t<p>28 JUNY 2024<\/p>\t\t\t\t\t\t\t\t<\/div>\n\t\t\t\t<\/div>\n\t\t\t\t<\/div>\n\t\t<div class=\"elementor-element elementor-element-4d1cdc7 e-con-full e-flex e-con e-child\" data-id=\"4d1cdc7\" data-element_type=\"container\" data-e-type=\"container\">\n\t\t\t\t<div class=\"elementor-element elementor-element-6dc06cb elementor-widget elementor-widget-image\" data-id=\"6dc06cb\" data-element_type=\"widget\" data-e-type=\"widget\" data-widget_type=\"image.default\">\n\t\t\t\t<div class=\"elementor-widget-container\">\n\t\t\t\t\t\t\t\t\t\t\t\t\t\t\t\t<a href=\"https:\/\/padresinteriors.com\/wp-content\/uploads\/2025\/11\/PADRESINTERIORS_Business2025.pdf\" target=\"_blank\">\n\t\t\t\t\t\t\t<img loading=\"lazy\" decoding=\"async\" width=\"768\" height=\"530\" src=\"https:\/\/padresinteriors.com\/wp-content\/uploads\/2025\/11\/ARTICULO-PADRES-Andorra-Business-768x530.jpg\" class=\"attachment-medium_large size-medium_large wp-image-2837\" alt=\"\" srcset=\"https:\/\/padresinteriors.com\/wp-content\/uploads\/2025\/11\/ARTICULO-PADRES-Andorra-Business-768x530.jpg 768w, https:\/\/padresinteriors.com\/wp-content\/uploads\/2025\/11\/ARTICULO-PADRES-Andorra-Business-300x207.jpg 300w, https:\/\/padresinteriors.com\/wp-content\/uploads\/2025\/11\/ARTICULO-PADRES-Andorra-Business-1024x707.jpg 1024w, https:\/\/padresinteriors.com\/wp-content\/uploads\/2025\/11\/ARTICULO-PADRES-Andorra-Business-1536x1060.jpg 1536w, https:\/\/padresinteriors.com\/wp-content\/uploads\/2025\/11\/ARTICULO-PADRES-Andorra-Business.jpg 1920w\" sizes=\"(max-width: 768px) 100vw, 768px\" \/>\t\t\t\t\t\t\t\t<\/a>\n\t\t\t\t\t\t\t\t\t\t\t\t\t\t\t<\/div>\n\t\t\t\t<\/div>\n\t\t\t\t<div class=\"elementor-element elementor-element-d18d13e elementor-widget elementor-widget-heading\" data-id=\"d18d13e\" data-element_type=\"widget\" data-e-type=\"widget\" data-widget_type=\"heading.default\">\n\t\t\t\t<div class=\"elementor-widget-container\">\n\t\t\t\t\t<h2 class=\"elementor-heading-title elementor-size-default\">ANDORRA Business<\/h2>\t\t\t\t<\/div>\n\t\t\t\t<\/div>\n\t\t\t\t<div class=\"elementor-element elementor-element-30b5851 elementor-widget elementor-widget-text-editor\" data-id=\"30b5851\" data-element_type=\"widget\" data-e-type=\"widget\" data-widget_type=\"text-editor.default\">\n\t\t\t\t<div class=\"elementor-widget-container\">\n\t\t\t\t\t\t\t\t\t<p>NOVEMBRE 2024<\/p>\t\t\t\t\t\t\t\t<\/div>\n\t\t\t\t<\/div>\n\t\t\t\t<\/div>\n\t\t\t\t<\/div>\n\t\t\t\t\t<\/div>\n\t\t\t\t<\/div>\n\t\t\t\t<\/div>\n\t\t","protected":false},"excerpt":{"rendered":"<p>El Peri\u00f3dico 29 FEBRER 2024 Diari d&#8217;Andorra 19 MAIG 2024 EFSTYLE Magazine 28 JUNY 2024 ANDORRA Business NOVEMBRE 2024<\/p>\n","protected":false},"author":1,"featured_media":0,"parent":0,"menu_order":0,"comment_status":"closed","ping_status":"closed","template":"elementor_header_footer","meta":{"footnotes":""},"class_list":["post-2008","page","type-page","status-publish","hentry"],"yoast_head":"<!-- This site is optimized with the Yoast SEO plugin v27.0 - https:\/\/yoast.com\/product\/yoast-seo-wordpress\/ -->\n<title>Not\u00edcies de l&#039;estudi Padr\u00e8s Interiors a la premsa<\/title>\n<meta name=\"description\" content=\"Estigues al dia de les darreres not\u00edcies, entrevistes i aparicions en mitjans sobre l&#039;estudi de disseny d&#039;interiors Padr\u00e8s Interiors.\" \/>\n<meta name=\"robots\" content=\"index, follow, max-snippet:-1, max-image-preview:large, max-video-preview:-1\" \/>\n<link rel=\"canonical\" href=\"https:\/\/padresinteriors.com\/ca\/premsa\/\" \/>\n<meta property=\"og:locale\" content=\"ca_ES\" \/>\n<meta property=\"og:type\" content=\"article\" \/>\n<meta property=\"og:title\" content=\"Not\u00edcies de l&#039;estudi Padr\u00e8s Interiors a la premsa\" \/>\n<meta property=\"og:description\" content=\"Estigues al dia de les darreres not\u00edcies, entrevistes i aparicions en mitjans sobre l&#039;estudi de disseny d&#039;interiors Padr\u00e8s Interiors.\" \/>\n<meta property=\"og:url\" content=\"https:\/\/padresinteriors.com\/ca\/premsa\/\" \/>\n<meta property=\"og:site_name\" content=\"Padr\u00e8s Interiors\" \/>\n<meta property=\"article:modified_time\" content=\"2026-01-14T23:06:27+00:00\" \/>\n<meta property=\"og:image\" content=\"https:\/\/padresinteriors.com\/wp-content\/uploads\/2024\/04\/PADRESINTERIORS_ELPERIODIC2024.jpg\" \/>\n\t<meta property=\"og:image:width\" content=\"1500\" \/>\n\t<meta property=\"og:image:height\" content=\"1551\" \/>\n\t<meta property=\"og:image:type\" content=\"image\/webp\" \/>\n<meta name=\"twitter:card\" content=\"summary_large_image\" \/>\n<script type=\"application\/ld+json\" class=\"yoast-schema-graph\">{\"@context\":\"https:\/\/schema.org\",\"@graph\":[{\"@type\":\"WebPage\",\"@id\":\"https:\/\/padresinteriors.com\/ca\/premsa\/\",\"url\":\"https:\/\/padresinteriors.com\/ca\/premsa\/\",\"name\":\"Not\u00edcies de l'estudi Padr\u00e8s Interiors a la premsa\",\"isPartOf\":{\"@id\":\"https:\/\/padresinteriors.com\/ca\/#website\"},\"primaryImageOfPage\":{\"@id\":\"https:\/\/padresinteriors.com\/ca\/premsa\/#primaryimage\"},\"image\":{\"@id\":\"https:\/\/padresinteriors.com\/ca\/premsa\/#primaryimage\"},\"thumbnailUrl\":\"https:\/\/padresinteriors.com\/wp-content\/uploads\/2024\/04\/PADRESINTERIORS_ELPERIODIC2024-990x1024.jpg\",\"datePublished\":\"2024-04-08T13:46:31+00:00\",\"dateModified\":\"2026-01-14T23:06:27+00:00\",\"description\":\"Estigues al dia de les darreres not\u00edcies, entrevistes i aparicions en mitjans sobre l'estudi de disseny d'interiors Padr\u00e8s Interiors.\",\"breadcrumb\":{\"@id\":\"https:\/\/padresinteriors.com\/ca\/premsa\/#breadcrumb\"},\"inLanguage\":\"ca\",\"potentialAction\":[{\"@type\":\"ReadAction\",\"target\":[\"https:\/\/padresinteriors.com\/ca\/premsa\/\"]}]},{\"@type\":\"ImageObject\",\"inLanguage\":\"ca\",\"@id\":\"https:\/\/padresinteriors.com\/ca\/premsa\/#primaryimage\",\"url\":\"https:\/\/padresinteriors.com\/wp-content\/uploads\/2024\/04\/PADRESINTERIORS_ELPERIODIC2024-990x1024.jpg\",\"contentUrl\":\"https:\/\/padresinteriors.com\/wp-content\/uploads\/2024\/04\/PADRESINTERIORS_ELPERIODIC2024-990x1024.jpg\"},{\"@type\":\"BreadcrumbList\",\"@id\":\"https:\/\/padresinteriors.com\/ca\/premsa\/#breadcrumb\",\"itemListElement\":[{\"@type\":\"ListItem\",\"position\":1,\"name\":\"Home\",\"item\":\"https:\/\/padresinteriors.com\/ca\/\"},{\"@type\":\"ListItem\",\"position\":2,\"name\":\"Premsa\"}]},{\"@type\":\"WebSite\",\"@id\":\"https:\/\/padresinteriors.com\/ca\/#website\",\"url\":\"https:\/\/padresinteriors.com\/ca\/\",\"name\":\"Padr\u00e8s Interiors\",\"description\":\"Interior Design. Luxury Home Decor in Andorra.\",\"publisher\":{\"@id\":\"https:\/\/padresinteriors.com\/ca\/#organization\"},\"potentialAction\":[{\"@type\":\"SearchAction\",\"target\":{\"@type\":\"EntryPoint\",\"urlTemplate\":\"https:\/\/padresinteriors.com\/ca\/?s={search_term_string}\"},\"query-input\":{\"@type\":\"PropertyValueSpecification\",\"valueRequired\":true,\"valueName\":\"search_term_string\"}}],\"inLanguage\":\"ca\"},{\"@type\":\"Organization\",\"@id\":\"https:\/\/padresinteriors.com\/ca\/#organization\",\"name\":\"Padr\u00e8s Interiors\",\"url\":\"https:\/\/padresinteriors.com\/ca\/\",\"logo\":{\"@type\":\"ImageObject\",\"inLanguage\":\"ca\",\"@id\":\"https:\/\/padresinteriors.com\/ca\/#\/schema\/logo\/image\/\",\"url\":\"https:\/\/padresinteriors.com\/wp-content\/uploads\/2024\/02\/PADRES_interiors_logo.svg\",\"contentUrl\":\"https:\/\/padresinteriors.com\/wp-content\/uploads\/2024\/02\/PADRES_interiors_logo.svg\",\"width\":160,\"height\":98,\"caption\":\"Padr\u00e8s Interiors\"},\"image\":{\"@id\":\"https:\/\/padresinteriors.com\/ca\/#\/schema\/logo\/image\/\"}}]}<\/script>\n<!-- \/ Yoast SEO plugin. -->","yoast_head_json":{"title":"Not\u00edcies de l'estudi Padr\u00e8s Interiors a la premsa","description":"Estigues al dia de les darreres not\u00edcies, entrevistes i aparicions en mitjans sobre l'estudi de disseny d'interiors Padr\u00e8s Interiors.","robots":{"index":"index","follow":"follow","max-snippet":"max-snippet:-1","max-image-preview":"max-image-preview:large","max-video-preview":"max-video-preview:-1"},"canonical":"https:\/\/padresinteriors.com\/ca\/premsa\/","og_locale":"ca_ES","og_type":"article","og_title":"Not\u00edcies de l'estudi Padr\u00e8s Interiors a la premsa","og_description":"Estigues al dia de les darreres not\u00edcies, entrevistes i aparicions en mitjans sobre l'estudi de disseny d'interiors Padr\u00e8s Interiors.","og_url":"https:\/\/padresinteriors.com\/ca\/premsa\/","og_site_name":"Padr\u00e8s Interiors","article_modified_time":"2026-01-14T23:06:27+00:00","og_image":[{"width":1500,"height":1551,"url":"https:\/\/padresinteriors.com\/wp-content\/uploads\/2024\/04\/PADRESINTERIORS_ELPERIODIC2024.jpg","type":"image\/webp"}],"twitter_card":"summary_large_image","schema":{"@context":"https:\/\/schema.org","@graph":[{"@type":"WebPage","@id":"https:\/\/padresinteriors.com\/ca\/premsa\/","url":"https:\/\/padresinteriors.com\/ca\/premsa\/","name":"Not\u00edcies de l'estudi Padr\u00e8s Interiors a la premsa","isPartOf":{"@id":"https:\/\/padresinteriors.com\/ca\/#website"},"primaryImageOfPage":{"@id":"https:\/\/padresinteriors.com\/ca\/premsa\/#primaryimage"},"image":{"@id":"https:\/\/padresinteriors.com\/ca\/premsa\/#primaryimage"},"thumbnailUrl":"https:\/\/padresinteriors.com\/wp-content\/uploads\/2024\/04\/PADRESINTERIORS_ELPERIODIC2024-990x1024.jpg","datePublished":"2024-04-08T13:46:31+00:00","dateModified":"2026-01-14T23:06:27+00:00","description":"Estigues al dia de les darreres not\u00edcies, entrevistes i aparicions en mitjans sobre l'estudi de disseny d'interiors Padr\u00e8s Interiors.","breadcrumb":{"@id":"https:\/\/padresinteriors.com\/ca\/premsa\/#breadcrumb"},"inLanguage":"ca","potentialAction":[{"@type":"ReadAction","target":["https:\/\/padresinteriors.com\/ca\/premsa\/"]}]},{"@type":"ImageObject","inLanguage":"ca","@id":"https:\/\/padresinteriors.com\/ca\/premsa\/#primaryimage","url":"https:\/\/padresinteriors.com\/wp-content\/uploads\/2024\/04\/PADRESINTERIORS_ELPERIODIC2024-990x1024.jpg","contentUrl":"https:\/\/padresinteriors.com\/wp-content\/uploads\/2024\/04\/PADRESINTERIORS_ELPERIODIC2024-990x1024.jpg"},{"@type":"BreadcrumbList","@id":"https:\/\/padresinteriors.com\/ca\/premsa\/#breadcrumb","itemListElement":[{"@type":"ListItem","position":1,"name":"Home","item":"https:\/\/padresinteriors.com\/ca\/"},{"@type":"ListItem","position":2,"name":"Premsa"}]},{"@type":"WebSite","@id":"https:\/\/padresinteriors.com\/ca\/#website","url":"https:\/\/padresinteriors.com\/ca\/","name":"Padr\u00e8s Interiors","description":"Interior Design. Luxury Home Decor in Andorra.","publisher":{"@id":"https:\/\/padresinteriors.com\/ca\/#organization"},"potentialAction":[{"@type":"SearchAction","target":{"@type":"EntryPoint","urlTemplate":"https:\/\/padresinteriors.com\/ca\/?s={search_term_string}"},"query-input":{"@type":"PropertyValueSpecification","valueRequired":true,"valueName":"search_term_string"}}],"inLanguage":"ca"},{"@type":"Organization","@id":"https:\/\/padresinteriors.com\/ca\/#organization","name":"Padr\u00e8s Interiors","url":"https:\/\/padresinteriors.com\/ca\/","logo":{"@type":"ImageObject","inLanguage":"ca","@id":"https:\/\/padresinteriors.com\/ca\/#\/schema\/logo\/image\/","url":"https:\/\/padresinteriors.com\/wp-content\/uploads\/2024\/02\/PADRES_interiors_logo.svg","contentUrl":"https:\/\/padresinteriors.com\/wp-content\/uploads\/2024\/02\/PADRES_interiors_logo.svg","width":160,"height":98,"caption":"Padr\u00e8s Interiors"},"image":{"@id":"https:\/\/padresinteriors.com\/ca\/#\/schema\/logo\/image\/"}}]}},"_links":{"self":[{"href":"https:\/\/padresinteriors.com\/ca\/wp-json\/wp\/v2\/pages\/2008","targetHints":{"allow":["GET"]}}],"collection":[{"href":"https:\/\/padresinteriors.com\/ca\/wp-json\/wp\/v2\/pages"}],"about":[{"href":"https:\/\/padresinteriors.com\/ca\/wp-json\/wp\/v2\/types\/page"}],"author":[{"embeddable":true,"href":"https:\/\/padresinteriors.com\/ca\/wp-json\/wp\/v2\/users\/1"}],"replies":[{"embeddable":true,"href":"https:\/\/padresinteriors.com\/ca\/wp-json\/wp\/v2\/comments?post=2008"}],"version-history":[{"count":8,"href":"https:\/\/padresinteriors.com\/ca\/wp-json\/wp\/v2\/pages\/2008\/revisions"}],"predecessor-version":[{"id":2927,"href":"https:\/\/padresinteriors.com\/ca\/wp-json\/wp\/v2\/pages\/2008\/revisions\/2927"}],"wp:attachment":[{"href":"https:\/\/padresinteriors.com\/ca\/wp-json\/wp\/v2\/media?parent=2008"}],"curies":[{"name":"wp","href":"https:\/\/api.w.org\/{rel}","templated":true}]}}