{"id":2006,"date":"2024-03-13T15:31:49","date_gmt":"2024-03-13T15:31:49","guid":{"rendered":"https:\/\/padresinteriors.com\/estudi\/"},"modified":"2025-03-25T15:30:19","modified_gmt":"2025-03-25T15:30:19","slug":"estudi","status":"publish","type":"page","link":"https:\/\/padresinteriors.com\/ca\/estudi\/","title":{"rendered":"Estudi"},"content":{"rendered":"\t\t<div data-elementor-type=\"wp-page\" data-elementor-id=\"2006\" class=\"elementor elementor-2006 elementor-156\" data-elementor-post-type=\"page\">\n\t\t\t\t<div class=\"elementor-element elementor-element-b5bd2c0 e-con-full e-flex e-con e-parent\" data-id=\"b5bd2c0\" data-element_type=\"container\" data-e-type=\"container\">\n\t\t<div class=\"elementor-element elementor-element-dfec224 e-con-full e-flex e-con e-child\" data-id=\"dfec224\" data-element_type=\"container\" data-e-type=\"container\">\n\t\t\t\t<div class=\"elementor-element elementor-element-9ff6e08 elementor-widget elementor-widget-image\" data-id=\"9ff6e08\" data-element_type=\"widget\" data-e-type=\"widget\" data-widget_type=\"image.default\">\n\t\t\t\t<div class=\"elementor-widget-container\">\n\t\t\t\t\t\t\t\t\t\t\t\t\t\t\t<img fetchpriority=\"high\" decoding=\"async\" width=\"1440\" height=\"2160\" src=\"https:\/\/padresinteriors.com\/wp-content\/uploads\/2024\/04\/montsepadresportait.jpg\" class=\"attachment-full size-full wp-image-1848\" alt=\"\" srcset=\"https:\/\/padresinteriors.com\/wp-content\/uploads\/2024\/04\/montsepadresportait.jpg 1440w, https:\/\/padresinteriors.com\/wp-content\/uploads\/2024\/04\/montsepadresportait-200x300.jpg 200w, https:\/\/padresinteriors.com\/wp-content\/uploads\/2024\/04\/montsepadresportait-683x1024.jpg 683w, https:\/\/padresinteriors.com\/wp-content\/uploads\/2024\/04\/montsepadresportait-768x1152.jpg 768w, https:\/\/padresinteriors.com\/wp-content\/uploads\/2024\/04\/montsepadresportait-1024x1536.jpg 1024w, https:\/\/padresinteriors.com\/wp-content\/uploads\/2024\/04\/montsepadresportait-1365x2048.jpg 1365w\" sizes=\"(max-width: 1440px) 100vw, 1440px\" \/>\t\t\t\t\t\t\t\t\t\t\t\t\t\t\t<\/div>\n\t\t\t\t<\/div>\n\t\t\t\t<\/div>\n\t\t<div class=\"elementor-element elementor-element-0f6eb13 e-con-full e-flex e-con e-child\" data-id=\"0f6eb13\" data-element_type=\"container\" data-e-type=\"container\">\n\t\t\t\t<div class=\"elementor-element elementor-element-54af955 elementor-widget elementor-widget-image\" data-id=\"54af955\" data-element_type=\"widget\" data-e-type=\"widget\" data-widget_type=\"image.default\">\n\t\t\t\t<div class=\"elementor-widget-container\">\n\t\t\t\t\t\t\t\t\t\t\t\t\t\t\t<img decoding=\"async\" width=\"1440\" height=\"2087\" src=\"https:\/\/padresinteriors.com\/wp-content\/uploads\/2024\/04\/padresinteriors-about0.jpg\" class=\"attachment-full size-full wp-image-1850\" alt=\"\" srcset=\"https:\/\/padresinteriors.com\/wp-content\/uploads\/2024\/04\/padresinteriors-about0.jpg 1440w, https:\/\/padresinteriors.com\/wp-content\/uploads\/2024\/04\/padresinteriors-about0-207x300.jpg 207w, https:\/\/padresinteriors.com\/wp-content\/uploads\/2024\/04\/padresinteriors-about0-707x1024.jpg 707w, https:\/\/padresinteriors.com\/wp-content\/uploads\/2024\/04\/padresinteriors-about0-768x1113.jpg 768w, https:\/\/padresinteriors.com\/wp-content\/uploads\/2024\/04\/padresinteriors-about0-1060x1536.jpg 1060w, https:\/\/padresinteriors.com\/wp-content\/uploads\/2024\/04\/padresinteriors-about0-1413x2048.jpg 1413w\" sizes=\"(max-width: 1440px) 100vw, 1440px\" \/>\t\t\t\t\t\t\t\t\t\t\t\t\t\t\t<\/div>\n\t\t\t\t<\/div>\n\t\t\t\t<\/div>\n\t\t<div class=\"elementor-element elementor-element-a6d208e e-con-full e-flex e-con e-child\" data-id=\"a6d208e\" data-element_type=\"container\" data-e-type=\"container\">\n\t\t\t\t<div class=\"elementor-element elementor-element-3d52d18 elementor-widget elementor-widget-image\" data-id=\"3d52d18\" data-element_type=\"widget\" data-e-type=\"widget\" data-widget_type=\"image.default\">\n\t\t\t\t<div class=\"elementor-widget-container\">\n\t\t\t\t\t\t\t\t\t\t\t\t\t\t\t<img decoding=\"async\" width=\"1440\" height=\"2160\" src=\"https:\/\/padresinteriors.com\/wp-content\/uploads\/2024\/04\/padresinteriors-about2.jpg\" class=\"attachment-full size-full wp-image-1852\" alt=\"\" srcset=\"https:\/\/padresinteriors.com\/wp-content\/uploads\/2024\/04\/padresinteriors-about2.jpg 1440w, https:\/\/padresinteriors.com\/wp-content\/uploads\/2024\/04\/padresinteriors-about2-200x300.jpg 200w, https:\/\/padresinteriors.com\/wp-content\/uploads\/2024\/04\/padresinteriors-about2-683x1024.jpg 683w, https:\/\/padresinteriors.com\/wp-content\/uploads\/2024\/04\/padresinteriors-about2-768x1152.jpg 768w, https:\/\/padresinteriors.com\/wp-content\/uploads\/2024\/04\/padresinteriors-about2-1024x1536.jpg 1024w, https:\/\/padresinteriors.com\/wp-content\/uploads\/2024\/04\/padresinteriors-about2-1365x2048.jpg 1365w\" sizes=\"(max-width: 1440px) 100vw, 1440px\" \/>\t\t\t\t\t\t\t\t\t\t\t\t\t\t\t<\/div>\n\t\t\t\t<\/div>\n\t\t\t\t<\/div>\n\t\t\t\t<\/div>\n\t\t<div class=\"elementor-element elementor-element-7e03646 e-con-full e-flex e-con e-parent\" data-id=\"7e03646\" data-element_type=\"container\" data-e-type=\"container\">\n\t\t<div class=\"elementor-element elementor-element-ced2acb e-con-full e-flex e-con e-child\" data-id=\"ced2acb\" data-element_type=\"container\" data-e-type=\"container\">\n\t\t\t\t<div class=\"elementor-element elementor-element-1914616 elementor-widget elementor-widget-heading\" data-id=\"1914616\" data-element_type=\"widget\" data-e-type=\"widget\" data-widget_type=\"heading.default\">\n\t\t\t\t<div class=\"elementor-widget-container\">\n\t\t\t\t\t<h2 class=\"elementor-heading-title elementor-size-default\">ESTUDI<\/h2>\t\t\t\t<\/div>\n\t\t\t\t<\/div>\n\t\t\t\t<\/div>\n\t\t<div class=\"elementor-element elementor-element-596bafd e-con-full e-flex e-con e-child\" data-id=\"596bafd\" data-element_type=\"container\" data-e-type=\"container\">\n\t\t\t\t<div class=\"elementor-element elementor-element-2d2da96 elementor-widget elementor-widget-text-editor\" data-id=\"2d2da96\" data-element_type=\"widget\" data-e-type=\"widget\" data-widget_type=\"text-editor.default\">\n\t\t\t\t<div class=\"elementor-widget-container\">\n\t\t\t\t\t\t\t\t\t<p><span style=\"font-weight: 400;\">Instal\u00b7lada a Andorra des de fa uns anys i despr\u00e9s de tota una vida de passi\u00f3 per concebre ambients \u00fanics i bells, Montse es va formar en la disciplina del disseny i guiada per la seva creativitat el 2022 va fundar el seu propi estudi per seguir amb determinaci\u00f3 el seu cam\u00ed al m\u00f3n del disseny. <\/span><\/p>\n<p><span style=\"font-weight: 400;\">Amb Montse Padr\u00e8s al capdavant de la direcci\u00f3 creativa, l&#8217;estudi proveeix serveis integrals d&#8217;interiorisme i decoraci\u00f3, oferint tamb\u00e9 la possibilitat d&#8217;una soluci\u00f3 completa clau en m\u00e0, des de la concepci\u00f3 fins a la finalitzaci\u00f3.<\/span><\/p>\n<p><span style=\"font-weight: 400;\">Creem entorns totalment personalitzats amb un enfocament distintiu i orientat al detall que responen a la pr\u00f2pia ess\u00e8ncia i singularitat de cada espai, i als gustos i requeriments dels futurs ocupants, assegurant-ne tant la bellesa com la funcionalitat, valors que regeixen el cor del nostre estudi.<\/span><\/p>\n<p><span style=\"font-weight: 400;\">Cada part del projecte est\u00e0 dissenyada amb molta cura, combinant una paleta de colors i materials seleccionada.<\/span><\/p>\n<p><span style=\"font-weight: 400;\">L&#8217;estudi s&#8217;esfor\u00e7a cada dia per oferir alts nivells de servei i personalitzaci\u00f3, per aix\u00f2 treballem en col\u00b7laboraci\u00f3 amb artistes i artesans locals i estrangers per encarregar les obres i aconseguir donar vida a les il\u00b7lusions dels nostres clients.<\/span><\/p>\n<p class=\"\" data-start=\"67\" data-end=\"363\">T&#8217;has plantejat renovar casa teva per\u00f2 no saps per on comen\u00e7ar? <span style=\"color: var( --e-global-color-text ); font-family: var( --e-global-typography-text-font-family ), Sans-serif; font-size: var( --e-global-typography-text-font-size ); font-weight: var( --e-global-typography-text-font-weight ); text-align: var(--text-align); background-color: var( --e-global-color-896073b );\">\u00c9s normal sentir-se aclaparat amb tantes opcions de disseny i estils decoratius. Si us costa decidir-vos o no teniu coneixements sobre materials i tend\u00e8ncies, comptar amb l&#8217;ajuda d&#8217;un professional pot marcar la difer\u00e8ncia. <\/span><\/p>\n<p class=\"\" data-start=\"365\" data-end=\"672\">Al nostre <strong data-start=\"376\" data-end=\"414\">estudi d&#8217;interiorisme a Andorra<\/strong> t&#8217;acompanyem en tot el proc\u00e9s per transformar el teu habitatge en un espai funcional, harmoni\u00f3s i amb personalitat. Som especialistes en dissenyar interiors que reflecteixin el teu estil i s&#8217;adaptin a les teves necessitats di\u00e0ries, sempre amb un enfocament integral.<\/p>\n<p class=\"\" data-start=\"674\" data-end=\"1045\">Tant si viviu a Andorra, com si necessiteu renovar la vostra segona resid\u00e8ncia al pa\u00eds, el nostre equip d&#8217;experts us assessorar\u00e0 en cada detall, des de la planificaci\u00f3 fins a l&#8217;elecci\u00f3 de materials i mobiliari. Amb l&#8217;experi\u00e8ncia d&#8217;un <strong data-start=\"905\" data-end=\"932\">interiorista a Andorra<\/strong> , el vostre projecte ser\u00e0 gestionat amb professionalisme i cuidant cada aspecte per aconseguir un resultat excepcional.<\/p>\n<p class=\"\" data-start=\"1047\" data-end=\"1181\">Deixa&#8217;ns ajudar-te a convertir la teva llar en un espai \u00fanic.&nbsp;<span style=\"color: var( --e-global-color-text ); font-family: var( --e-global-typography-text-font-family ), Sans-serif; font-size: var( --e-global-typography-text-font-size ); font-weight: var( --e-global-typography-text-font-weight ); text-align: var(--text-align); background-color: var( --e-global-color-896073b );\">Contacta&#8217;ns i descobreix com podem fer realitat la casa dels teus somnis.<\/span><\/p>\t\t\t\t\t\t\t\t<\/div>\n\t\t\t\t<\/div>\n\t\t\t\t<\/div>\n\t\t\t\t<\/div>\n\t\t\t\t<\/div>\n\t\t","protected":false},"excerpt":{"rendered":"<p>ESTUDI Instal\u00b7lada a Andorra des de fa uns anys i despr\u00e9s de tota una vida de passi\u00f3 per concebre ambients \u00fanics i bells, Montse es va formar en la disciplina del disseny i guiada per la seva creativitat el 2022 va fundar el seu propi estudi per seguir amb determinaci\u00f3 el seu cam\u00ed al m\u00f3n [&hellip;]<\/p>\n","protected":false},"author":1,"featured_media":0,"parent":0,"menu_order":0,"comment_status":"closed","ping_status":"closed","template":"elementor_header_footer","meta":{"footnotes":""},"class_list":["post-2006","page","type-page","status-publish","hentry"],"yoast_head":"<!-- This site is optimized with the Yoast SEO plugin v27.0 - https:\/\/yoast.com\/product\/yoast-seo-wordpress\/ -->\n<title>Estudi d&#039;interiorisme Padr\u00e8s Interiors a Andorra<\/title>\n<meta name=\"description\" content=\"Coneix-nos millor i descobreix com el nostre equip d experts en disseny crea solucions a mesura que transformen espais a Andorra.\" \/>\n<meta name=\"robots\" content=\"index, follow, max-snippet:-1, max-image-preview:large, max-video-preview:-1\" \/>\n<link rel=\"canonical\" href=\"https:\/\/padresinteriors.com\/ca\/estudi\/\" \/>\n<meta property=\"og:locale\" content=\"ca_ES\" \/>\n<meta property=\"og:type\" content=\"article\" \/>\n<meta property=\"og:title\" content=\"Estudi d&#039;interiorisme Padr\u00e8s Interiors a Andorra\" \/>\n<meta property=\"og:description\" content=\"Coneix-nos millor i descobreix com el nostre equip d experts en disseny crea solucions a mesura que transformen espais a Andorra.\" \/>\n<meta property=\"og:url\" content=\"https:\/\/padresinteriors.com\/ca\/estudi\/\" \/>\n<meta property=\"og:site_name\" content=\"Padr\u00e8s Interiors\" \/>\n<meta property=\"article:modified_time\" content=\"2025-03-25T15:30:19+00:00\" \/>\n<meta property=\"og:image\" content=\"https:\/\/padresinteriors.com\/wp-content\/uploads\/2024\/04\/montsepadresportait.jpg\" \/>\n\t<meta property=\"og:image:width\" content=\"1440\" \/>\n\t<meta property=\"og:image:height\" content=\"2160\" \/>\n\t<meta property=\"og:image:type\" content=\"image\/webp\" \/>\n<meta name=\"twitter:card\" content=\"summary_large_image\" \/>\n<meta name=\"twitter:label1\" content=\"Temps estimat de lectura\" \/>\n\t<meta name=\"twitter:data1\" content=\"3 minuts\" \/>\n<script type=\"application\/ld+json\" class=\"yoast-schema-graph\">{\"@context\":\"https:\/\/schema.org\",\"@graph\":[{\"@type\":\"WebPage\",\"@id\":\"https:\/\/padresinteriors.com\/ca\/estudi\/\",\"url\":\"https:\/\/padresinteriors.com\/ca\/estudi\/\",\"name\":\"Estudi d'interiorisme Padr\u00e8s Interiors a Andorra\",\"isPartOf\":{\"@id\":\"https:\/\/padresinteriors.com\/ca\/#website\"},\"primaryImageOfPage\":{\"@id\":\"https:\/\/padresinteriors.com\/ca\/estudi\/#primaryimage\"},\"image\":{\"@id\":\"https:\/\/padresinteriors.com\/ca\/estudi\/#primaryimage\"},\"thumbnailUrl\":\"https:\/\/padresinteriors.com\/wp-content\/uploads\/2024\/04\/montsepadresportait.jpg\",\"datePublished\":\"2024-03-13T15:31:49+00:00\",\"dateModified\":\"2025-03-25T15:30:19+00:00\",\"description\":\"Coneix-nos millor i descobreix com el nostre equip d experts en disseny crea solucions a mesura que transformen espais a Andorra.\",\"breadcrumb\":{\"@id\":\"https:\/\/padresinteriors.com\/ca\/estudi\/#breadcrumb\"},\"inLanguage\":\"ca\",\"potentialAction\":[{\"@type\":\"ReadAction\",\"target\":[\"https:\/\/padresinteriors.com\/ca\/estudi\/\"]}]},{\"@type\":\"ImageObject\",\"inLanguage\":\"ca\",\"@id\":\"https:\/\/padresinteriors.com\/ca\/estudi\/#primaryimage\",\"url\":\"https:\/\/padresinteriors.com\/wp-content\/uploads\/2024\/04\/montsepadresportait.jpg\",\"contentUrl\":\"https:\/\/padresinteriors.com\/wp-content\/uploads\/2024\/04\/montsepadresportait.jpg\"},{\"@type\":\"BreadcrumbList\",\"@id\":\"https:\/\/padresinteriors.com\/ca\/estudi\/#breadcrumb\",\"itemListElement\":[{\"@type\":\"ListItem\",\"position\":1,\"name\":\"Home\",\"item\":\"https:\/\/padresinteriors.com\/ca\/\"},{\"@type\":\"ListItem\",\"position\":2,\"name\":\"Estudi\"}]},{\"@type\":\"WebSite\",\"@id\":\"https:\/\/padresinteriors.com\/ca\/#website\",\"url\":\"https:\/\/padresinteriors.com\/ca\/\",\"name\":\"Padr\u00e8s Interiors\",\"description\":\"Interior Design. Luxury Home Decor in Andorra.\",\"publisher\":{\"@id\":\"https:\/\/padresinteriors.com\/ca\/#organization\"},\"potentialAction\":[{\"@type\":\"SearchAction\",\"target\":{\"@type\":\"EntryPoint\",\"urlTemplate\":\"https:\/\/padresinteriors.com\/ca\/?s={search_term_string}\"},\"query-input\":{\"@type\":\"PropertyValueSpecification\",\"valueRequired\":true,\"valueName\":\"search_term_string\"}}],\"inLanguage\":\"ca\"},{\"@type\":\"Organization\",\"@id\":\"https:\/\/padresinteriors.com\/ca\/#organization\",\"name\":\"Padr\u00e8s Interiors\",\"url\":\"https:\/\/padresinteriors.com\/ca\/\",\"logo\":{\"@type\":\"ImageObject\",\"inLanguage\":\"ca\",\"@id\":\"https:\/\/padresinteriors.com\/ca\/#\/schema\/logo\/image\/\",\"url\":\"https:\/\/padresinteriors.com\/wp-content\/uploads\/2024\/02\/PADRES_interiors_logo.svg\",\"contentUrl\":\"https:\/\/padresinteriors.com\/wp-content\/uploads\/2024\/02\/PADRES_interiors_logo.svg\",\"width\":160,\"height\":98,\"caption\":\"Padr\u00e8s Interiors\"},\"image\":{\"@id\":\"https:\/\/padresinteriors.com\/ca\/#\/schema\/logo\/image\/\"}}]}<\/script>\n<!-- \/ Yoast SEO plugin. -->","yoast_head_json":{"title":"Estudi d'interiorisme Padr\u00e8s Interiors a Andorra","description":"Coneix-nos millor i descobreix com el nostre equip d experts en disseny crea solucions a mesura que transformen espais a Andorra.","robots":{"index":"index","follow":"follow","max-snippet":"max-snippet:-1","max-image-preview":"max-image-preview:large","max-video-preview":"max-video-preview:-1"},"canonical":"https:\/\/padresinteriors.com\/ca\/estudi\/","og_locale":"ca_ES","og_type":"article","og_title":"Estudi d'interiorisme Padr\u00e8s Interiors a Andorra","og_description":"Coneix-nos millor i descobreix com el nostre equip d experts en disseny crea solucions a mesura que transformen espais a Andorra.","og_url":"https:\/\/padresinteriors.com\/ca\/estudi\/","og_site_name":"Padr\u00e8s Interiors","article_modified_time":"2025-03-25T15:30:19+00:00","og_image":[{"width":1440,"height":2160,"url":"https:\/\/padresinteriors.com\/wp-content\/uploads\/2024\/04\/montsepadresportait.jpg","type":"image\/webp"}],"twitter_card":"summary_large_image","twitter_misc":{"Temps estimat de lectura":"3 minuts"},"schema":{"@context":"https:\/\/schema.org","@graph":[{"@type":"WebPage","@id":"https:\/\/padresinteriors.com\/ca\/estudi\/","url":"https:\/\/padresinteriors.com\/ca\/estudi\/","name":"Estudi d'interiorisme Padr\u00e8s Interiors a Andorra","isPartOf":{"@id":"https:\/\/padresinteriors.com\/ca\/#website"},"primaryImageOfPage":{"@id":"https:\/\/padresinteriors.com\/ca\/estudi\/#primaryimage"},"image":{"@id":"https:\/\/padresinteriors.com\/ca\/estudi\/#primaryimage"},"thumbnailUrl":"https:\/\/padresinteriors.com\/wp-content\/uploads\/2024\/04\/montsepadresportait.jpg","datePublished":"2024-03-13T15:31:49+00:00","dateModified":"2025-03-25T15:30:19+00:00","description":"Coneix-nos millor i descobreix com el nostre equip d experts en disseny crea solucions a mesura que transformen espais a Andorra.","breadcrumb":{"@id":"https:\/\/padresinteriors.com\/ca\/estudi\/#breadcrumb"},"inLanguage":"ca","potentialAction":[{"@type":"ReadAction","target":["https:\/\/padresinteriors.com\/ca\/estudi\/"]}]},{"@type":"ImageObject","inLanguage":"ca","@id":"https:\/\/padresinteriors.com\/ca\/estudi\/#primaryimage","url":"https:\/\/padresinteriors.com\/wp-content\/uploads\/2024\/04\/montsepadresportait.jpg","contentUrl":"https:\/\/padresinteriors.com\/wp-content\/uploads\/2024\/04\/montsepadresportait.jpg"},{"@type":"BreadcrumbList","@id":"https:\/\/padresinteriors.com\/ca\/estudi\/#breadcrumb","itemListElement":[{"@type":"ListItem","position":1,"name":"Home","item":"https:\/\/padresinteriors.com\/ca\/"},{"@type":"ListItem","position":2,"name":"Estudi"}]},{"@type":"WebSite","@id":"https:\/\/padresinteriors.com\/ca\/#website","url":"https:\/\/padresinteriors.com\/ca\/","name":"Padr\u00e8s Interiors","description":"Interior Design. Luxury Home Decor in Andorra.","publisher":{"@id":"https:\/\/padresinteriors.com\/ca\/#organization"},"potentialAction":[{"@type":"SearchAction","target":{"@type":"EntryPoint","urlTemplate":"https:\/\/padresinteriors.com\/ca\/?s={search_term_string}"},"query-input":{"@type":"PropertyValueSpecification","valueRequired":true,"valueName":"search_term_string"}}],"inLanguage":"ca"},{"@type":"Organization","@id":"https:\/\/padresinteriors.com\/ca\/#organization","name":"Padr\u00e8s Interiors","url":"https:\/\/padresinteriors.com\/ca\/","logo":{"@type":"ImageObject","inLanguage":"ca","@id":"https:\/\/padresinteriors.com\/ca\/#\/schema\/logo\/image\/","url":"https:\/\/padresinteriors.com\/wp-content\/uploads\/2024\/02\/PADRES_interiors_logo.svg","contentUrl":"https:\/\/padresinteriors.com\/wp-content\/uploads\/2024\/02\/PADRES_interiors_logo.svg","width":160,"height":98,"caption":"Padr\u00e8s Interiors"},"image":{"@id":"https:\/\/padresinteriors.com\/ca\/#\/schema\/logo\/image\/"}}]}},"_links":{"self":[{"href":"https:\/\/padresinteriors.com\/ca\/wp-json\/wp\/v2\/pages\/2006","targetHints":{"allow":["GET"]}}],"collection":[{"href":"https:\/\/padresinteriors.com\/ca\/wp-json\/wp\/v2\/pages"}],"about":[{"href":"https:\/\/padresinteriors.com\/ca\/wp-json\/wp\/v2\/types\/page"}],"author":[{"embeddable":true,"href":"https:\/\/padresinteriors.com\/ca\/wp-json\/wp\/v2\/users\/1"}],"replies":[{"embeddable":true,"href":"https:\/\/padresinteriors.com\/ca\/wp-json\/wp\/v2\/comments?post=2006"}],"version-history":[{"count":5,"href":"https:\/\/padresinteriors.com\/ca\/wp-json\/wp\/v2\/pages\/2006\/revisions"}],"predecessor-version":[{"id":2638,"href":"https:\/\/padresinteriors.com\/ca\/wp-json\/wp\/v2\/pages\/2006\/revisions\/2638"}],"wp:attachment":[{"href":"https:\/\/padresinteriors.com\/ca\/wp-json\/wp\/v2\/media?parent=2006"}],"curies":[{"name":"wp","href":"https:\/\/api.w.org\/{rel}","templated":true}]}}